{"id":5327,"date":"2025-01-09T17:08:43","date_gmt":"2025-01-09T16:08:43","guid":{"rendered":"https:\/\/compraencieza.es\/?post_type=product&#038;p=5327"},"modified":"2025-01-09T17:26:10","modified_gmt":"2025-01-09T16:26:10","slug":"obire-valeriana-400-mg-60-comprimidos","status":"publish","type":"product","link":"https:\/\/compraencieza.es\/en\/product\/obire-valeriana-400-mg-60-comprimidos\/","title":{"rendered":"OBIRE VALERIANA 400 MG 60 TABLETS"},"content":{"rendered":"<p><strong>Propiedades y beneficios:<\/strong><br \/>\nIndicado para casos de nerviosismo, problemas de sue\u00f1o o estr\u00e9s gracias a sus propiedades relajantes y calmantes, consiguiendo un sue\u00f1o reparador y de calidad.<\/p>\n<p><strong>Forma de consumo:<\/strong><br \/>\nSe recomienda tomar de 1 a 2 c\u00e1psulas al d\u00eda. Para conciliar el sue\u00f1o, tomarlas 1 hora antes de acostarse.<\/p>\n<p><strong>Composici\u00f3n:<\/strong><br \/>\nAdhesivo (Almid\u00f3n de Ma\u00edz), Humectante (Maltodextrina), Endurecedor (Fosfato C\u00e1lcico Dib\u00e1sico), Antiaglomerante (Talco), Amapola californiana E.S (Esxholtzia californiana) (31,25 mg=125 mg de planta polvo), Valeriana E.S. (Valeriana officinalis) (30mg=150mg de planta polvo), 5-HTP (5 mg), Passiflora E.S. (Passiflora incamata L.) (20mg=100 mg de planta polvo), Melisa E.S. (Melisa officinalis L.) (12,5 mg=63 mg de planta polvo), Tila E.S. (Tilia plathyphyllos scopoliet cordata Mill) (4,9=49 mg de planta polvo), Antiaglomerante (Estearato de Magnesio), Melatonina (1 mg), Antiaglomreante (Di\u00f3xido de Silicio).<\/p>","protected":false},"excerpt":{"rendered":"<p>Valeriana Complex (Ext. Seco) de Obire es un complemento alimenticio que a base de plantas con efecto relajante de gran ayuda en momentos de nerviosismo y estr\u00e9s.<\/p>","protected":false},"featured_media":3864,"comment_status":"open","ping_status":"closed","template":"","meta":{"_acf_changed":false,"inline_featured_image":false},"product_cat":[105],"product_tag":[114,115,116,117,118,119,120,121,122,123,124,125,126,127,128,129,130],"genre":[],"class_list":{"0":"post-5327","1":"product","2":"type-product","3":"status-publish","4":"has-post-thumbnail","6":"product_cat-salud","7":"product_tag-amapola","8":"product_tag-california","9":"product_tag-californiana","10":"product_tag-comprimido","11":"product_tag-dormir","12":"product_tag-ext","13":"product_tag-extr","14":"product_tag-extracto-seco","15":"product_tag-melatonina","16":"product_tag-melisa","17":"product_tag-melissa","18":"product_tag-pasiflora","19":"product_tag-passiflora","20":"product_tag-relajacion","21":"product_tag-relajante","22":"product_tag-tila","23":"product_tag-valeriana","25":"first","26":"instock","27":"taxable","28":"shipping-taxable","29":"purchasable","30":"product-type-simple","31":"add-to-wishlist-after_add_to_cart"},"acf":[],"_links":{"self":[{"href":"https:\/\/compraencieza.es\/en\/wp-json\/wp\/v2\/product\/5327","targetHints":{"allow":["GET"]}}],"collection":[{"href":"https:\/\/compraencieza.es\/en\/wp-json\/wp\/v2\/product"}],"about":[{"href":"https:\/\/compraencieza.es\/en\/wp-json\/wp\/v2\/types\/product"}],"replies":[{"embeddable":true,"href":"https:\/\/compraencieza.es\/en\/wp-json\/wp\/v2\/comments?post=5327"}],"wp:featuredmedia":[{"embeddable":true,"href":"https:\/\/compraencieza.es\/en\/wp-json\/wp\/v2\/media\/3864"}],"wp:attachment":[{"href":"https:\/\/compraencieza.es\/en\/wp-json\/wp\/v2\/media?parent=5327"}],"wp:term":[{"taxonomy":"product_cat","embeddable":true,"href":"https:\/\/compraencieza.es\/en\/wp-json\/wp\/v2\/product_cat?post=5327"},{"taxonomy":"product_tag","embeddable":true,"href":"https:\/\/compraencieza.es\/en\/wp-json\/wp\/v2\/product_tag?post=5327"},{"taxonomy":"product_brand","embeddable":true,"href":"https:\/\/compraencieza.es\/en\/wp-json\/wp\/v2\/genre?post=5327"}],"curies":[{"name":"wp","href":"https:\/\/api.w.org\/{rel}","templated":true}]}}