{"id":5328,"date":"2025-01-09T17:08:43","date_gmt":"2025-01-09T16:08:43","guid":{"rendered":"https:\/\/compraencieza.es\/?post_type=product&#038;p=5328"},"modified":"2025-01-09T17:26:10","modified_gmt":"2025-01-09T16:26:10","slug":"bio-oil-aceite-para-el-cuidado-de-la-piel-60ml","status":"publish","type":"product","link":"https:\/\/compraencieza.es\/en\/product\/bio-oil-aceite-para-el-cuidado-de-la-piel-60ml\/","title":{"rendered":"Bio-Oil Skin Care Oil 60ml"},"content":{"rendered":"<p>El aceite Bio-Oil es un producto recomendado por m\u00e9dicos y dermat\u00f3logos para el tratamiento de estr\u00edas, cicatrices, marcas en la piel y deshidrataci\u00f3n profunda. Se trata de un aceite no graso que ayuda a reconstruir la piel hidrat\u00e1ndola y nutri\u00e9ndola. La f\u00f3rmula de aceite Bio-Oil contiene: PurCellin Oil, aceite de cal\u00e9ndula, aceite de lavanda, aceite de romero, aceite de manzanilla, vitamina A y vitamina E. Si est\u00e1s embarazada o est\u00e1s perdiendo mucho peso, el aceite Bio-Oil te ayudar\u00e1 a mantener la piel con la elasticidad e hidrataci\u00f3n necesarias para evitar la aparici\u00f3n de estr\u00edas, y si ya las tienes con el uso continuado del aceite las marcas de las estr\u00edas se ir\u00e1n borrando. Con el uso continuado del aceite Bio-Oil tambi\u00e9n podr\u00e1s atenuar cicatrices, manchas y arrugas causadas por la deshidrataci\u00f3n.<\/p>\n<p>Bio-Oil es un aceite no graso, de textura c\u00f3moda y ligera, apto para todo tipo de pieles.<\/p>\n<p>Adem\u00e1s, aceite Bio-Oil no experimenta con animales y es una marca ecol\u00f3gicamente responsable.<\/p>","protected":false},"excerpt":{"rendered":"<p>Aceite no graso para tratar la estr\u00edas, cicatrices, marcas en la piel y la deshidrataci\u00f3n, manteniendo la elasticidad de tu piel.<\/p>","protected":false},"featured_media":3866,"comment_status":"open","ping_status":"closed","template":"","meta":{"_acf_changed":false,"inline_featured_image":false},"product_cat":[106],"product_tag":[131,132,133,134,135,136,137,138,139,140,141,142,143,144,145,146,147,148,149,150,151,152],"genre":[],"class_list":{"0":"post-5328","1":"product","2":"type-product","3":"status-publish","4":"has-post-thumbnail","6":"product_cat-belleza","7":"product_tag-aceite","8":"product_tag-anti","9":"product_tag-bio","10":"product_tag-celulitico","11":"product_tag-celulitis","12":"product_tag-cicatrices","13":"product_tag-cosmetic","14":"product_tag-cosmetico","15":"product_tag-crema","16":"product_tag-elasticidad","17":"product_tag-embarazada","18":"product_tag-estrias","19":"product_tag-grasa","20":"product_tag-hidrata","21":"product_tag-hidratacion","22":"product_tag-hidratante","23":"product_tag-marcas","24":"product_tag-oil","25":"product_tag-pomada","26":"product_tag-reduce","27":"product_tag-reductor","28":"product_tag-somatoline","30":"first","31":"instock","32":"taxable","33":"shipping-taxable","34":"purchasable","35":"product-type-simple","36":"add-to-wishlist-after_add_to_cart"},"acf":[],"_links":{"self":[{"href":"https:\/\/compraencieza.es\/en\/wp-json\/wp\/v2\/product\/5328","targetHints":{"allow":["GET"]}}],"collection":[{"href":"https:\/\/compraencieza.es\/en\/wp-json\/wp\/v2\/product"}],"about":[{"href":"https:\/\/compraencieza.es\/en\/wp-json\/wp\/v2\/types\/product"}],"replies":[{"embeddable":true,"href":"https:\/\/compraencieza.es\/en\/wp-json\/wp\/v2\/comments?post=5328"}],"wp:featuredmedia":[{"embeddable":true,"href":"https:\/\/compraencieza.es\/en\/wp-json\/wp\/v2\/media\/3866"}],"wp:attachment":[{"href":"https:\/\/compraencieza.es\/en\/wp-json\/wp\/v2\/media?parent=5328"}],"wp:term":[{"taxonomy":"product_cat","embeddable":true,"href":"https:\/\/compraencieza.es\/en\/wp-json\/wp\/v2\/product_cat?post=5328"},{"taxonomy":"product_tag","embeddable":true,"href":"https:\/\/compraencieza.es\/en\/wp-json\/wp\/v2\/product_tag?post=5328"},{"taxonomy":"product_brand","embeddable":true,"href":"https:\/\/compraencieza.es\/en\/wp-json\/wp\/v2\/genre?post=5328"}],"curies":[{"name":"wp","href":"https:\/\/api.w.org\/{rel}","templated":true}]}}