{"id":5329,"date":"2025-01-09T17:08:43","date_gmt":"2025-01-09T16:08:43","guid":{"rendered":"https:\/\/compraencieza.es\/?post_type=product&#038;p=5329"},"modified":"2025-01-09T17:26:10","modified_gmt":"2025-01-09T16:26:10","slug":"somatoline-anticelulitico-crema-termoactiva","status":"publish","type":"product","link":"https:\/\/compraencieza.es\/en\/product\/somatoline-anticelulitico-crema-termoactiva\/","title":{"rendered":"Somatoline Anticelul\u00edtico crema termoactiva"},"content":{"rendered":"<p>Es un tratamiento con textura en crema, con efecto calor y de r\u00e1pida absorci\u00f3n. Su f\u00f3rmula es rica en principios activos espec\u00edficos como la Cafe\u00edna (5%), el Extracto de Jengibre y el Extracto de Escina.<\/p>\n<ul>\n<li>Tras 2 semanas de utilizaci\u00f3n, el producto reduce el aspecto de los n\u00f3dulos de la celulitis y suaviza la piel.<\/li>\n<li>Si se prolonga el tratamiento durante 4 semanas, se potencian los resultados.<\/li>\n<\/ul>\n<p><strong><br \/>\nMODO DE EMPLEO<\/strong><\/p>\n<p>Aplicar una vez al d\u00eda durante al menos 15 d\u00edas. Para obtener mejores resultados, continuar con el tratamiento durante 4 semanas.<\/p>","protected":false},"excerpt":{"rendered":"<p>En dos semanas reduce la celulitis, nodos y suaviza la piel.<\/p>","protected":false},"featured_media":3868,"comment_status":"open","ping_status":"closed","template":"","meta":{"_acf_changed":false,"inline_featured_image":false},"product_cat":[106],"product_tag":[153,132,154,134,135,137,138,139,155,156,143,157,150,151,152],"genre":[],"class_list":{"0":"post-5329","1":"product","2":"type-product","3":"status-publish","4":"has-post-thumbnail","6":"product_cat-belleza","7":"product_tag-153","8":"product_tag-anti","9":"product_tag-calor","10":"product_tag-celulitico","11":"product_tag-celulitis","12":"product_tag-cosmetic","13":"product_tag-cosmetico","14":"product_tag-crema","15":"product_tag-efecto","16":"product_tag-frio","17":"product_tag-grasa","18":"product_tag-noches","19":"product_tag-reduce","20":"product_tag-reductor","21":"product_tag-somatoline","23":"first","24":"instock","25":"taxable","26":"shipping-taxable","27":"purchasable","28":"product-type-simple","29":"add-to-wishlist-after_add_to_cart"},"acf":[],"_links":{"self":[{"href":"https:\/\/compraencieza.es\/en\/wp-json\/wp\/v2\/product\/5329","targetHints":{"allow":["GET"]}}],"collection":[{"href":"https:\/\/compraencieza.es\/en\/wp-json\/wp\/v2\/product"}],"about":[{"href":"https:\/\/compraencieza.es\/en\/wp-json\/wp\/v2\/types\/product"}],"replies":[{"embeddable":true,"href":"https:\/\/compraencieza.es\/en\/wp-json\/wp\/v2\/comments?post=5329"}],"wp:featuredmedia":[{"embeddable":true,"href":"https:\/\/compraencieza.es\/en\/wp-json\/wp\/v2\/media\/3868"}],"wp:attachment":[{"href":"https:\/\/compraencieza.es\/en\/wp-json\/wp\/v2\/media?parent=5329"}],"wp:term":[{"taxonomy":"product_cat","embeddable":true,"href":"https:\/\/compraencieza.es\/en\/wp-json\/wp\/v2\/product_cat?post=5329"},{"taxonomy":"product_tag","embeddable":true,"href":"https:\/\/compraencieza.es\/en\/wp-json\/wp\/v2\/product_tag?post=5329"},{"taxonomy":"product_brand","embeddable":true,"href":"https:\/\/compraencieza.es\/en\/wp-json\/wp\/v2\/genre?post=5329"}],"curies":[{"name":"wp","href":"https:\/\/api.w.org\/{rel}","templated":true}]}}