{"id":5330,"date":"2025-01-09T17:08:43","date_gmt":"2025-01-09T16:08:43","guid":{"rendered":"https:\/\/compraencieza.es\/?post_type=product&#038;p=5330"},"modified":"2025-01-09T17:26:10","modified_gmt":"2025-01-09T16:26:10","slug":"suavinex-pezoneras-de-silicona-2-unidades","status":"publish","type":"product","link":"https:\/\/compraencieza.es\/en\/product\/suavinex-pezoneras-de-silicona-2-unidades\/","title":{"rendered":"Suavinex Pezoneras de silicona 2 unidades"},"content":{"rendered":"<p>Pueden utilizarse en aquellos casos en los que las madres tienen los pezones planos, retra\u00eddos o invertidos, ya que se acoplan perfectamente al seno facilitando el agarre y la succi\u00f3n del reci\u00e9n nacido.<\/p>\n<ul>\n<li>Se pueden utilizar cuando la madre tiene los pezones planos, retra\u00eddos o invertidos.<\/li>\n<li>Su suave y fina silicona es casi imperceptible por el beb\u00e9 cuando mama.<\/li>\n<li>Su forma mejorada permite que la nariz del reci\u00e9n nacido no choque contra ella al succionar.<\/li>\n<li>Tacto muy suave.<\/li>\n<li>Disponible en 2 tama\u00f1os: Talla S (21mm) y Talla M (24mm).<\/li>\n<li>Incluye cajita higi\u00e9nica de polipropileno para guardar reci\u00e9n esterilizadas o transportar.<\/li>\n<li>Libres de bisphenol A.<\/li>\n<\/ul>","protected":false},"excerpt":{"rendered":"<p>Las pezoneras ayudan a continuar con la lactancia materna a pesar de sufrir molestias o irritaciones en el pez\u00f3n.<\/p>","protected":false},"featured_media":3870,"comment_status":"open","ping_status":"closed","template":"","meta":{"_acf_changed":false,"inline_featured_image":false},"product_cat":[49],"product_tag":[158,159,160,161,162,163,164,165,166,167,168,169,170,171,172,173,174,175],"genre":[],"class_list":{"0":"post-5330","1":"product","2":"type-product","3":"status-publish","4":"has-post-thumbnail","6":"product_cat-accesorios","7":"product_tag-baby","8":"product_tag-bebe","9":"product_tag-finas","10":"product_tag-leche","11":"product_tag-m","12":"product_tag-madre","13":"product_tag-mama","14":"product_tag-materna","15":"product_tag-pezoneras","16":"product_tag-pezones","17":"product_tag-recien-nacido","18":"product_tag-s","19":"product_tag-shower","20":"product_tag-silicona","21":"product_tag-suavinex","22":"product_tag-succion","23":"product_tag-tamano","24":"product_tag-ultra","26":"first","27":"onbackorder","28":"taxable","29":"shipping-taxable","30":"purchasable","31":"product-type-variable","32":"add-to-wishlist-after_add_to_cart"},"acf":[],"_links":{"self":[{"href":"https:\/\/compraencieza.es\/en\/wp-json\/wp\/v2\/product\/5330","targetHints":{"allow":["GET"]}}],"collection":[{"href":"https:\/\/compraencieza.es\/en\/wp-json\/wp\/v2\/product"}],"about":[{"href":"https:\/\/compraencieza.es\/en\/wp-json\/wp\/v2\/types\/product"}],"replies":[{"embeddable":true,"href":"https:\/\/compraencieza.es\/en\/wp-json\/wp\/v2\/comments?post=5330"}],"wp:featuredmedia":[{"embeddable":true,"href":"https:\/\/compraencieza.es\/en\/wp-json\/wp\/v2\/media\/3870"}],"wp:attachment":[{"href":"https:\/\/compraencieza.es\/en\/wp-json\/wp\/v2\/media?parent=5330"}],"wp:term":[{"taxonomy":"product_cat","embeddable":true,"href":"https:\/\/compraencieza.es\/en\/wp-json\/wp\/v2\/product_cat?post=5330"},{"taxonomy":"product_tag","embeddable":true,"href":"https:\/\/compraencieza.es\/en\/wp-json\/wp\/v2\/product_tag?post=5330"},{"taxonomy":"product_brand","embeddable":true,"href":"https:\/\/compraencieza.es\/en\/wp-json\/wp\/v2\/genre?post=5330"}],"curies":[{"name":"wp","href":"https:\/\/api.w.org\/{rel}","templated":true}]}}