{"id":5333,"date":"2025-01-09T17:08:43","date_gmt":"2025-01-09T16:08:43","guid":{"rendered":"https:\/\/compraencieza.es\/?post_type=product&#038;p=5333"},"modified":"2025-01-09T17:26:11","modified_gmt":"2025-01-09T16:26:11","slug":"beter-primer-set-de-cuidados-para-el-bebe","status":"publish","type":"product","link":"https:\/\/compraencieza.es\/en\/product\/beter-primer-set-de-cuidados-para-el-bebe\/","title":{"rendered":"Beter primer set de cuidados para el beb\u00e9"},"content":{"rendered":"<p>Set de cuidados para tu beb\u00e9 formado por una lima especial de vidrio templado, corta\u00fa\u00f1as con cabezal peque\u00f1o, tijeras especiales de lamas extra cortas, peine de puntas redondas y cepillo de fibras ultra suaves.<\/p>\n<p>Con este set de cuidados para beb\u00e9s queremos ayudarte a mimar al beb\u00e9, desde la cabecita a los pies.<\/p>\n<p>Con la lima especial de vidrio templado, ayuda a limar suavemente sus delicadas u\u00f1as eliminando las irregularidades, sin apurar los lados de las mismas.<\/p>\n<p>Con el corta\u00fa\u00f1as de peque\u00f1o cabezal o las tijeras especiales de lamas extra cortas, ser\u00e1 facil\u00edsimo cortar sus afiladas u\u00f1as. Realiza el corte siguiendo la l\u00ednea natural del crecimiento de las u\u00f1as y redondea los extremos para que no se ara\u00f1e con ellas.<\/p>\n<p>Para el cuidado del cabello, finito y en ocasiones escaso, no hay nada mejor que el peine de puntas redondeadas o el cepillo de fibras ultra suaves, ideales para proteger el cuero cabelludo de beb\u00e9, siendo f\u00e1cil de utilizar gracias a su mango extra largo.<\/p>","protected":false},"excerpt":{"rendered":"<p>Lo mejor para tu baby shower, pack con cepillo, peine, cortau\u00f1as, tijeritas y lima.<\/p>","protected":false},"featured_media":3873,"comment_status":"open","ping_status":"closed","template":"","meta":{"_acf_changed":false,"inline_featured_image":false},"product_cat":[49],"product_tag":[158,159,176,177,178,179,180,181,182,183,184,185,186,168,187,188,170,189,190,191,192],"genre":[],"class_list":{"0":"post-5333","1":"product","2":"type-product","3":"status-publish","4":"has-post-thumbnail","6":"product_cat-accesorios","7":"product_tag-baby","8":"product_tag-bebe","9":"product_tag-beter","10":"product_tag-cepillo","11":"product_tag-corta","12":"product_tag-cuidados","13":"product_tag-fibra","14":"product_tag-fiesta","15":"product_tag-lima","16":"product_tag-mr","17":"product_tag-pack","18":"product_tag-peine","19":"product_tag-recien","20":"product_tag-recien-nacido","21":"product_tag-regalo","22":"product_tag-set","23":"product_tag-shower","24":"product_tag-tijeras","25":"product_tag-unas","26":"product_tag-vidrio","27":"product_tag-wonderful","29":"first","30":"instock","31":"taxable","32":"shipping-taxable","33":"purchasable","34":"product-type-variable","35":"add-to-wishlist-after_add_to_cart"},"acf":[],"_links":{"self":[{"href":"https:\/\/compraencieza.es\/en\/wp-json\/wp\/v2\/product\/5333","targetHints":{"allow":["GET"]}}],"collection":[{"href":"https:\/\/compraencieza.es\/en\/wp-json\/wp\/v2\/product"}],"about":[{"href":"https:\/\/compraencieza.es\/en\/wp-json\/wp\/v2\/types\/product"}],"replies":[{"embeddable":true,"href":"https:\/\/compraencieza.es\/en\/wp-json\/wp\/v2\/comments?post=5333"}],"wp:featuredmedia":[{"embeddable":true,"href":"https:\/\/compraencieza.es\/en\/wp-json\/wp\/v2\/media\/3873"}],"wp:attachment":[{"href":"https:\/\/compraencieza.es\/en\/wp-json\/wp\/v2\/media?parent=5333"}],"wp:term":[{"taxonomy":"product_cat","embeddable":true,"href":"https:\/\/compraencieza.es\/en\/wp-json\/wp\/v2\/product_cat?post=5333"},{"taxonomy":"product_tag","embeddable":true,"href":"https:\/\/compraencieza.es\/en\/wp-json\/wp\/v2\/product_tag?post=5333"},{"taxonomy":"product_brand","embeddable":true,"href":"https:\/\/compraencieza.es\/en\/wp-json\/wp\/v2\/genre?post=5333"}],"curies":[{"name":"wp","href":"https:\/\/api.w.org\/{rel}","templated":true}]}}