{"id":5337,"date":"2025-01-09T17:08:43","date_gmt":"2025-01-09T16:08:43","guid":{"rendered":"https:\/\/compraencieza.es\/?post_type=product&#038;p=5337"},"modified":"2025-01-09T17:26:11","modified_gmt":"2025-01-09T16:26:11","slug":"cepillo-anti-tirones-nosa","status":"publish","type":"product","link":"https:\/\/compraencieza.es\/en\/product\/cepillo-anti-tirones-nosa\/","title":{"rendered":"Nosa Anti-Pull Brush"},"content":{"rendered":"<p>Cepillo desenredante sin tirones.<\/p>\n<p><strong>Antitirones<\/strong>: P\u00faas finas y flexibles desenredan todo tipo de cabellos.<\/p>\n<p><strong>Cepillado Express<\/strong>: P\u00faas largas para abarcar todas las capas del cabello de una sola pasada reduciendo el tiempo de peinado.<\/p>\n<p><strong>Dise\u00f1o Espiral<\/strong>: La estructura abierta permite una mayor ventilaci\u00f3n y un secado m\u00e1s r\u00e1pido.<\/p>\n<p><strong>Esqueleto Flex<\/strong>: El cabezal flexible se adapta a la forma de la cabeza aportando m\u00e1xima suavidad para el cuero cabelludo.<\/p>\n<p><strong>Natural Fiber<\/strong>: Fabricado con fibra de trigo. 100% Biodegradable.<\/p>","protected":false},"excerpt":{"rendered":"<p>Cepillo desenredante sin tirones para todo tipo de cabellos 100% Biodegradable.<\/p>","protected":false},"featured_media":3877,"comment_status":"open","ping_status":"closed","template":"","meta":{"_acf_changed":false,"inline_featured_image":false},"product_cat":[106],"product_tag":[132,193,194,195,196,197,177,198,199,200,201,185,202,203,204,205,206,207,208],"genre":[],"class_list":{"0":"post-5337","1":"product","2":"type-product","3":"status-publish","4":"has-post-thumbnail","6":"product_cat-belleza","7":"product_tag-anti","8":"product_tag-anti-tirones","9":"product_tag-antitirones","10":"product_tag-cabello","11":"product_tag-cabellos","12":"product_tag-cabezal","13":"product_tag-cepillo","14":"product_tag-flexible","15":"product_tag-naranja","16":"product_tag-nosa","17":"product_tag-peinado","18":"product_tag-peine","19":"product_tag-pelo","20":"product_tag-puas","21":"product_tag-rosa","22":"product_tag-suavidad","23":"product_tag-tirones","24":"product_tag-trigo","25":"product_tag-verde","27":"first","28":"instock","29":"taxable","30":"shipping-taxable","31":"purchasable","32":"product-type-variable","33":"add-to-wishlist-after_add_to_cart"},"acf":[],"_links":{"self":[{"href":"https:\/\/compraencieza.es\/en\/wp-json\/wp\/v2\/product\/5337","targetHints":{"allow":["GET"]}}],"collection":[{"href":"https:\/\/compraencieza.es\/en\/wp-json\/wp\/v2\/product"}],"about":[{"href":"https:\/\/compraencieza.es\/en\/wp-json\/wp\/v2\/types\/product"}],"replies":[{"embeddable":true,"href":"https:\/\/compraencieza.es\/en\/wp-json\/wp\/v2\/comments?post=5337"}],"wp:featuredmedia":[{"embeddable":true,"href":"https:\/\/compraencieza.es\/en\/wp-json\/wp\/v2\/media\/3877"}],"wp:attachment":[{"href":"https:\/\/compraencieza.es\/en\/wp-json\/wp\/v2\/media?parent=5337"}],"wp:term":[{"taxonomy":"product_cat","embeddable":true,"href":"https:\/\/compraencieza.es\/en\/wp-json\/wp\/v2\/product_cat?post=5337"},{"taxonomy":"product_tag","embeddable":true,"href":"https:\/\/compraencieza.es\/en\/wp-json\/wp\/v2\/product_tag?post=5337"},{"taxonomy":"product_brand","embeddable":true,"href":"https:\/\/compraencieza.es\/en\/wp-json\/wp\/v2\/genre?post=5337"}],"curies":[{"name":"wp","href":"https:\/\/api.w.org\/{rel}","templated":true}]}}