{"id":5341,"date":"2025-01-09T17:08:44","date_gmt":"2025-01-09T16:08:44","guid":{"rendered":"https:\/\/compraencieza.es\/?post_type=product&#038;p=5341"},"modified":"2025-01-09T17:26:11","modified_gmt":"2025-01-09T16:26:11","slug":"cepillo-detangling-natural-fiber","status":"publish","type":"product","link":"https:\/\/compraencieza.es\/en\/product\/cepillo-detangling-natural-fiber\/","title":{"rendered":"Cepillo detangling Natural Fiber"},"content":{"rendered":"<p>P\u00faas antienredos- antitirones: de 20 mm de largo, flexibles y resistentes. Permiten desenredar con la m\u00e1xima suavidad especialmente los cabellos m\u00e1s finos y fr\u00e1giles.<\/p>\n<p>Dise\u00f1o ergon\u00f3mico: la forma semicurva, en combinaci\u00f3n con el largo de las p\u00faas, se adapta mejor a la cabeza y permite peinar mayor cantidad de cabellos en cada pasada. No utilizar con secador de cabello.<\/p>","protected":false},"excerpt":{"rendered":"<p>P\u00faas antienredos \/ antitirones dise\u00f1o ergon\u00f3mico con semicurva.<\/p>","protected":false},"featured_media":3880,"comment_status":"open","ping_status":"closed","template":"","meta":{"_acf_changed":false,"inline_featured_image":false},"product_cat":[106],"product_tag":[132,209,193,210,211,194,195,196,197,177,212,213,214,215,198,199,216,200,201,185,202,203,204,205,206,207,208],"genre":[],"class_list":{"0":"post-5341","1":"product","2":"type-product","3":"status-publish","4":"has-post-thumbnail","6":"product_cat-belleza","7":"product_tag-anti","8":"product_tag-anti-enredos","9":"product_tag-anti-tirones","10":"product_tag-antienredos","11":"product_tag-antienrredos","12":"product_tag-antitirones","13":"product_tag-cabello","14":"product_tag-cabellos","15":"product_tag-cabezal","16":"product_tag-cepillo","17":"product_tag-detangling","18":"product_tag-enredos","19":"product_tag-fiber","20":"product_tag-fiver","21":"product_tag-flexible","22":"product_tag-naranja","23":"product_tag-natural","24":"product_tag-nosa","25":"product_tag-peinado","26":"product_tag-peine","27":"product_tag-pelo","28":"product_tag-puas","29":"product_tag-rosa","30":"product_tag-suavidad","31":"product_tag-tirones","32":"product_tag-trigo","33":"product_tag-verde","35":"first","36":"instock","37":"taxable","38":"shipping-taxable","39":"purchasable","40":"product-type-variable","41":"add-to-wishlist-after_add_to_cart"},"acf":[],"_links":{"self":[{"href":"https:\/\/compraencieza.es\/en\/wp-json\/wp\/v2\/product\/5341","targetHints":{"allow":["GET"]}}],"collection":[{"href":"https:\/\/compraencieza.es\/en\/wp-json\/wp\/v2\/product"}],"about":[{"href":"https:\/\/compraencieza.es\/en\/wp-json\/wp\/v2\/types\/product"}],"replies":[{"embeddable":true,"href":"https:\/\/compraencieza.es\/en\/wp-json\/wp\/v2\/comments?post=5341"}],"wp:featuredmedia":[{"embeddable":true,"href":"https:\/\/compraencieza.es\/en\/wp-json\/wp\/v2\/media\/3880"}],"wp:attachment":[{"href":"https:\/\/compraencieza.es\/en\/wp-json\/wp\/v2\/media?parent=5341"}],"wp:term":[{"taxonomy":"product_cat","embeddable":true,"href":"https:\/\/compraencieza.es\/en\/wp-json\/wp\/v2\/product_cat?post=5341"},{"taxonomy":"product_tag","embeddable":true,"href":"https:\/\/compraencieza.es\/en\/wp-json\/wp\/v2\/product_tag?post=5341"},{"taxonomy":"product_brand","embeddable":true,"href":"https:\/\/compraencieza.es\/en\/wp-json\/wp\/v2\/genre?post=5341"}],"curies":[{"name":"wp","href":"https:\/\/api.w.org\/{rel}","templated":true}]}}