{"id":5345,"date":"2025-01-09T17:08:44","date_gmt":"2025-01-09T16:08:44","guid":{"rendered":"https:\/\/compraencieza.es\/?post_type=product&#038;p=5345"},"modified":"2025-01-09T17:26:11","modified_gmt":"2025-01-09T16:26:11","slug":"champu-arbol-del-te-250ml","status":"publish","type":"product","link":"https:\/\/compraencieza.es\/en\/product\/champu-arbol-del-te-250ml\/","title":{"rendered":"Champ\u00fa \u00c1rbol del T\u00e9 250ml"},"content":{"rendered":"<p>El Champ\u00fa Nosaprotect est\u00e1 indicado para limpiar y proteger el cabello con la m\u00e1xima suavidad. Formulado con la exclusiva combinaci\u00f3n de Aceite de \u00c1rbol del T\u00e9 y Dimeticona, asegura protecci\u00f3n y cuidado total para el cabello. Nosaprotect ha conseguido un irresistible aroma que disimula por completo su olor caracter\u00edstico pero mantiene intactas sus propiedades.<\/p>\n<p><strong>Composici\u00f3n<\/strong>:<\/p>\n<p><strong>\u00c1rbol del T\u00e9<\/strong>: tradicionalmente utilizado para mantener alejados a los piojos del cabello. El exclusivo \u00c1rbol del T\u00e9 Nosaprotect garantiza un 80% de Terpenos totales, y un 30\u201348% de la mol\u00e9cula activa 4-Terpineol. Adem\u00e1s, no contiene Methyl Eugenol, componente responsable de irritar el cuero cabelludo.<\/p>\n<p><strong>Dimeticona<\/strong>: cubre el cabello formando una pel\u00edcula aislante y suavizante.<\/p>\n<p><strong>SIN<\/strong>: Methyl Eugenol, Methylisothiazolinone (MIT)<\/p>\n<p><strong>Modo de empleo<\/strong>: Aplicar sobre el cabello h\u00famedo, masajear y aclarar. Uso diario. Pedi\u00e1trica y dermatol\u00f3gicamente testado. Apto para pieles sensibles y at\u00f3picas. A partir de 0 meses.<\/p>","protected":false},"excerpt":{"rendered":"<p>Protecci\u00f3n y cuidado del cabello con m\u00e1xima suavidad con \u00c1rbol del t\u00e9 y Dimeticona a partir de 0 meses.<\/p>","protected":false},"featured_media":3885,"comment_status":"open","ping_status":"closed","template":"","meta":{"_acf_changed":false,"inline_featured_image":false},"product_cat":[106],"product_tag":[217,218,219,220,221,222,223,224,225,226,227,228,200,229,230,231,232,233,234,235,171,236],"genre":[],"class_list":{"0":"post-5345","1":"product","2":"type-product","3":"status-publish","4":"has-post-thumbnail","6":"product_cat-belleza","7":"product_tag-arbol","8":"product_tag-aroma","9":"product_tag-attack","10":"product_tag-champu","11":"product_tag-del","12":"product_tag-dimeticona","13":"product_tag-fresa","14":"product_tag-gel","15":"product_tag-kit","16":"product_tag-malation","17":"product_tag-manzana","18":"product_tag-melocoton","19":"product_tag-nosa","20":"product_tag-nosakit","21":"product_tag-nosaprotect","22":"product_tag-pediculosis","23":"product_tag-pijos","24":"product_tag-piojos","25":"product_tag-proteccion","26":"product_tag-protege","27":"product_tag-silicona","28":"product_tag-te","30":"first","31":"instock","32":"taxable","33":"shipping-taxable","34":"purchasable","35":"product-type-variable","36":"add-to-wishlist-after_add_to_cart"},"acf":[],"_links":{"self":[{"href":"https:\/\/compraencieza.es\/en\/wp-json\/wp\/v2\/product\/5345","targetHints":{"allow":["GET"]}}],"collection":[{"href":"https:\/\/compraencieza.es\/en\/wp-json\/wp\/v2\/product"}],"about":[{"href":"https:\/\/compraencieza.es\/en\/wp-json\/wp\/v2\/types\/product"}],"replies":[{"embeddable":true,"href":"https:\/\/compraencieza.es\/en\/wp-json\/wp\/v2\/comments?post=5345"}],"wp:featuredmedia":[{"embeddable":true,"href":"https:\/\/compraencieza.es\/en\/wp-json\/wp\/v2\/media\/3885"}],"wp:attachment":[{"href":"https:\/\/compraencieza.es\/en\/wp-json\/wp\/v2\/media?parent=5345"}],"wp:term":[{"taxonomy":"product_cat","embeddable":true,"href":"https:\/\/compraencieza.es\/en\/wp-json\/wp\/v2\/product_cat?post=5345"},{"taxonomy":"product_tag","embeddable":true,"href":"https:\/\/compraencieza.es\/en\/wp-json\/wp\/v2\/product_tag?post=5345"},{"taxonomy":"product_brand","embeddable":true,"href":"https:\/\/compraencieza.es\/en\/wp-json\/wp\/v2\/genre?post=5345"}],"curies":[{"name":"wp","href":"https:\/\/api.w.org\/{rel}","templated":true}]}}