{"id":5351,"date":"2025-01-09T17:08:44","date_gmt":"2025-01-09T16:08:44","guid":{"rendered":"https:\/\/compraencieza.es\/?post_type=product&#038;p=5351"},"modified":"2025-01-09T17:26:11","modified_gmt":"2025-01-09T16:26:11","slug":"pilexil-champu-anticaida","status":"publish","type":"product","link":"https:\/\/compraencieza.es\/en\/product\/pilexil-champu-anticaida\/","title":{"rendered":"Pilexil Anti-Hair Loss Shampoo"},"content":{"rendered":"<p>Frena la ca\u00edda en hombres y en mujeres. Pilexil Champ\u00fa Antica\u00edda es un tratamiento de uso frecuente que, ya sea empleado en solitario o como complemento a otros tratamientos contra la ca\u00edda del pelo o complementos alimenticios, ha demostrado una gran eficacia frenando la p\u00e9rdida del cabello y normalizando su ciclo.<\/p>\n<p>Uso frecuente pH adecuado para la piel y el cabello (pH 5.5) Con acondicionadores que facilitan el peinado Dermatol\u00f3gicamente testado.<\/p>\n<p>Ingredientes: Plantas: Serenoa Serrulata Inhibidor de la 5 \u03b1-reductasa (enzima implicada en la ca\u00edda del cabello). Minerales: Zinc PCA Contribuye al proceso de divisi\u00f3n celular. Vitaminas: Vitamina B6 (Piridoxina) Disminuye el nivel de secreci\u00f3n seb\u00e1cea. Act\u00faa como nutriente y reparador del cabello. Vitamina E Antioxidante. Act\u00faa como nutriente y reparador del cabello. Pro-vitamina B5 (Pantenol) Mantienen la hidrataci\u00f3n del cabello y lo protegen de los da\u00f1os causados tanto por las radiaciones solares como por traumatismos mec\u00e1nicos.<\/p>\n<p>Resultados de eficacia y satisfacci\u00f3n de Pilexil Champ\u00fa Antica\u00edda en Efluvio Tel\u00f3geno Resultados obtenidos a las 16 semanas de tratamiento y sometidos a control con placebo. Frente a la ansiedad: mejora estad\u00edsticamente significativa en pacientes (p&lt;0,05) seg\u00fan la escala Goldberg. Resultados presentados en el XXII GEDCT Grupo de Dermatolog\u00eda Cosm\u00e9tica y Terap\u00e9utica.<\/p>\n<p>La mejor garant\u00eda de nuestro champ\u00fa para la ca\u00edda del cabello son los numerosos estudios que demuestran su eficacia.<\/p>","protected":false},"excerpt":{"rendered":"<p>Frena la ca\u00edda en hombres y en mujeres. Pilexil Champ\u00fa Antica\u00edda es un tratamiento de uso frecuente que, ya sea empleado en solitario o como complemento a otros tratamientos contra la ca\u00edda del pelo o complementos alimenticios, ha demostrado una gran eficacia frenando la p\u00e9rdida del cabello y normalizando su ciclo.<\/p>","protected":false},"featured_media":3939,"comment_status":"open","ping_status":"closed","template":"","meta":{"_acf_changed":false,"inline_featured_image":false},"product_cat":[105],"product_tag":[271,272,273,132,274,275,220,276,277,278,279,280,281,282,283,284],"genre":[],"class_list":{"0":"post-5351","1":"product","2":"type-product","3":"status-publish","4":"has-post-thumbnail","6":"product_cat-salud","7":"product_tag-alopecia","8":"product_tag-ampollas","9":"product_tag-ampoyas","10":"product_tag-anti","11":"product_tag-anticaida","12":"product_tag-caida","13":"product_tag-champu","14":"product_tag-forte","15":"product_tag-halopecia","16":"product_tag-moderada","17":"product_tag-pilesil","18":"product_tag-pilexi","19":"product_tag-pilexil","20":"product_tag-severa","21":"product_tag-shampo","22":"product_tag-shampoo","24":"first","25":"instock","26":"taxable","27":"shipping-taxable","28":"purchasable","29":"product-type-variable","30":"add-to-wishlist-after_add_to_cart"},"acf":[],"_links":{"self":[{"href":"https:\/\/compraencieza.es\/en\/wp-json\/wp\/v2\/product\/5351","targetHints":{"allow":["GET"]}}],"collection":[{"href":"https:\/\/compraencieza.es\/en\/wp-json\/wp\/v2\/product"}],"about":[{"href":"https:\/\/compraencieza.es\/en\/wp-json\/wp\/v2\/types\/product"}],"replies":[{"embeddable":true,"href":"https:\/\/compraencieza.es\/en\/wp-json\/wp\/v2\/comments?post=5351"}],"wp:featuredmedia":[{"embeddable":true,"href":"https:\/\/compraencieza.es\/en\/wp-json\/wp\/v2\/media\/3939"}],"wp:attachment":[{"href":"https:\/\/compraencieza.es\/en\/wp-json\/wp\/v2\/media?parent=5351"}],"wp:term":[{"taxonomy":"product_cat","embeddable":true,"href":"https:\/\/compraencieza.es\/en\/wp-json\/wp\/v2\/product_cat?post=5351"},{"taxonomy":"product_tag","embeddable":true,"href":"https:\/\/compraencieza.es\/en\/wp-json\/wp\/v2\/product_tag?post=5351"},{"taxonomy":"product_brand","embeddable":true,"href":"https:\/\/compraencieza.es\/en\/wp-json\/wp\/v2\/genre?post=5351"}],"curies":[{"name":"wp","href":"https:\/\/api.w.org\/{rel}","templated":true}]}}