{"id":5355,"date":"2025-01-09T17:08:44","date_gmt":"2025-01-09T16:08:44","guid":{"rendered":"https:\/\/compraencieza.es\/?post_type=product&#038;p=5355"},"modified":"2025-01-09T17:26:11","modified_gmt":"2025-01-09T16:26:11","slug":"spray-arbol-del-te-250ml","status":"publish","type":"product","link":"https:\/\/compraencieza.es\/en\/product\/spray-arbol-del-te-250ml\/","title":{"rendered":"Tea Tree Spray 250ml"},"content":{"rendered":"<p><strong>Beneficios<\/strong>:<\/p>\n<p>El Spray Nosaprotect Triple Acci\u00f3n est\u00e1 indicado para hidratar y proteger el cabello. Su exclusiva f\u00f3rmula con Aceite de \u00c1rbol del T\u00e9, Dimeticona y filtro solar asegura un cuidado total para el cabello. Desenreda al instante gracias a la Dimeticona y protege el cabello gracias al aceite de \u00c1rbol del T\u00e9, tambi\u00e9n conocido como Tea Tree Oil tradicionalmente usado para mantener alejados los piojos del cabello. Nosaprotect ha conseguido un irresistible aroma que disimula por completo su olor caracter\u00edstico pero mantiene intactas sus propiedades. Al no necesitar aclarado las part\u00edculas del \u00c1rbol del T\u00e9 y la Dimeticona siguen actuando como barrera natural. Tambi\u00e9n contiene protectores frente al calor y adem\u00e1s filtro solar.<\/p>\n<p><strong>Composici\u00f3n<\/strong>:<\/p>\n<p><strong>\u00c1rbol del T\u00e9<\/strong>: tradicionalmente utilizado para mantener alejados a los piojos del cabello. El exclusivo \u00c1rbol del T\u00e9 Nosaprotect garantiza un 80% de Terpenos totales, y un 30 \u2013 48% de la mol\u00e9cula activa 4-Terpineol. Adem\u00e1s, no contiene Methyl Eugenol, componente responsable de irritar el cuero cabelludo.<\/p>\n<p><strong>Dimeticona<\/strong>: cubre el cabello formando una pel\u00edcula aislante y suavizante.<\/p>\n<p><strong>Filtro Solar<\/strong>: protege el cabello de los rayos solares, el secador, las planchas y las agresiones externas.<\/p>\n<p><strong>SIN<\/strong>: Parabenos, Methyl Eugenol, Methylisothiazolinone (MIT)<\/p>","protected":false},"excerpt":{"rendered":"<p>Hidrata y protege el cabello, lo desenreda y mantiene a piojos alejados con Aceite de \u00c1rbol del T\u00e9, dimeticona y filtro solar.<\/p>","protected":false},"featured_media":3942,"comment_status":"open","ping_status":"closed","template":"","meta":{"_acf_changed":false,"inline_featured_image":false},"product_cat":[105],"product_tag":[131,217,218,219,220,221,222,285,286,287,223,224,225,226,227,228,200,229,230,288,231,232,233,234,235,171,289,290,236],"genre":[],"class_list":{"0":"post-5355","1":"product","2":"type-product","3":"status-publish","4":"has-post-thumbnail","6":"product_cat-salud","7":"product_tag-aceite","8":"product_tag-arbol","9":"product_tag-aroma","10":"product_tag-attack","11":"product_tag-champu","12":"product_tag-del","13":"product_tag-dimeticona","14":"product_tag-esprai","15":"product_tag-espray","16":"product_tag-filtro","17":"product_tag-fresa","18":"product_tag-gel","19":"product_tag-kit","20":"product_tag-malation","21":"product_tag-manzana","22":"product_tag-melocoton","23":"product_tag-nosa","24":"product_tag-nosakit","25":"product_tag-nosaprotect","26":"product_tag-olor","27":"product_tag-pediculosis","28":"product_tag-pijos","29":"product_tag-piojos","30":"product_tag-proteccion","31":"product_tag-protege","32":"product_tag-silicona","33":"product_tag-solar","34":"product_tag-spray","35":"product_tag-te","37":"first","38":"instock","39":"taxable","40":"shipping-taxable","41":"purchasable","42":"product-type-variable","43":"add-to-wishlist-after_add_to_cart"},"acf":[],"_links":{"self":[{"href":"https:\/\/compraencieza.es\/en\/wp-json\/wp\/v2\/product\/5355","targetHints":{"allow":["GET"]}}],"collection":[{"href":"https:\/\/compraencieza.es\/en\/wp-json\/wp\/v2\/product"}],"about":[{"href":"https:\/\/compraencieza.es\/en\/wp-json\/wp\/v2\/types\/product"}],"replies":[{"embeddable":true,"href":"https:\/\/compraencieza.es\/en\/wp-json\/wp\/v2\/comments?post=5355"}],"wp:featuredmedia":[{"embeddable":true,"href":"https:\/\/compraencieza.es\/en\/wp-json\/wp\/v2\/media\/3942"}],"wp:attachment":[{"href":"https:\/\/compraencieza.es\/en\/wp-json\/wp\/v2\/media?parent=5355"}],"wp:term":[{"taxonomy":"product_cat","embeddable":true,"href":"https:\/\/compraencieza.es\/en\/wp-json\/wp\/v2\/product_cat?post=5355"},{"taxonomy":"product_tag","embeddable":true,"href":"https:\/\/compraencieza.es\/en\/wp-json\/wp\/v2\/product_tag?post=5355"},{"taxonomy":"product_brand","embeddable":true,"href":"https:\/\/compraencieza.es\/en\/wp-json\/wp\/v2\/genre?post=5355"}],"curies":[{"name":"wp","href":"https:\/\/api.w.org\/{rel}","templated":true}]}}