{"id":5359,"date":"2025-01-09T17:08:48","date_gmt":"2025-01-09T16:08:48","guid":{"rendered":"https:\/\/compraencieza.es\/?post_type=product&#038;p=5359"},"modified":"2025-01-09T17:26:08","modified_gmt":"2025-01-09T16:26:08","slug":"apivita-queen-bee-crema-de-noche-reconstituyente-antiedad-absoluto","status":"publish","type":"product","link":"https:\/\/compraencieza.es\/en\/product\/apivita-queen-bee-crema-de-noche-reconstituyente-antiedad-absoluto\/","title":{"rendered":"Apivita Queen Bee Absolute Anti-Aging Restorative Night Cream"},"content":{"rendered":"<p>Esta nutritiva crema de noche est\u00e1 formulada con una doble tecnolog\u00eda patentada de liberaci\u00f3n controlada que ofrece a la piel una difusi\u00f3n de jalea real y prop\u00f3leo altamente concentrada, continuada y de larga duraci\u00f3n:<\/p>\n<ul>\n<li>Reduce las arrugas, mejora la densidad de la piel y la firmeza y redefine el \u00f3valo facial con Jalea Real de liberaci\u00f3n controlada y dos potentes extractos de plantas. Previene la aparici\u00f3n de manchas, al mismo tiempo que ofrece una piel luminosa y un tono uniforme con extractos marinos.<\/li>\n<li>Redensifica, hidrata y nutre con Miel de APIVITA fermentada, escualano, aceite de oliva, cera de abeja y pantenol.<\/li>\n<li>Favorece la renovaci\u00f3n celular a trav\u00e9s de una exfoliaci\u00f3n suave que aten\u00faa las diferencias de pigmentaci\u00f3n con enzimas de calabaza.<\/li>\n<li>Protege frente a la contaminaci\u00f3n ambiental, detoxifica y potencia las defensas naturales de la piel con Prop\u00f3leo de liberaci\u00f3n controlada, Miel de APIVITA fermentada e infusi\u00f3n de rosa salvaje.<\/li>\n<\/ul>\n<p>Gracias a la innovadora tecnolog\u00eda patentada de liberaci\u00f3n controlada, la potente jalea real y el prop\u00f3leo protector liberan a la piel de forma continuada y duradera para conseguir la mayor eficacia contra los signos globales del envejecimiento, mientras que la nueva miel fermentada asegura que la piel se mantenga bien hidratada, nutrida revelando una piel m\u00e1s fresca, revitalizada y joven.<\/p>\n<p>*Autoevaluaci\u00f3n, 30 mujeres 45-65 a\u00f1os, despu\u00e9s de 4 semanas de uso, dos veces al d\u00eda.<\/p>\n<p>**Estudio in vitro, cultivo de fibroblastos con jalea real de liberaci\u00f3n controlada.<\/p>\n<p>Eficacia probada mediante ensayos cl\u00ednicos.<\/p>\n<p>Uso: Aplicar sobre la piel seca (rostro, ojos y cuello) con movimientos circulares suaves y retirar con un algod\u00f3n.<\/p>\n<p>S\u00f3lo para uso externo.<\/p>\n<p><strong>Ingredients<\/strong>: Aqua\/Water\/Eau**, Glycerin, Lactobacillus\/Pumpkin Ferment Extract, Propanediol, Squalane, Triheptanoin, Hydrogenated Ethylhexyl Olivate, Cetearyl Glucoside, Cetearyl Alcohol, Olus Oil\/Vegetable Oil\/Huile V\u00e9g\u00e9tale, Butyrospermum Parkii (Shea) Butter*, Aqua\/Water\/Eau, Sorbitan Olivate, Magnesium Aluminum Silicate, C10-18 Triglycerides, Glycerin*, Propolis Extract, Royal Jelly, Mel Extract\/Honey Extract\/Extrait de miel, Cera Alba\/Beeswax\/Cire d\u2019abeille*, Leontopodium Alpinum Callus Culture Extract, Anigozanthos Flavidus Extract*, Zymomonas Ferment Extract, Magnolia Officinalis Bark Extract, Rosa Canina Fruit* Extract, Panthenol, Bisabolol, Maltodextrin, Lactobacillus Ferment, Olea Europaea (Olive) Fruit Oil*, Commiphora Myrrha Gum Oil\/Commiphora Myrrha Oil, Helianthus Annuus (Sunflower) Seed Oil*, Boswellia Carterii Oil*, Rosa Damascena Flower Oil*, Helianthus Annuus (Sunflower) Seed Oil, Hydrogenated Olive Oil Unsaponifiables, Saccharide Isomerate, Tocopheryl Acetate, Lecithin, Hydroxypropyl Cyclodextrin, Ascorbyl Tetraisopalmitate, Sodium Gluconate, Tocopherol, Cetyl Palmitate, Sorbitan Palmitate, Xanthan Gum, Hydroxyacetophenone, Ethylhexylglycerin, Pentylene Glycol, Phenethyl Alcohol, Citric Acid, Parfum\/Fragrance, Benzyl Salicylate, Linalool, Limonene, Citronellol, Geraniol, Alpha-Isomethyl Ionone, Hydroxycitronellal.<\/p>\n<p>*Organic cultivation\/ Issu de l&#8217;agriculture biologique.<\/p>\n<p>*<em>Rosa Canina Fruit<\/em> Aqueous Infusion=Wild Rose Infusion\/ Infusion de rose sauvage.<\/p>\n<p>La lista de ingredientes puede estar sujeta a cambios. Le aconsejamos que siempre compruebe la lista de ingredientes que aparece en el producto comprado.<\/p>","protected":false},"excerpt":{"rendered":"<p>La quintaesencia vital de la colmena fusiona armoniosamente las propiedades rejuvenecedoras de la jalea real con los efectos regeneradores y protectores del prop\u00f3leo y la miel, para conseguir la gama suprema QUEEN BEE.<\/p>","protected":false},"featured_media":3950,"comment_status":"open","ping_status":"closed","template":"","meta":{"_acf_changed":false,"inline_featured_image":false},"product_cat":[106],"product_tag":[307,132,308,309,310,311,139,312,313,314,315,316,317,318,319,320,321],"genre":[],"class_list":{"0":"post-5359","1":"product","2":"type-product","3":"status-publish","4":"has-post-thumbnail","6":"product_cat-belleza","7":"product_tag-absoluto","8":"product_tag-anti","9":"product_tag-antiedad","10":"product_tag-apivita","11":"product_tag-bee","12":"product_tag-bi","13":"product_tag-crema","14":"product_tag-cuin","15":"product_tag-edad","16":"product_tag-jalea","17":"product_tag-miel","18":"product_tag-propoleo","19":"product_tag-queen","20":"product_tag-real","21":"product_tag-reconstituyente","22":"product_tag-reductora","23":"product_tag-vi","25":"first","26":"instock","27":"taxable","28":"shipping-taxable","29":"purchasable","30":"product-type-simple","31":"add-to-wishlist-after_add_to_cart"},"acf":[],"_links":{"self":[{"href":"https:\/\/compraencieza.es\/en\/wp-json\/wp\/v2\/product\/5359","targetHints":{"allow":["GET"]}}],"collection":[{"href":"https:\/\/compraencieza.es\/en\/wp-json\/wp\/v2\/product"}],"about":[{"href":"https:\/\/compraencieza.es\/en\/wp-json\/wp\/v2\/types\/product"}],"replies":[{"embeddable":true,"href":"https:\/\/compraencieza.es\/en\/wp-json\/wp\/v2\/comments?post=5359"}],"wp:featuredmedia":[{"embeddable":true,"href":"https:\/\/compraencieza.es\/en\/wp-json\/wp\/v2\/media\/3950"}],"wp:attachment":[{"href":"https:\/\/compraencieza.es\/en\/wp-json\/wp\/v2\/media?parent=5359"}],"wp:term":[{"taxonomy":"product_cat","embeddable":true,"href":"https:\/\/compraencieza.es\/en\/wp-json\/wp\/v2\/product_cat?post=5359"},{"taxonomy":"product_tag","embeddable":true,"href":"https:\/\/compraencieza.es\/en\/wp-json\/wp\/v2\/product_tag?post=5359"},{"taxonomy":"product_brand","embeddable":true,"href":"https:\/\/compraencieza.es\/en\/wp-json\/wp\/v2\/genre?post=5359"}],"curies":[{"name":"wp","href":"https:\/\/api.w.org\/{rel}","templated":true}]}}