{"id":5360,"date":"2025-01-09T17:08:48","date_gmt":"2025-01-09T16:08:48","guid":{"rendered":"https:\/\/compraencieza.es\/?post_type=product&#038;p=5360"},"modified":"2025-01-09T17:26:08","modified_gmt":"2025-01-09T16:26:08","slug":"apivita-leche-limpiadora-3-en-1-rostro-ojos","status":"publish","type":"product","link":"https:\/\/compraencieza.es\/en\/product\/apivita-leche-limpiadora-3-en-1-rostro-ojos\/","title":{"rendered":"Apivita 3 in 1 cleansing milk for face and eyes"},"content":{"rendered":"<p>Aplicar sobre la piel seca (rostro, ojos y cuello) con movimientos circulares suaves y retirar con un algod\u00f3n.<br \/>\n<strong>S\u00f3lo para uso externo.<\/strong><\/p>\n<h3>Ingredients<\/h3>\n<p><strong>Composici\u00f3n con 99% de ingredientes de origen natural:<\/strong><\/p>\n<ul>\n<li><strong>Miel de tomillo griego<\/strong><\/li>\n<li><strong>Prop\u00f3leo<\/strong><\/li>\n<li><strong>Aceite de almendras<\/strong><\/li>\n<li><strong>Camomila<\/strong>*<\/li>\n<li><strong>Aceite de oliva<\/strong>*<\/li>\n<li><strong>Lavanda<\/strong>*<\/li>\n<li><strong>Infusi\u00f3n de rosa salvaje<\/strong>*<\/li>\n<\/ul>\n<p>Nuestro compromiso con el cuidado de la piel y del medio ambiente est\u00e1 tambi\u00e9n reflejado en nuestra selecci\u00f3n de materias primas y en el desarrollo de los productos. Cada materia prima se eval\u00faa frente a las potenciales preocupaciones sobre la seguridad de la piel y el impacto ambiental, y los ingredientes que crean controversia se han eliminado de nuestras formulaciones.<\/p>\n<p><strong>Ingredients:<\/strong><br \/>\nAqua\/Water\/Eau**, Glycerin, Cetearyl Alcohol, Propanediol, Olea Europaea (Olive) Fruit Oil*, Prunus Amygdalus Dulcis (Sweet Almond) Oil, Ethylhexyl Palmitate, Olus Oil\/Vegetable Oil\/Huile V\u00e9g\u00e9tale, Cetyl Esters, Aqua\/Water\/Eau, Propolis Extract, Chamomilla Recutita (Matricaria) Flower* Extract, Lavandula Angustifolia (Lavender) Flower* Extract, Rosa Canina Fruit* Extract, Magnolia Officinalis Bark Extract, Mel\/Honey\/Miel, Panthenol, Helianthus Annuus (Sunflower) Seed Oil*, Tocopherol, Ethylhexylglycerin, Cetyl Hydroxyethylcellulose, Glyceryl Oleate, Lauryl Glucoside, Tetrasodium Glutamate Diacetate, Hydroxyacetophenone, Acrylates\/C10-30 Alkyl Acrylate Crosspolymer, Polyglyceryl-2 Dipolyhydroxystearate, Xanthan Gum, Dicaprylyl Carbonate, Sodium Hydroxide, Parfum\/Fragrance, Benzyl Salicylate, Alpha-Isomethyl Ionone, Citronellol, Linalool, Hexyl Cinnamal.<\/p>\n<p>*Organic cultivation<br \/>\n*<em>Rosa Canina Fruit<\/em> Aqueous Infusion = Wild Rose Infusion<\/p>\n<p><strong>La lista de ingredientes puede estar sujeta a cambios. Le aconsejamos que siempre compruebe la lista de ingredientes que aparece en el producto comprado.<\/strong><\/p>","protected":false},"excerpt":{"rendered":"<p>Leche limpiadora suave con camomila y miel que elimina el maquillaje y las impurezas del rostro y los ojos a la vez que tonifica la piel.<\/p>","protected":false},"featured_media":3952,"comment_status":"open","ping_status":"closed","template":"","meta":{"_acf_changed":false,"inline_featured_image":false},"product_cat":[106],"product_tag":[322,323,132,308,309,324,325,139,326,313,314,161,327,328,329,315,330,331,332,333,334,335,336,337,338,339],"genre":[],"class_list":{"0":"post-5360","1":"product","2":"type-product","3":"status-publish","4":"has-post-thumbnail","6":"product_cat-belleza","7":"product_tag-322","8":"product_tag-323","9":"product_tag-anti","10":"product_tag-antiedad","11":"product_tag-apivita","12":"product_tag-camomila","13":"product_tag-cleasing","14":"product_tag-crema","15":"product_tag-desmaquillante","16":"product_tag-edad","17":"product_tag-jalea","18":"product_tag-leche","19":"product_tag-limpiadora","20":"product_tag-maquilla","21":"product_tag-maquillaje","22":"product_tag-miel","23":"product_tag-milk","24":"product_tag-ojos","25":"product_tag-quita","26":"product_tag-removedor","27":"product_tag-revitaliza","28":"product_tag-revitalizante","29":"product_tag-rostro","30":"product_tag-suave","31":"product_tag-suaviza","32":"product_tag-tonifica","34":"first","35":"instock","36":"taxable","37":"shipping-taxable","38":"purchasable","39":"product-type-simple","40":"add-to-wishlist-after_add_to_cart"},"acf":[],"_links":{"self":[{"href":"https:\/\/compraencieza.es\/en\/wp-json\/wp\/v2\/product\/5360","targetHints":{"allow":["GET"]}}],"collection":[{"href":"https:\/\/compraencieza.es\/en\/wp-json\/wp\/v2\/product"}],"about":[{"href":"https:\/\/compraencieza.es\/en\/wp-json\/wp\/v2\/types\/product"}],"replies":[{"embeddable":true,"href":"https:\/\/compraencieza.es\/en\/wp-json\/wp\/v2\/comments?post=5360"}],"wp:featuredmedia":[{"embeddable":true,"href":"https:\/\/compraencieza.es\/en\/wp-json\/wp\/v2\/media\/3952"}],"wp:attachment":[{"href":"https:\/\/compraencieza.es\/en\/wp-json\/wp\/v2\/media?parent=5360"}],"wp:term":[{"taxonomy":"product_cat","embeddable":true,"href":"https:\/\/compraencieza.es\/en\/wp-json\/wp\/v2\/product_cat?post=5360"},{"taxonomy":"product_tag","embeddable":true,"href":"https:\/\/compraencieza.es\/en\/wp-json\/wp\/v2\/product_tag?post=5360"},{"taxonomy":"product_brand","embeddable":true,"href":"https:\/\/compraencieza.es\/en\/wp-json\/wp\/v2\/genre?post=5360"}],"curies":[{"name":"wp","href":"https:\/\/api.w.org\/{rel}","templated":true}]}}