{"id":5364,"date":"2025-01-09T17:08:48","date_gmt":"2025-01-09T16:08:48","guid":{"rendered":"https:\/\/compraencieza.es\/?post_type=product&#038;p=5364"},"modified":"2025-01-09T17:26:11","modified_gmt":"2025-01-09T16:26:11","slug":"apivita-lip-care-balsamo-labial","status":"publish","type":"product","link":"https:\/\/compraencieza.es\/en\/product\/apivita-lip-care-balsamo-labial\/","title":{"rendered":"Apivita Lip Care Lip Balm"},"content":{"rendered":"<p><strong>Reparaci\u00f3n para Labios Secos y Agrietados:<\/strong> Prueba nuestro cuidado de labios con prop\u00f3leo que alivia la sensaci\u00f3n de incomodidad, con efecto calmante y textura ligera y cremosa. Ideal para hombres y mujeres, especialmente durante el invierno. Perfecto como base para un b\u00e1lsamo labial.<\/p>\n<p><strong>Hidrataci\u00f3n antes del Labial:<\/strong> Recuerda hidratar tus labios al menos 15 minutos antes de aplicar tu labial favorito para lograr una aplicaci\u00f3n de color uniforme e hidratada.<\/p>\n<p><strong>Labios con Color Natural:<\/strong> A\u00f1ade un toque de color luminoso y un sabor dulce y afrutado a tus labios con nuestros b\u00e1lsamos labiales con color:<\/p>\n<ul>\n<li><strong>B\u00e1lsamo Labial de Granada:<\/strong> Color rosa rojizo y sabor a frutos rojos.<\/li>\n<li><strong>B\u00e1lsamo Labial con Grosella Negra:<\/strong> Color burdeos y sabor dulce y afrutado.<\/li>\n<li><strong>B\u00e1lsamo Labial con Casta\u00f1a:<\/strong> Ligero color chocolate y sabor a casta\u00f1a.<\/li>\n<\/ul>\n<p><strong>Protecci\u00f3n UV:<\/strong> La piel de los labios tiene poca concentraci\u00f3n de melanina, por lo que necesitan protecci\u00f3n contra los signos del envejecimiento y los rayos UV. Protege tus labios todo el a\u00f1o con un b\u00e1lsamo labial protector UV:<\/p>\n<ul>\n<li><strong>B\u00e1lsamo Labial con Camomila SPF15:<\/strong> Textura ligera, ideal para verano y deportes al aire libre.<\/li>\n<li><strong>B\u00e1lsamo Labial con Manteca de Cacao SPF20:<\/strong> Textura suave, ideal para verano y deportes al aire libre.<\/li>\n<\/ul>\n<p><strong>Cuidado Labial sin Gluten:<\/strong> Elige entre nuestro b\u00e1lsamo labial con Miel o Bee Princess; ambos sin gluten, ofrecen hidrataci\u00f3n y suavidad a los labios.<\/p>\n<p><strong>Unidades Disponibles:<\/strong><\/p>\n<ul>\n<li><strong>Con Color:<\/strong> Granada, Casta\u00f1a, Grosella Negra.<\/li>\n<li><strong>Con Protecci\u00f3n Solar:<\/strong> Camomila SPF15, Manteca de Cacao SPF20.<\/li>\n<\/ul>","protected":false},"excerpt":{"rendered":"<p>Hidrata, protege y nutre tus labios! Enriquecidos con cera de abeja org\u00e1nica, miel, prop\u00f3leo, extractos, vitaminas y filtros UV, nuestro cuidado de labios hidrata y calma los labios secos y agrietados, dej\u00e1ndolos suaves e hidratados.<\/p>","protected":false},"featured_media":3957,"comment_status":"open","ping_status":"closed","template":"","meta":{"_acf_changed":false,"inline_featured_image":false},"product_cat":[106],"product_tag":[359,360,309,361,310,362,363,364,365,324,366,367,368,369,370,346,371,372,144,373,374,375,376,377,315,378,216,379,380,381,316,382,234,383,384,355,289],"genre":[],"class_list":{"0":"post-5364","1":"product","2":"type-product","3":"status-publish","4":"has-post-thumbnail","6":"product_cat-belleza","7":"product_tag-agrietado","8":"product_tag-agrietados","9":"product_tag-apivita","10":"product_tag-balsamo","11":"product_tag-bee","12":"product_tag-black","13":"product_tag-butter","14":"product_tag-cacao","15":"product_tag-calma","16":"product_tag-camomila","17":"product_tag-castana","18":"product_tag-chamomile","19":"product_tag-chestnut","20":"product_tag-color","21":"product_tag-currant","22":"product_tag-gluten","23":"product_tag-granada","24":"product_tag-grosella","25":"product_tag-hidrata","26":"product_tag-karite","27":"product_tag-labial","28":"product_tag-labios","29":"product_tag-lips","30":"product_tag-manteca","31":"product_tag-miel","32":"product_tag-mujeres","33":"product_tag-natural","34":"product_tag-pomegranate","35":"product_tag-princes","36":"product_tag-princess","37":"product_tag-propoleo","38":"product_tag-propolis","39":"product_tag-proteccion","40":"product_tag-seca","41":"product_tag-secos","42":"product_tag-sin","43":"product_tag-solar","45":"first","46":"instock","47":"taxable","48":"shipping-taxable","49":"purchasable","50":"product-type-variable","51":"add-to-wishlist-after_add_to_cart"},"acf":[],"_links":{"self":[{"href":"https:\/\/compraencieza.es\/en\/wp-json\/wp\/v2\/product\/5364","targetHints":{"allow":["GET"]}}],"collection":[{"href":"https:\/\/compraencieza.es\/en\/wp-json\/wp\/v2\/product"}],"about":[{"href":"https:\/\/compraencieza.es\/en\/wp-json\/wp\/v2\/types\/product"}],"replies":[{"embeddable":true,"href":"https:\/\/compraencieza.es\/en\/wp-json\/wp\/v2\/comments?post=5364"}],"wp:featuredmedia":[{"embeddable":true,"href":"https:\/\/compraencieza.es\/en\/wp-json\/wp\/v2\/media\/3957"}],"wp:attachment":[{"href":"https:\/\/compraencieza.es\/en\/wp-json\/wp\/v2\/media?parent=5364"}],"wp:term":[{"taxonomy":"product_cat","embeddable":true,"href":"https:\/\/compraencieza.es\/en\/wp-json\/wp\/v2\/product_cat?post=5364"},{"taxonomy":"product_tag","embeddable":true,"href":"https:\/\/compraencieza.es\/en\/wp-json\/wp\/v2\/product_tag?post=5364"},{"taxonomy":"product_brand","embeddable":true,"href":"https:\/\/compraencieza.es\/en\/wp-json\/wp\/v2\/genre?post=5364"}],"curies":[{"name":"wp","href":"https:\/\/api.w.org\/{rel}","templated":true}]}}