{"id":5374,"date":"2025-01-09T17:08:48","date_gmt":"2025-01-09T16:08:48","guid":{"rendered":"https:\/\/compraencieza.es\/?post_type=product&#038;p=5374"},"modified":"2025-01-09T17:26:11","modified_gmt":"2025-01-09T16:26:11","slug":"soivre-pretty-lips-hidratacion-y-volumen","status":"publish","type":"product","link":"https:\/\/compraencieza.es\/en\/product\/soivre-pretty-lips-hidratacion-y-volumen\/","title":{"rendered":"Soivre Pretty Lips hidrataci\u00f3n y volumen"},"content":{"rendered":"<p>Formulado con el innovador activo Hilurlip aporta +32% de hidrataci\u00f3n (en 1h) y un 18% m\u00e1s de volumen (en un mes), protegiendo tambi\u00e9n de los radicales libres. Adem\u00e1s contiene \u00e1cido hialur\u00f3nico, Vitamina E y manteca de karit\u00e9 para unos labios perfectos. Su textura cremosa permite una f\u00e1cil y r\u00e1pida aplicaci\u00f3n, liberando el color de inmediato.<\/p>","protected":false},"excerpt":{"rendered":"<p>Rejuvenece, hidrata y aporta volumen.<\/p>","protected":false},"featured_media":4003,"comment_status":"open","ping_status":"closed","template":"","meta":{"_acf_changed":false,"inline_featured_image":false},"product_cat":[106],"product_tag":[394,395,144,396,374,375,376,397,216,398,399,400,401,402,403,204,404,405,406,407,408,409],"genre":[],"class_list":{"0":"post-5374","1":"product","2":"type-product","3":"status-publish","4":"has-post-thumbnail","6":"product_cat-belleza","7":"product_tag-brown","8":"product_tag-burgundy","9":"product_tag-hidrata","10":"product_tag-hidratation","11":"product_tag-labial","12":"product_tag-labios","13":"product_tag-lips","14":"product_tag-marron","15":"product_tag-natural","16":"product_tag-nude","17":"product_tag-pink","18":"product_tag-pinta","19":"product_tag-pretty","20":"product_tag-red","21":"product_tag-rojo","22":"product_tag-rosa","23":"product_tag-rubi","24":"product_tag-seco","25":"product_tag-soivre","26":"product_tag-violeta","27":"product_tag-volume","28":"product_tag-volumen","30":"first","31":"instock","32":"taxable","33":"shipping-taxable","34":"purchasable","35":"product-type-variable","36":"add-to-wishlist-after_add_to_cart"},"acf":[],"_links":{"self":[{"href":"https:\/\/compraencieza.es\/en\/wp-json\/wp\/v2\/product\/5374","targetHints":{"allow":["GET"]}}],"collection":[{"href":"https:\/\/compraencieza.es\/en\/wp-json\/wp\/v2\/product"}],"about":[{"href":"https:\/\/compraencieza.es\/en\/wp-json\/wp\/v2\/types\/product"}],"replies":[{"embeddable":true,"href":"https:\/\/compraencieza.es\/en\/wp-json\/wp\/v2\/comments?post=5374"}],"wp:featuredmedia":[{"embeddable":true,"href":"https:\/\/compraencieza.es\/en\/wp-json\/wp\/v2\/media\/4003"}],"wp:attachment":[{"href":"https:\/\/compraencieza.es\/en\/wp-json\/wp\/v2\/media?parent=5374"}],"wp:term":[{"taxonomy":"product_cat","embeddable":true,"href":"https:\/\/compraencieza.es\/en\/wp-json\/wp\/v2\/product_cat?post=5374"},{"taxonomy":"product_tag","embeddable":true,"href":"https:\/\/compraencieza.es\/en\/wp-json\/wp\/v2\/product_tag?post=5374"},{"taxonomy":"product_brand","embeddable":true,"href":"https:\/\/compraencieza.es\/en\/wp-json\/wp\/v2\/genre?post=5374"}],"curies":[{"name":"wp","href":"https:\/\/api.w.org\/{rel}","templated":true}]}}