{"id":5382,"date":"2025-01-09T17:08:49","date_gmt":"2025-01-09T16:08:49","guid":{"rendered":"https:\/\/compraencieza.es\/?post_type=product&#038;p=5382"},"modified":"2025-01-09T17:26:08","modified_gmt":"2025-01-09T16:26:08","slug":"mussvital-base-endurecedora-de-unas","status":"publish","type":"product","link":"https:\/\/compraencieza.es\/en\/product\/mussvital-base-endurecedora-de-unas\/","title":{"rendered":"Mussvital nail hardening base"},"content":{"rendered":"<p>Mussvital Base Endurecedora de U\u00f1as es una soluci\u00f3n en esmalte que act\u00faa como un eficaz endurecedor gracias a su aporte de calcio. Este producto estimula el crecimiento de las u\u00f1as y proporciona una resistencia adicional, protegi\u00e9ndolas de posibles roturas y golpes.<\/p>\n<p><strong>Beneficios:<\/strong><\/p>\n<ul>\n<li><strong>Aporte de Calcio:<\/strong> Estimula el crecimiento de las u\u00f1as y las hace m\u00e1s resistentes.<\/li>\n<li><strong>Queratina:<\/strong> Proporciona un efecto exfoliante, suavizando e hidratando las u\u00f1as.<\/li>\n<li><strong>Rosa Mosqueta y Vitamina E:<\/strong> Ayudan a suavizar e hidratar, mejorando la salud general de las u\u00f1as.<\/li>\n<\/ul>\n<p><strong><br \/>\nIndicaciones:<\/strong><\/p>\n<ul>\n<li><strong>Endurecimiento de U\u00f1as:<\/strong> Ideal para fortalecer y regenerar el estado de las u\u00f1as d\u00e9biles o fr\u00e1giles.<\/li>\n<\/ul>\n<p><strong><br \/>\nModo de Aplicaci\u00f3n:<\/strong><\/p>\n<ul>\n<li><strong>Frecuencia:<\/strong> Aplicar una vez a la semana.<\/li>\n<li><strong>M\u00e9todo:<\/strong> Utilizar el pincel del que dispone el producto para aplicar el esmalte de manera uniforme.<\/li>\n<li><strong>Recomendaci\u00f3n:<\/strong> Quitar la capa anterior con un quitaesmalte antes de aplicar una nueva capa para asegurar la eficacia del tratamiento.<\/li>\n<\/ul>\n<p>Este producto es ideal para quienes buscan fortalecer sus u\u00f1as y prevenir roturas, asegurando unas u\u00f1as m\u00e1s saludables y resistentes.<\/p>","protected":false},"excerpt":{"rendered":"<p>Endurece y regenera el estado de las u\u00f1as. Con queratina, rosa mosqueta, calcio y vitamina E.<\/p>","protected":false},"featured_media":4011,"comment_status":"open","ping_status":"closed","template":"","meta":{"_acf_changed":false,"inline_featured_image":false},"product_cat":[106],"product_tag":[410,411,412,413,414,415,416,417,418,419,420,204,421,406,190,422,358],"genre":[],"class_list":{"0":"post-5382","1":"product","2":"type-product","3":"status-publish","4":"has-post-thumbnail","6":"product_cat-belleza","7":"product_tag-base","8":"product_tag-calcio","9":"product_tag-e","10":"product_tag-endurecedora","11":"product_tag-esencial","12":"product_tag-esmalte","13":"product_tag-essentials","14":"product_tag-masvital","15":"product_tag-mosqueta","16":"product_tag-mussvital","17":"product_tag-queratina","18":"product_tag-rosa","19":"product_tag-soibre","20":"product_tag-soivre","21":"product_tag-unas","22":"product_tag-vitamina","23":"product_tag-vitaminas","25":"first","26":"instock","27":"taxable","28":"shipping-taxable","29":"purchasable","30":"product-type-simple","31":"add-to-wishlist-after_add_to_cart"},"acf":[],"_links":{"self":[{"href":"https:\/\/compraencieza.es\/en\/wp-json\/wp\/v2\/product\/5382","targetHints":{"allow":["GET"]}}],"collection":[{"href":"https:\/\/compraencieza.es\/en\/wp-json\/wp\/v2\/product"}],"about":[{"href":"https:\/\/compraencieza.es\/en\/wp-json\/wp\/v2\/types\/product"}],"replies":[{"embeddable":true,"href":"https:\/\/compraencieza.es\/en\/wp-json\/wp\/v2\/comments?post=5382"}],"wp:featuredmedia":[{"embeddable":true,"href":"https:\/\/compraencieza.es\/en\/wp-json\/wp\/v2\/media\/4011"}],"wp:attachment":[{"href":"https:\/\/compraencieza.es\/en\/wp-json\/wp\/v2\/media?parent=5382"}],"wp:term":[{"taxonomy":"product_cat","embeddable":true,"href":"https:\/\/compraencieza.es\/en\/wp-json\/wp\/v2\/product_cat?post=5382"},{"taxonomy":"product_tag","embeddable":true,"href":"https:\/\/compraencieza.es\/en\/wp-json\/wp\/v2\/product_tag?post=5382"},{"taxonomy":"product_brand","embeddable":true,"href":"https:\/\/compraencieza.es\/en\/wp-json\/wp\/v2\/genre?post=5382"}],"curies":[{"name":"wp","href":"https:\/\/api.w.org\/{rel}","templated":true}]}}