{"id":5386,"date":"2025-01-09T17:08:52","date_gmt":"2025-01-09T16:08:52","guid":{"rendered":"https:\/\/compraencieza.es\/?post_type=product&#038;p=5386"},"modified":"2025-01-09T17:38:17","modified_gmt":"2025-01-09T16:38:17","slug":"soivre-esmalte-de-unas","status":"publish","type":"product","link":"https:\/\/compraencieza.es\/en\/product\/soivre-esmalte-de-unas\/","title":{"rendered":"Soivre Nail Polish"},"content":{"rendered":"<p>Es una soluci\u00f3n en esmalte dise\u00f1ada para actuar como un eficaz endurecedor de u\u00f1as, proporcionando resistencia adicional y protegi\u00e9ndolas contra posibles roturas. Su f\u00f3rmula incluye calcio, queratina, rosa mosqueta y vitamina E para estimular el crecimiento, exfoliar, suavizar e hidratar las u\u00f1as.<\/p>\n<p><strong>Indicaciones:<\/strong> Indicado para endurecer y regenerar el estado de las u\u00f1as.<\/p>\n<p><strong>Instructions for Use:<\/strong> Aplicar el esmalte endurecedor de u\u00f1as una vez a la semana de forma uniforme con el pincel incluido. Se recomienda retirar la capa anterior con un quitaesmalte antes de aplicar una nueva capa.<\/p>\n<p><strong>Caracter\u00edsticas y Beneficios:<\/strong><\/p>\n<ul>\n<li><strong>Resina Polim\u00e9rica de Nueva Generaci\u00f3n:<\/strong> Evita la rotura precoz de la capa del esmalte.<\/li>\n<li><strong>60% de Solventes Vol\u00e1tiles:<\/strong> Garantiza un secado r\u00e1pido.<\/li>\n<li><strong>7 FREE+:<\/strong> Libre de formaldeh\u00eddo, tolueno, DBP, resina de formaldeh\u00eddo, alcanfor, etil tosilamida, xileno, parabenos, TPHP, MIT, fragancias y derivados animales.<\/li>\n<li><strong>Dermatol\u00f3gicamente Testado<\/strong><\/li>\n<\/ul>\n<p><strong>Ingredients:<\/strong><\/p>\n<ul>\n<li><strong>Butyl acetate<\/strong><\/li>\n<li><strong>Ethyl acetate<\/strong><\/li>\n<li><strong>Nitrocellulose<\/strong><\/li>\n<li><strong>Acetyl tributyl citrate<\/strong><\/li>\n<li><strong>Polyester-23<\/strong><\/li>\n<li><strong>Isopropyl Alcohol<\/strong><\/li>\n<li><strong>Adipic Acid \/ Neopentyl glycol \/ Trimellitic Anhydride Copolymer<\/strong><\/li>\n<li><strong>Stearalkonium Bentonite<\/strong><\/li>\n<li><strong>Sucrose Acetate Isobutyrate<\/strong><\/li>\n<li><strong>Silica<\/strong><\/li>\n<li><strong>Diacetone Alcohol<\/strong><\/li>\n<li><strong>Styrene \/ Acrylates Copolymer<\/strong><\/li>\n<li><strong>Acrylates Copolymer<\/strong><\/li>\n<li><strong>Pentaerythrityl Tetraisostearate<\/strong><\/li>\n<li><strong>Phosphoric Acid<\/strong><\/li>\n<\/ul>\n<p><strong>Aplicaci\u00f3n Recomendada:<\/strong> Aplicar una o varias capas uniformes sobre las u\u00f1as para obtener los mejores resultados en endurecimiento y protecci\u00f3n.<\/p>\n<p><strong>Beneficios Clave:<\/strong><\/p>\n<ul>\n<li><strong>F\u00f3rmula Libre de Ingredientes Nocivos:<\/strong> 7 FREE+ asegura que el producto est\u00e1 libre de varios qu\u00edmicos potencialmente da\u00f1inos.<\/li>\n<li><strong>Secado R\u00e1pido:<\/strong> Gracias a su alto contenido de solventes vol\u00e1tiles.<\/li>\n<li><strong>Endurecimiento y Protecci\u00f3n:<\/strong> Fortalece las u\u00f1as y las protege de roturas y exfoliaciones.<\/li>\n<\/ul>","protected":false},"excerpt":{"rendered":"<p>Formulado con resina polim\u00e9rica de nueva generaci\u00f3n que evita la rotura precoz de la capa del esmalte. LONGWEAR | Esmalte de larga duraci\u00f3n.<\/p>","protected":false},"featured_media":4016,"comment_status":"open","ping_status":"closed","template":"","meta":{"_acf_changed":false,"inline_featured_image":false},"product_cat":[106],"product_tag":[153,438,439,440,441,442,443,444,445,446,447,395,448,449,450,369,451,452,453,454,455,456,457,458,265,459,415,460,461,462,181,463,464,465,466,467,468,469,470,471,472,473,474,475,476,477,478,479,480,398,481,482,483,484,485,486,487,488,402,489,403,204,490,491,404,492,188,493,494,406,495,496,497,498,190,208,499,500,407,501],"genre":[],"class_list":{"0":"post-5386","1":"product","2":"type-product","3":"status-publish","4":"has-post-thumbnail","6":"product_cat-belleza","7":"product_tag-153","8":"product_tag-amarillo","9":"product_tag-artic","10":"product_tag-artico","11":"product_tag-atardecer","12":"product_tag-azul","13":"product_tag-baya","14":"product_tag-beauty","15":"product_tag-berry","16":"product_tag-blue","17":"product_tag-burdeos","18":"product_tag-burgundy","19":"product_tag-candy","20":"product_tag-cloud","21":"product_tag-collection","22":"product_tag-color","23":"product_tag-colors","24":"product_tag-coral","25":"product_tag-dark","26":"product_tag-desierto","27":"product_tag-dessert","28":"product_tag-dorado","29":"product_tag-dulce","30":"product_tag-electric","31":"product_tag-electrico","32":"product_tag-endurecedor","33":"product_tag-esmalte","34":"product_tag-evita","35":"product_tag-fantasia","36":"product_tag-fantasy","37":"product_tag-fiesta","38":"product_tag-free","39":"product_tag-fuchsia","40":"product_tag-fucsia","41":"product_tag-funi","42":"product_tag-funny","43":"product_tag-fusia","44":"product_tag-generacion","45":"product_tag-gold","46":"product_tag-gracioso","47":"product_tag-gray","48":"product_tag-green","49":"product_tag-lilac","50":"product_tag-longwear","51":"product_tag-menta","52":"product_tag-mermaid","53":"product_tag-mint","54":"product_tag-nails","55":"product_tag-nube","56":"product_tag-nude","57":"product_tag-nueva","58":"product_tag-ocean","59":"product_tag-oceano","60":"product_tag-oro","61":"product_tag-oscuro","62":"product_tag-party","63":"product_tag-polimerica","64":"product_tag-precoz","65":"product_tag-red","66":"product_tag-resina","67":"product_tag-rojo","68":"product_tag-rosa","69":"product_tag-rose","70":"product_tag-rotura","71":"product_tag-rubi","72":"product_tag-ruby","73":"product_tag-set","74":"product_tag-sirena","75":"product_tag-sirenita","76":"product_tag-soivre","77":"product_tag-sol","78":"product_tag-sun","79":"product_tag-sunset","80":"product_tag-una","81":"product_tag-unas","82":"product_tag-verde","83":"product_tag-viejo","84":"product_tag-violet","85":"product_tag-violeta","86":"product_tag-yellow","88":"first","89":"instock","90":"taxable","91":"shipping-taxable","92":"product-type-variable","93":"add-to-wishlist-after_add_to_cart"},"acf":[],"_links":{"self":[{"href":"https:\/\/compraencieza.es\/en\/wp-json\/wp\/v2\/product\/5386","targetHints":{"allow":["GET"]}}],"collection":[{"href":"https:\/\/compraencieza.es\/en\/wp-json\/wp\/v2\/product"}],"about":[{"href":"https:\/\/compraencieza.es\/en\/wp-json\/wp\/v2\/types\/product"}],"replies":[{"embeddable":true,"href":"https:\/\/compraencieza.es\/en\/wp-json\/wp\/v2\/comments?post=5386"}],"wp:featuredmedia":[{"embeddable":true,"href":"https:\/\/compraencieza.es\/en\/wp-json\/wp\/v2\/media\/4016"}],"wp:attachment":[{"href":"https:\/\/compraencieza.es\/en\/wp-json\/wp\/v2\/media?parent=5386"}],"wp:term":[{"taxonomy":"product_cat","embeddable":true,"href":"https:\/\/compraencieza.es\/en\/wp-json\/wp\/v2\/product_cat?post=5386"},{"taxonomy":"product_tag","embeddable":true,"href":"https:\/\/compraencieza.es\/en\/wp-json\/wp\/v2\/product_tag?post=5386"},{"taxonomy":"product_brand","embeddable":true,"href":"https:\/\/compraencieza.es\/en\/wp-json\/wp\/v2\/genre?post=5386"}],"curies":[{"name":"wp","href":"https:\/\/api.w.org\/{rel}","templated":true}]}}