{"id":5428,"date":"2025-01-09T17:08:57","date_gmt":"2025-01-09T16:08:57","guid":{"rendered":"https:\/\/compraencieza.es\/?post_type=product&#038;p=5428"},"modified":"2025-01-09T17:26:06","modified_gmt":"2025-01-09T16:26:06","slug":"colutorio-oral-b-pro-expert-2x500","status":"publish","type":"product","link":"https:\/\/compraencieza.es\/en\/product\/colutorio-oral-b-pro-expert-2x500\/","title":{"rendered":"Oral-B pro-expert mouthwash 2\u00d7500"},"content":{"rendered":"<p>El enjuague bucal Oral-B Pro-Expert Protecci\u00f3n Profesional ha sido formulado para proporcionar una protecci\u00f3n completa y duradera contra la placa bacteriana, con beneficios espec\u00edficos que incluyen:<\/p>\n<ul>\n<li><strong>Protecci\u00f3n 24 horas contra la placa:<\/strong> Cuando se utiliza dos veces al d\u00eda, este enjuague bucal asegura una protecci\u00f3n continua contra la formaci\u00f3n de placa, ayudando a mantener una buena salud bucal.<\/li>\n<li><strong>Suave y sin sensaci\u00f3n de ardor:<\/strong> A diferencia de algunos enjuagues que pueden causar sensaci\u00f3n de ardor, el Oral-B Pro-Expert es suave y no irritante, lo que lo hace c\u00f3modo de usar.<\/li>\n<li><strong>Probado cl\u00ednicamente:<\/strong> Ha sido evaluado en estudios cl\u00ednicos para garantizar su eficacia en la reducci\u00f3n de la placa dental y la protecci\u00f3n de las enc\u00edas.<\/li>\n<li><strong>Sabor a menta fresca:<\/strong> Su agradable sabor a menta fresca deja una sensaci\u00f3n refrescante y limpia en la boca despu\u00e9s de cada enjuague, mejorando la experiencia de higiene bucal diaria.<\/li>\n<\/ul>\n<p>Este enjuague bucal es ideal para aquellos que buscan un producto efectivo y agradable para mantener una boca limpia y protegida durante todo el d\u00eda.<\/p>","protected":false},"excerpt":{"rendered":"<p>24 horas de protecci\u00f3n frente a la placa, limpieza y frescor duradero. Sabor a menta. Pack formato ahorro de 2 unidades de 500ml.<\/p>","protected":false},"featured_media":4091,"comment_status":"open","ping_status":"closed","template":"","meta":{"_acf_changed":false,"inline_featured_image":false},"product_cat":[105],"product_tag":[502,503,504,505,506,507,508,535,139,509,510,511,512,513,415,514,515,345,224,516,517,518,537,519,520,521,476,522,523,524,525,255,526,527,528,529,530,531,532,533,355,339,534,539],"genre":[],"class_list":{"0":"post-5428","1":"product","2":"type-product","3":"status-publish","4":"has-post-thumbnail","6":"product_cat-salud","7":"product_tag-alcohol","8":"product_tag-aliento","9":"product_tag-b","10":"product_tag-bioadhesivo","11":"product_tag-blanqueamiento","12":"product_tag-caries","13":"product_tag-clorhexidina","14":"product_tag-colutorio","15":"product_tag-crema","16":"product_tag-dental","17":"product_tag-diente","18":"product_tag-dientes","19":"product_tag-encias","20":"product_tag-enjuague","21":"product_tag-esmalte","22":"product_tag-expert","23":"product_tag-fluor","24":"product_tag-fresca","25":"product_tag-gel","26":"product_tag-gengivitis","27":"product_tag-gingi","28":"product_tag-gingivitis","29":"product_tag-junior","30":"product_tag-lacer","31":"product_tag-limpia","32":"product_tag-limpieza","33":"product_tag-menta","34":"product_tag-oral","35":"product_tag-pasta","36":"product_tag-placa","37":"product_tag-placa-bacteriana","38":"product_tag-pro","39":"product_tag-pro-expert","40":"product_tag-proexpert","41":"product_tag-remineraliza","42":"product_tag-remineralizacion","43":"product_tag-sarro","44":"product_tag-sensi","45":"product_tag-sensibilidad","46":"product_tag-sensilacer","47":"product_tag-sin","48":"product_tag-tonifica","49":"product_tag-tonificante","50":"product_tag-vitis","52":"first","53":"instock","54":"taxable","55":"shipping-taxable","56":"purchasable","57":"product-type-simple","58":"add-to-wishlist-after_add_to_cart"},"acf":[],"_links":{"self":[{"href":"https:\/\/compraencieza.es\/en\/wp-json\/wp\/v2\/product\/5428","targetHints":{"allow":["GET"]}}],"collection":[{"href":"https:\/\/compraencieza.es\/en\/wp-json\/wp\/v2\/product"}],"about":[{"href":"https:\/\/compraencieza.es\/en\/wp-json\/wp\/v2\/types\/product"}],"replies":[{"embeddable":true,"href":"https:\/\/compraencieza.es\/en\/wp-json\/wp\/v2\/comments?post=5428"}],"wp:featuredmedia":[{"embeddable":true,"href":"https:\/\/compraencieza.es\/en\/wp-json\/wp\/v2\/media\/4091"}],"wp:attachment":[{"href":"https:\/\/compraencieza.es\/en\/wp-json\/wp\/v2\/media?parent=5428"}],"wp:term":[{"taxonomy":"product_cat","embeddable":true,"href":"https:\/\/compraencieza.es\/en\/wp-json\/wp\/v2\/product_cat?post=5428"},{"taxonomy":"product_tag","embeddable":true,"href":"https:\/\/compraencieza.es\/en\/wp-json\/wp\/v2\/product_tag?post=5428"},{"taxonomy":"product_brand","embeddable":true,"href":"https:\/\/compraencieza.es\/en\/wp-json\/wp\/v2\/genre?post=5428"}],"curies":[{"name":"wp","href":"https:\/\/api.w.org\/{rel}","templated":true}]}}