{"id":5429,"date":"2025-01-09T17:08:57","date_gmt":"2025-01-09T16:08:57","guid":{"rendered":"https:\/\/compraencieza.es\/?post_type=product&#038;p=5429"},"modified":"2025-01-09T17:26:06","modified_gmt":"2025-01-09T16:26:06","slug":"otosan-spray-limpiador-de-cerumen","status":"publish","type":"product","link":"https:\/\/compraencieza.es\/en\/product\/otosan-spray-limpiador-de-cerumen\/","title":{"rendered":"Otosan earwax removal spray"},"content":{"rendered":"<p>Otosan Spray es un producto innovador dise\u00f1ado para la higiene auditiva y la eliminaci\u00f3n del cerumen, basado en a\u00f1os de investigaci\u00f3n cient\u00edfica y formulado con ingredientes bio-eficaces provenientes de agricultura ecol\u00f3gica. Aqu\u00ed tienes una descripci\u00f3n detallada:<\/p>\n<h3>Caracter\u00edsticas principales:<\/h3>\n<ul>\n<li><strong>Eliminaci\u00f3n del cerumen:<\/strong> Ayuda a eliminar el cerumen acumulado de manera efectiva y suave.<\/li>\n<li><strong>Higiene habitual del o\u00eddo:<\/strong> Contribuye a mantener la limpieza y salud del conducto auditivo.<\/li>\n<li><strong>Alivio de sensaciones desagradables:<\/strong> Ayuda a eliminar la sensaci\u00f3n de o\u00eddos tapados, p\u00e9rdida auditiva leve y ruidos molestos en el o\u00eddo.<\/li>\n<\/ul>\n<h3>Composici\u00f3n:<\/h3>\n<ul>\n<li><strong>Soluci\u00f3n isot\u00f3nica e hidrosalina:<\/strong> Proporciona una base de limpieza suave y equilibrada para el o\u00eddo.<\/li>\n<li><strong>\u00c1rbol del t\u00e9:<\/strong> Conocido por sus propiedades higienizantes y purificantes.<\/li>\n<li><strong>Extractos de plantas de cultivos ecol\u00f3gicos:<\/strong>\n<ul>\n<li><strong>Aloe Vera:<\/strong> Con propiedades hidratantes que ayudan a mantener la piel del o\u00eddo suave.<\/li>\n<li><strong>Lim\u00f3n:<\/strong> Tiene propiedades purificantes y refrescantes.<\/li>\n<li><strong>Manzanilla:<\/strong> Con funci\u00f3n suavizante y calmante para la piel del o\u00eddo.<\/li>\n<li><strong>Cal\u00e9ndula:<\/strong> Con efecto regenerador que puede ayudar en la recuperaci\u00f3n de la piel del o\u00eddo.<\/li>\n<li><strong>Malva:<\/strong> Con propiedades emolientes que ayudan a mantener la piel del o\u00eddo suave y flexible.<\/li>\n<\/ul>\n<\/li>\n<\/ul>\n<h3>Beneficios adicionales:<\/h3>\n<ul>\n<li><strong>Sin colorantes ni conservantes artificiales:<\/strong> Formulado para garantizar la m\u00e1xima tolerabilidad dermatol\u00f3gica, reduciendo el riesgo de reacciones adversas.<\/li>\n<\/ul>\n<p>Este spray est\u00e1 dise\u00f1ado para proporcionar una soluci\u00f3n integral para la limpieza y el cuidado del o\u00eddo, utilizando ingredientes naturales y respetuosos con la piel. Es ideal para personas que buscan mantener una buena higiene auditiva de manera suave y efectiva.<\/p>","protected":false},"excerpt":{"rendered":"<p>Producto innovador para la eliminaci\u00f3n del cerumen, sensaci\u00f3n de o\u00eddos tapados y perdida auditiva.<\/p>","protected":false},"featured_media":4092,"comment_status":"open","ping_status":"closed","template":"","meta":{"_acf_changed":false,"inline_featured_image":false},"product_cat":[105],"product_tag":[547,217,548,549,550,551,552,553,554,555,556,557,558,559,560,561,562,563,564,565,566,567,568,569,570,290,571,572,573,236,574],"genre":[],"class_list":{"0":"post-5429","1":"product","2":"type-product","3":"status-publish","4":"has-post-thumbnail","6":"product_cat-salud","7":"product_tag-aloe","8":"product_tag-arbol","9":"product_tag-audicion","10":"product_tag-auditiva","11":"product_tag-auditivo","12":"product_tag-calendula","13":"product_tag-cerumen","14":"product_tag-dermatologica","15":"product_tag-dermatologico","16":"product_tag-ecologica","17":"product_tag-ecologico","18":"product_tag-elimina","19":"product_tag-eliminar","20":"product_tag-hidrosalina","21":"product_tag-higiene","22":"product_tag-hirosalino","23":"product_tag-isotonica","24":"product_tag-isotonico","25":"product_tag-limon","26":"product_tag-malva","27":"product_tag-manzanilla","28":"product_tag-oido","29":"product_tag-perdida","30":"product_tag-ruido","31":"product_tag-sensacion","32":"product_tag-spray","33":"product_tag-sufasa","34":"product_tag-tapado","35":"product_tag-taponado","36":"product_tag-te","37":"product_tag-vera","39":"first","40":"instock","41":"taxable","42":"shipping-taxable","43":"purchasable","44":"product-type-simple","45":"add-to-wishlist-after_add_to_cart"},"acf":[],"_links":{"self":[{"href":"https:\/\/compraencieza.es\/en\/wp-json\/wp\/v2\/product\/5429","targetHints":{"allow":["GET"]}}],"collection":[{"href":"https:\/\/compraencieza.es\/en\/wp-json\/wp\/v2\/product"}],"about":[{"href":"https:\/\/compraencieza.es\/en\/wp-json\/wp\/v2\/types\/product"}],"replies":[{"embeddable":true,"href":"https:\/\/compraencieza.es\/en\/wp-json\/wp\/v2\/comments?post=5429"}],"wp:featuredmedia":[{"embeddable":true,"href":"https:\/\/compraencieza.es\/en\/wp-json\/wp\/v2\/media\/4092"}],"wp:attachment":[{"href":"https:\/\/compraencieza.es\/en\/wp-json\/wp\/v2\/media?parent=5429"}],"wp:term":[{"taxonomy":"product_cat","embeddable":true,"href":"https:\/\/compraencieza.es\/en\/wp-json\/wp\/v2\/product_cat?post=5429"},{"taxonomy":"product_tag","embeddable":true,"href":"https:\/\/compraencieza.es\/en\/wp-json\/wp\/v2\/product_tag?post=5429"},{"taxonomy":"product_brand","embeddable":true,"href":"https:\/\/compraencieza.es\/en\/wp-json\/wp\/v2\/genre?post=5429"}],"curies":[{"name":"wp","href":"https:\/\/api.w.org\/{rel}","templated":true}]}}