{"id":5430,"date":"2025-01-09T17:08:57","date_gmt":"2025-01-09T16:08:57","guid":{"rendered":"https:\/\/compraencieza.es\/?post_type=product&#038;p=5430"},"modified":"2025-01-09T17:26:10","modified_gmt":"2025-01-09T16:26:10","slug":"sensilacer-con-fluor","status":"publish","type":"product","link":"https:\/\/compraencieza.es\/en\/product\/sensilacer-con-fluor\/","title":{"rendered":"Sensilacer con fl\u00faor"},"content":{"rendered":"<p>SensiLacer est\u00e1 formulado espec\u00edficamente para proteger y fortalecer la dentina expuesta, reduciendo la sensibilidad dental ante est\u00edmulos como el fr\u00edo, calor, dulces u otros. Aqu\u00ed tienes los detalles clave de su composici\u00f3n y funcionamiento:<\/p>\n<h3>Ingredientes Activos y Beneficios:<\/h3>\n<ul>\n<li><strong>Nitrato Pot\u00e1sico:<\/strong> Es uno de los ingredientes m\u00e1s eficaces para reducir la sensibilidad dental. Act\u00faa bloqueando los t\u00fabulos dentinales, que est\u00e1n expuestos debido a la retracci\u00f3n de las enc\u00edas o el desgaste del esmalte dental.<\/li>\n<li><strong>Fl\u00faor:<\/strong> Presente en alto contenido, su acci\u00f3n remineralizadora fortalece el esmalte dental y contribuye a prevenir la sensibilidad dental y las caries.<\/li>\n<li><strong>Di\u00f3xido de Silicio Obliterante:<\/strong> Fortalece la dentina al cubrir los t\u00fabulos dentinales, evitando que los est\u00edmulos externos como alimentos calientes o \u00e1cidos penetren y causen molestias.<\/li>\n<\/ul>\n<h3>Funcionamiento:<\/h3>\n<ul>\n<li><strong>Protecci\u00f3n y Fortalecimiento:<\/strong> La pasta dent\u00edfrica forma una capa protectora sobre la dentina expuesta, reduciendo la sensibilidad ante diferentes est\u00edmulos.<\/li>\n<li><strong>Prevenci\u00f3n de Caries:<\/strong> Gracias al alto contenido de fl\u00faor, ayuda a remineralizar el esmalte y protege contra la formaci\u00f3n de caries.<\/li>\n<li><strong>Acci\u00f3n Duradera:<\/strong> Proporciona un alivio r\u00e1pido y duradero de la sensibilidad dental, mejorando la calidad de vida al permitir comer y beber sin molestias.<\/li>\n<\/ul>\n<h3>Uso Recomendado:<\/h3>\n<ul>\n<li>Aplicar una peque\u00f1a cantidad de pasta sobre el cepillo dental y cepillar los dientes al menos dos veces al d\u00eda, preferiblemente despu\u00e9s de cada comida.<\/li>\n<li>Para obtener mejores resultados, es recomendable utilizar de forma continuada y no enjuagar la boca inmediatamente despu\u00e9s del cepillado, para que los ingredientes activos puedan actuar por m\u00e1s tiempo.<\/li>\n<\/ul>\n<p>Esta pasta dent\u00edfrica es ideal para personas que sufren de sensibilidad dental y buscan una soluci\u00f3n efectiva y duradera para proteger sus dientes y mejorar su bienestar bucal general.<\/p>","protected":false},"excerpt":{"rendered":"<p>Alivio r\u00e1pido de la sensibilidad dental.<\/p>","protected":false},"featured_media":4093,"comment_status":"open","ping_status":"closed","template":"","meta":{"_acf_changed":false,"inline_featured_image":false},"product_cat":[105],"product_tag":[503,504,506,507,139,509,510,511,512,513,415,514,515,345,224,519,520,521,476,522,523,524,525,255,526,527,528,529,530,531,532,533],"genre":[],"class_list":{"0":"post-5430","1":"product","2":"type-product","3":"status-publish","4":"has-post-thumbnail","6":"product_cat-salud","7":"product_tag-aliento","8":"product_tag-b","9":"product_tag-blanqueamiento","10":"product_tag-caries","11":"product_tag-crema","12":"product_tag-dental","13":"product_tag-diente","14":"product_tag-dientes","15":"product_tag-encias","16":"product_tag-enjuague","17":"product_tag-esmalte","18":"product_tag-expert","19":"product_tag-fluor","20":"product_tag-fresca","21":"product_tag-gel","22":"product_tag-lacer","23":"product_tag-limpia","24":"product_tag-limpieza","25":"product_tag-menta","26":"product_tag-oral","27":"product_tag-pasta","28":"product_tag-placa","29":"product_tag-placa-bacteriana","30":"product_tag-pro","31":"product_tag-pro-expert","32":"product_tag-proexpert","33":"product_tag-remineraliza","34":"product_tag-remineralizacion","35":"product_tag-sarro","36":"product_tag-sensi","37":"product_tag-sensibilidad","38":"product_tag-sensilacer","40":"first","41":"instock","42":"taxable","43":"shipping-taxable","44":"purchasable","45":"product-type-variable","46":"add-to-wishlist-after_add_to_cart"},"acf":[],"_links":{"self":[{"href":"https:\/\/compraencieza.es\/en\/wp-json\/wp\/v2\/product\/5430","targetHints":{"allow":["GET"]}}],"collection":[{"href":"https:\/\/compraencieza.es\/en\/wp-json\/wp\/v2\/product"}],"about":[{"href":"https:\/\/compraencieza.es\/en\/wp-json\/wp\/v2\/types\/product"}],"replies":[{"embeddable":true,"href":"https:\/\/compraencieza.es\/en\/wp-json\/wp\/v2\/comments?post=5430"}],"wp:featuredmedia":[{"embeddable":true,"href":"https:\/\/compraencieza.es\/en\/wp-json\/wp\/v2\/media\/4093"}],"wp:attachment":[{"href":"https:\/\/compraencieza.es\/en\/wp-json\/wp\/v2\/media?parent=5430"}],"wp:term":[{"taxonomy":"product_cat","embeddable":true,"href":"https:\/\/compraencieza.es\/en\/wp-json\/wp\/v2\/product_cat?post=5430"},{"taxonomy":"product_tag","embeddable":true,"href":"https:\/\/compraencieza.es\/en\/wp-json\/wp\/v2\/product_tag?post=5430"},{"taxonomy":"product_brand","embeddable":true,"href":"https:\/\/compraencieza.es\/en\/wp-json\/wp\/v2\/genre?post=5430"}],"curies":[{"name":"wp","href":"https:\/\/api.w.org\/{rel}","templated":true}]}}