{"id":5445,"date":"2025-01-09T17:08:57","date_gmt":"2025-01-09T16:08:57","guid":{"rendered":"https:\/\/compraencieza.es\/?post_type=product&#038;p=5445"},"modified":"2025-01-09T17:26:10","modified_gmt":"2025-01-09T16:26:10","slug":"exdol-faja-lumbar","status":"publish","type":"product","link":"https:\/\/compraencieza.es\/en\/product\/exdol-faja-lumbar\/","title":{"rendered":"Exdol Faja lumbar"},"content":{"rendered":"<p>La faja lumbar Exdol est\u00e1 disponible en dos variantes, cada una con caracter\u00edsticas espec\u00edficas:<\/p>\n<h3>Exdol Faja Lumbar Transpirable<\/h3>\n<p><strong>Indicaciones y Caracter\u00edsticas:<\/strong><\/p>\n<ul>\n<li>Indicada para todas las actividades donde la zona lumbar requiera protecci\u00f3n especial.<\/li>\n<li>Tensi\u00f3n regulable mediante bandas laterales para ajuste perfecto.<\/li>\n<li>Compresi\u00f3n ajustable con varillas flexibles.<\/li>\n<li>Base en tejido transpirable de lycra, elast\u00e1n y poliamida.<\/li>\n<\/ul>\n<h3>Exdol Faja Lumbar de Neopreno<\/h3>\n<p><strong>Indicaciones y Caracter\u00edsticas:<\/strong><\/p>\n<ul>\n<li>Alivia molestias lumbares y abdominales, proporcionando calor y soporte.<\/li>\n<li>Limita la posibilidad de da\u00f1os en la zona lumbar.<\/li>\n<li>Funciona como reductor abdominal.<\/li>\n<li>Cierre de velcro ajustable.<\/li>\n<li>Material: Neopreno 95%, alta calidad Nylon 5%, grosor de 3.5 mm.<\/li>\n<\/ul>\n<p>Ambos tipos de faja lumbar est\u00e1n dise\u00f1ados para proporcionar soporte y alivio en la zona lumbar, pero difieren en el material y algunas caracter\u00edsticas espec\u00edficas como el tipo de ajuste y transpirabilidad. Es importante elegir el modelo adecuado seg\u00fan las necesidades espec\u00edficas y la comodidad requerida para diferentes actividades.<\/p>","protected":false},"excerpt":{"rendered":"<p>M\u00e1xima comodidad para una buena protecci\u00f3n y prevenci\u00f3n de la zona lumbar. Comprensi\u00f3n ajustable, varillas \ufb02exibles.<\/p>","protected":false},"featured_media":4136,"comment_status":"open","ping_status":"closed","template":"","meta":{"_acf_changed":false,"inline_featured_image":false},"product_cat":[105],"product_tag":[646,647,648,649,650,560,651,652,653,654,655,656,657,234,590,658,659,660],"genre":[],"class_list":{"0":"post-5445","1":"product","2":"type-product","3":"status-publish","4":"has-post-thumbnail","6":"product_cat-salud","7":"product_tag-abdominal","8":"product_tag-comoda","9":"product_tag-comodidad","10":"product_tag-faja","11":"product_tag-flexibles","12":"product_tag-higiene","13":"product_tag-lesiones","14":"product_tag-lumbar","15":"product_tag-lumbares","16":"product_tag-neopreno","17":"product_tag-ortopedia","18":"product_tag-prevencion","19":"product_tag-previene","20":"product_tag-proteccion","21":"product_tag-salud","22":"product_tag-tension","23":"product_tag-transpirable","24":"product_tag-varillas","26":"first","27":"instock","28":"taxable","29":"shipping-taxable","30":"purchasable","31":"product-type-variable","32":"add-to-wishlist-after_add_to_cart"},"acf":[],"_links":{"self":[{"href":"https:\/\/compraencieza.es\/en\/wp-json\/wp\/v2\/product\/5445","targetHints":{"allow":["GET"]}}],"collection":[{"href":"https:\/\/compraencieza.es\/en\/wp-json\/wp\/v2\/product"}],"about":[{"href":"https:\/\/compraencieza.es\/en\/wp-json\/wp\/v2\/types\/product"}],"replies":[{"embeddable":true,"href":"https:\/\/compraencieza.es\/en\/wp-json\/wp\/v2\/comments?post=5445"}],"wp:featuredmedia":[{"embeddable":true,"href":"https:\/\/compraencieza.es\/en\/wp-json\/wp\/v2\/media\/4136"}],"wp:attachment":[{"href":"https:\/\/compraencieza.es\/en\/wp-json\/wp\/v2\/media?parent=5445"}],"wp:term":[{"taxonomy":"product_cat","embeddable":true,"href":"https:\/\/compraencieza.es\/en\/wp-json\/wp\/v2\/product_cat?post=5445"},{"taxonomy":"product_tag","embeddable":true,"href":"https:\/\/compraencieza.es\/en\/wp-json\/wp\/v2\/product_tag?post=5445"},{"taxonomy":"product_brand","embeddable":true,"href":"https:\/\/compraencieza.es\/en\/wp-json\/wp\/v2\/genre?post=5445"}],"curies":[{"name":"wp","href":"https:\/\/api.w.org\/{rel}","templated":true}]}}