{"id":5449,"date":"2025-01-09T17:09:03","date_gmt":"2025-01-09T16:09:03","guid":{"rendered":"https:\/\/compraencieza.es\/?post_type=product&#038;p=5449"},"modified":"2025-01-09T17:26:05","modified_gmt":"2025-01-09T16:26:05","slug":"exdol-munequera-ajustable-de-neopreno-talla-unica","status":"publish","type":"product","link":"https:\/\/compraencieza.es\/en\/product\/exdol-munequera-ajustable-de-neopreno-talla-unica\/","title":{"rendered":"Exdol Adjustable Neoprene Wristband One Size"},"content":{"rendered":"<p>Presentaci\u00f3n: 1ud<\/p>\n<p>Instructions for use:<\/p>\n<ol>\n<li>Colocar la mu\u00f1eca en el centro de la parte ancha envolviendo la tira ancha de<br \/>\nla mu\u00f1equera.<\/li>\n<li>Envolver la tira larga a la mu\u00f1eca hasta sujetar firmemente la tira autoadherente y conseguir la tensi\u00f3n y compresi\u00f3n deseada. Si es necesario, reajustar la colocaci\u00f3n hasta sentirse c\u00f3modo.<\/li>\n<\/ol>","protected":false},"excerpt":{"rendered":"<p>M\u00e1xima protecci\u00f3n en lesiones de mu\u00f1eca. Proporciona confort y seguridad. Gran elasticidad. Cierre velcro ajustable. Neopreno 95% alta calidad, Nylon 5%, Grosor 3,5 mm.<\/p>","protected":false},"featured_media":4139,"comment_status":"open","ping_status":"closed","template":"","meta":{"_acf_changed":false,"inline_featured_image":false},"product_cat":[105],"product_tag":[646,661,662,647,648,663,649,650,560,651,652,653,664,654,655,656,657,234,235,590,665,658,659,666,660,667],"genre":[],"class_list":{"0":"post-5449","1":"product","2":"type-product","3":"status-publish","4":"has-post-thumbnail","6":"product_cat-salud","7":"product_tag-abdominal","8":"product_tag-ajusta","9":"product_tag-cierre","10":"product_tag-comoda","11":"product_tag-comodidad","12":"product_tag-exdol","13":"product_tag-faja","14":"product_tag-flexibles","15":"product_tag-higiene","16":"product_tag-lesiones","17":"product_tag-lumbar","18":"product_tag-lumbares","19":"product_tag-munequera","20":"product_tag-neopreno","21":"product_tag-ortopedia","22":"product_tag-prevencion","23":"product_tag-previene","24":"product_tag-proteccion","25":"product_tag-protege","26":"product_tag-salud","27":"product_tag-talla","28":"product_tag-tension","29":"product_tag-transpirable","30":"product_tag-unica","31":"product_tag-varillas","32":"product_tag-velcro","34":"first","35":"instock","36":"taxable","37":"shipping-taxable","38":"purchasable","39":"product-type-simple","40":"add-to-wishlist-after_add_to_cart"},"acf":[],"_links":{"self":[{"href":"https:\/\/compraencieza.es\/en\/wp-json\/wp\/v2\/product\/5449","targetHints":{"allow":["GET"]}}],"collection":[{"href":"https:\/\/compraencieza.es\/en\/wp-json\/wp\/v2\/product"}],"about":[{"href":"https:\/\/compraencieza.es\/en\/wp-json\/wp\/v2\/types\/product"}],"replies":[{"embeddable":true,"href":"https:\/\/compraencieza.es\/en\/wp-json\/wp\/v2\/comments?post=5449"}],"wp:featuredmedia":[{"embeddable":true,"href":"https:\/\/compraencieza.es\/en\/wp-json\/wp\/v2\/media\/4139"}],"wp:attachment":[{"href":"https:\/\/compraencieza.es\/en\/wp-json\/wp\/v2\/media?parent=5449"}],"wp:term":[{"taxonomy":"product_cat","embeddable":true,"href":"https:\/\/compraencieza.es\/en\/wp-json\/wp\/v2\/product_cat?post=5449"},{"taxonomy":"product_tag","embeddable":true,"href":"https:\/\/compraencieza.es\/en\/wp-json\/wp\/v2\/product_tag?post=5449"},{"taxonomy":"product_brand","embeddable":true,"href":"https:\/\/compraencieza.es\/en\/wp-json\/wp\/v2\/genre?post=5449"}],"curies":[{"name":"wp","href":"https:\/\/api.w.org\/{rel}","templated":true}]}}