{"id":5456,"date":"2025-01-09T17:09:03","date_gmt":"2025-01-09T16:09:03","guid":{"rendered":"https:\/\/compraencieza.es\/?post_type=product&#038;p=5456"},"modified":"2025-01-09T17:26:10","modified_gmt":"2025-01-09T16:26:10","slug":"amix-glutamine-bcaa-530g","status":"publish","type":"product","link":"https:\/\/compraencieza.es\/en\/product\/amix-glutamine-bcaa-530g\/","title":{"rendered":"Amix Glutamine + BCAA 530g"},"content":{"rendered":"<h3>L-Glutamina + BCAA&#8217;s de Amix Nutrition<\/h3>\n<p><strong>L-Glutamina + BCAA&#8217;s<\/strong> es un complemento alimenticio dise\u00f1ado para apoyar el crecimiento y mantenimiento de la masa muscular. Contiene amino\u00e1cidos de cadena ramificada (BCAA) en una proporci\u00f3n \u00f3ptima de 2:1:1 y la misma cantidad de L-Glutamina micronizada, ambos esenciales para la construcci\u00f3n de prote\u00ednas y la salud muscular.<\/p>\n<h4>Beneficios:<\/h4>\n<ul>\n<li><strong>Alta Concentraci\u00f3n de Nutrientes:<\/strong> 10,000 mg de BCAA y L-Glutamina por dosis.<\/li>\n<li><strong>Gran Sabor:<\/strong> Disponible en un formato con buen sabor para una experiencia agradable.<\/li>\n<\/ul>\n<h4>Dosis Diaria Recomendada:<\/h4>\n<ul>\n<li><strong>Total Diario:<\/strong> 10 g (1,5 cacitos)<\/li>\n<li><strong>Instructions for Use:<\/strong>\n<ul>\n<li>Tomar 3\/4 de cacito (5 g) 30 a 60 minutos antes de la actividad f\u00edsica.<\/li>\n<li>Tomar 3\/4 de cacito (5 g) despu\u00e9s de la actividad f\u00edsica.<\/li>\n<li>Mezclar con 200 o 300 ml de agua o zumo.<\/li>\n<\/ul>\n<\/li>\n<\/ul>\n<h4>Informaci\u00f3n Nutricional:<\/h4>\n<table>\n<thead>\n<tr>\n<th><strong>Ingrediente Activo<\/strong><\/th>\n<th><strong>Cantidad por Servicio (12 g \/ 2 cacitos)<\/strong><\/th>\n<\/tr>\n<\/thead>\n<tbody>\n<tr>\n<td>Instant\u00e1neos BCAA 2:1:1<\/td>\n<td>5,000 mg<\/td>\n<\/tr>\n<tr>\n<td>&#8211; L-Leucina<\/td>\n<td>2,500 mg<\/td>\n<\/tr>\n<tr>\n<td>&#8211; L-Isoleucina<\/td>\n<td>1,250 mg<\/td>\n<\/tr>\n<tr>\n<td>&#8211; L-Valina<\/td>\n<td>1,250 mg<\/td>\n<\/tr>\n<tr>\n<td>L-Glutamina Micronizada<\/td>\n<td>5,000 mg<\/td>\n<\/tr>\n<\/tbody>\n<\/table>\n<ul>\n<li><strong>Dosis por Envase:<\/strong> 25<\/li>\n<\/ul>\n<h4>Ingredients:<\/h4>\n<ul>\n<li><strong>Principales:<\/strong> L-Glutamina micronizada, L-Leucina, L-Isoleucina, L-Valina.<\/li>\n<li><strong>Otros:<\/strong> Acidulante (\u00e1cido c\u00edtrico), aroma, edulcorantes (sucralosa, acelsulfamo-K), antiaglomerante (di\u00f3xido de silicio), colorante (rojo de remolacha), emulgente (lecitina de soja).<\/li>\n<\/ul>\n<h4>Advertencias:<\/h4>\n<ul>\n<li><strong>Al\u00e9rgenos:<\/strong> Puede contener trazas de leche, huevos, soja, gluten, mariscos, frutos secos y cacahuetes.<\/li>\n<li><strong>Precauciones:<\/strong>\n<ul>\n<li>No indicado para ni\u00f1os, personas de edad avanzada, mujeres embarazadas o en per\u00edodo de lactancia.<\/li>\n<li>No superar la dosis diaria recomendada.<\/li>\n<li>Mantener fuera del alcance de los ni\u00f1os peque\u00f1os.<\/li>\n<li>Conservar a una temperatura no superior a 25\u00baC en lugar fresco y seco, lejos de la luz solar.<\/li>\n<li>No utilizar como sustituto de una dieta equilibrada.<\/li>\n<li>No consumir durante periodos prolongados sin control m\u00e9dico.<\/li>\n<\/ul>\n<\/li>\n<\/ul>\n<h4>Informaci\u00f3n Adicional:<\/h4>\n<ul>\n<li><strong>Fabricante:<\/strong> Formulada y fabricada exclusivamente para LargeLife Ltd., Enterprise House, 2 Pass Street, Oldham, Manchester, OL9 6HZ, United Kingdom.<\/li>\n<li><strong>Distribuidor:<\/strong> Amix Levante SL., C \/ Holanda n \u00ba 23, Almorad\u00ed 03160 \/Alicante\/, Espa\u00f1a y Portugal.<\/li>\n<li><strong>Lote y Consumo Preferente:<\/strong> Ver parte superior del envase.<\/li>\n<\/ul>\n<p>Este producto es ideal para aquellos que buscan un suplemento de alta calidad para apoyar su r\u00e9gimen de entrenamiento y mejorar la recuperaci\u00f3n muscular.<\/p>","protected":false},"excerpt":{"rendered":"<p>La Glutamina + Bcaa\u00b4s de Amix es un complemento alimenticio compuesto por amino\u00e1cidos ramificados con un ratio \u00f3ptimo ratio 2:1:1 y la misma cantidad de glutamina.<\/p>\n<p>Los amino\u00e1cidos BCAA son los componentes b\u00e1sicos de las prote\u00ednas:<\/p>\n<ul>\n<li>Contiene 5.000 mg de BCAA\u00b4s 5.000 mg de L-Glutamina por servicio<\/li>\n<li>L-Glutamina micronizada y altamente soluble<\/li>\n<li>Bebida instant\u00e1nea<\/li>\n<li>Sin Aspartamo<\/li>\n<\/ul>","protected":false},"featured_media":4154,"comment_status":"open","ping_status":"closed","template":"","meta":{"_acf_changed":false,"inline_featured_image":false},"product_cat":[105],"product_tag":[744,745,746,747,748,637,749,750,751,143,752,753,754,755,756,757,758,759,760],"genre":[],"class_list":{"0":"post-5456","1":"product","2":"type-product","3":"status-publish","4":"has-post-thumbnail","6":"product_cat-salud","7":"product_tag-aminoacido","8":"product_tag-aminoacidos","9":"product_tag-amix","10":"product_tag-batido","11":"product_tag-bcaa","12":"product_tag-deporte","13":"product_tag-deportista","14":"product_tag-glutamina","15":"product_tag-glutamine","16":"product_tag-grasa","17":"product_tag-isoprime","18":"product_tag-lipido","19":"product_tag-musculacion","20":"product_tag-musculos","21":"product_tag-polvo","22":"product_tag-proteina","23":"product_tag-proteinas","24":"product_tag-tonificar","25":"product_tag-vito","27":"first","28":"instock","29":"taxable","30":"shipping-taxable","31":"purchasable","32":"product-type-variable","33":"add-to-wishlist-after_add_to_cart"},"acf":[],"_links":{"self":[{"href":"https:\/\/compraencieza.es\/en\/wp-json\/wp\/v2\/product\/5456","targetHints":{"allow":["GET"]}}],"collection":[{"href":"https:\/\/compraencieza.es\/en\/wp-json\/wp\/v2\/product"}],"about":[{"href":"https:\/\/compraencieza.es\/en\/wp-json\/wp\/v2\/types\/product"}],"replies":[{"embeddable":true,"href":"https:\/\/compraencieza.es\/en\/wp-json\/wp\/v2\/comments?post=5456"}],"wp:featuredmedia":[{"embeddable":true,"href":"https:\/\/compraencieza.es\/en\/wp-json\/wp\/v2\/media\/4154"}],"wp:attachment":[{"href":"https:\/\/compraencieza.es\/en\/wp-json\/wp\/v2\/media?parent=5456"}],"wp:term":[{"taxonomy":"product_cat","embeddable":true,"href":"https:\/\/compraencieza.es\/en\/wp-json\/wp\/v2\/product_cat?post=5456"},{"taxonomy":"product_tag","embeddable":true,"href":"https:\/\/compraencieza.es\/en\/wp-json\/wp\/v2\/product_tag?post=5456"},{"taxonomy":"product_brand","embeddable":true,"href":"https:\/\/compraencieza.es\/en\/wp-json\/wp\/v2\/genre?post=5456"}],"curies":[{"name":"wp","href":"https:\/\/api.w.org\/{rel}","templated":true}]}}