{"id":5474,"date":"2025-01-09T17:09:03","date_gmt":"2025-01-09T16:09:03","guid":{"rendered":"https:\/\/compraencieza.es\/?post_type=product&#038;p=5474"},"modified":"2025-01-09T17:26:10","modified_gmt":"2025-01-09T16:26:10","slug":"anamaria-lajusticia-colageno-con-magnesio","status":"publish","type":"product","link":"https:\/\/compraencieza.es\/en\/product\/anamaria-lajusticia-colageno-con-magnesio\/","title":{"rendered":"Anamar\u00eda Lajusticia Collagen with Magnesium"},"content":{"rendered":"<p><strong>Col\u00e1geno con Magnesio &#8211; Nature Essential<\/strong><\/p>\n<p><strong>Resumen:<\/strong> El col\u00e1geno con magnesio de Nature Essential est\u00e1 dise\u00f1ado para mantener y regenerar el tejido conectivo del cuerpo humano, incluyendo cart\u00edlagos, tendones, huesos, piel, cabello y u\u00f1as. Este suplemento est\u00e1 disponible en dos presentaciones: sticks con sabor a fresa y comprimidos. La adici\u00f3n de magnesio mejora la formaci\u00f3n de prote\u00ednas y el funcionamiento muscular.<\/p>\n<hr \/>\n<h3>Col\u00e1geno con Magnesio en Sticks (Sabor Fresa)<\/h3>\n<p><strong>Characteristics:<\/strong><\/p>\n<ul>\n<li><strong>F\u00f3rmula:<\/strong> Col\u00e1geno hidrolizado y magnesio.<\/li>\n<li><strong>Recommended Dosage:<\/strong>\n<ul>\n<li>Tomar de 1 a 2 sticks al d\u00eda, repartidos entre el desayuno y la cena.<\/li>\n<li>Mezclar con yogur, agua u otro l\u00edquido.<\/li>\n<li>Se recomienda ingerir junto con alimentos ricos en vitamina C.<\/li>\n<\/ul>\n<\/li>\n<\/ul>\n<p><strong>Contenido por Dosis Diaria:<\/strong><\/p>\n<ul>\n<li><strong>1 stick (5 g):<\/strong>\n<ul>\n<li>Col\u00e1geno hidrolizado: 3.4 g<\/li>\n<li>Magnesio: 143 mg (38% VRN)<\/li>\n<\/ul>\n<\/li>\n<li><strong>2 sticks (10 g):<\/strong>\n<ul>\n<li>Col\u00e1geno hidrolizado: 6.9 g<\/li>\n<li>Magnesio: 286 mg (76% VRN)<\/li>\n<\/ul>\n<\/li>\n<\/ul>\n<p><strong>Ingredients:<\/strong><\/p>\n<ul>\n<li>Col\u00e1geno hidrolizado tipo I y II<\/li>\n<li>Aroma natural de fresa<\/li>\n<li>Carbonato de magnesio<\/li>\n<li>Acidulantes (\u00e1cido c\u00edtrico, \u00e1cido tart\u00e1rico [L(+)-])<\/li>\n<li>Edulcorante (gluc\u00f3sidos de esteviol)<\/li>\n<li>Antiaglomerante (sales magn\u00e9sicas de \u00e1cidos grasos)<\/li>\n<\/ul>\n<hr \/>\n<h3>Col\u00e1geno con Magnesio en Comprimidos<\/h3>\n<p><strong>Characteristics:<\/strong><\/p>\n<ul>\n<li><strong>F\u00f3rmula:<\/strong> Col\u00e1geno hidrolizado y magnesio.<\/li>\n<li><strong>Recommended Dosage:<\/strong>\n<ul>\n<li>Tomar de 6 a 9 comprimidos al d\u00eda, repartidos entre el desayuno y la cena.<\/li>\n<li>Se recomienda ingerir junto con alimentos ricos en vitamina C.<\/li>\n<\/ul>\n<\/li>\n<\/ul>\n<p><strong>Contenido por Dosis Diaria:<\/strong><\/p>\n<ul>\n<li><strong>6 comprimidos (4.3 g):<\/strong>\n<ul>\n<li>Col\u00e1geno hidrolizado: 3.6 g<\/li>\n<li>Magnesio: 169 mg (45% VRN)<\/li>\n<\/ul>\n<\/li>\n<li><strong>9 comprimidos (6.5 g):<\/strong>\n<ul>\n<li>Col\u00e1geno hidrolizado: 5.4 g<\/li>\n<li>Magnesio: 254 mg (68% VRN)<\/li>\n<\/ul>\n<\/li>\n<\/ul>\n<p><strong>Ingredients:<\/strong><\/p>\n<ul>\n<li>Col\u00e1geno hidrolizado tipo I y II<\/li>\n<li>Carbonato de magnesio<\/li>\n<li>Aroma natural de fresa<\/li>\n<li>Acidulantes (\u00e1cido c\u00edtrico, \u00e1cido tart\u00e1rico [L(+)-])<\/li>\n<li>Edulcorante (gluc\u00f3sidos de esteviol)<\/li>\n<li>Antiaglomerante (sales magn\u00e9sicas de \u00e1cidos grasos)<\/li>\n<\/ul>\n<hr \/>\n<h3>Col\u00e1geno con Magnesio + Vitamina C (AMLSPORT)<\/h3>\n<p><strong>Characteristics:<\/strong><\/p>\n<ul>\n<li><strong>F\u00f3rmula:<\/strong> Col\u00e1geno hidrolizado, magnesio y vitamina C.<\/li>\n<li><strong>Presentaci\u00f3n:<\/strong> Sticks sabor fresa y comprimidos.<\/li>\n<\/ul>\n<p><strong>Recommended Dosage:<\/strong><\/p>\n<ul>\n<li><strong>En Sticks:<\/strong>\n<ul>\n<li>Tomar de 1 a 2 sticks al d\u00eda, repartidos entre el desayuno y la cena.<\/li>\n<li>Mezclar con yogur, agua u otro l\u00edquido.<\/li>\n<\/ul>\n<\/li>\n<li><strong>En Comprimidos:<\/strong>\n<ul>\n<li>Tomar de 6 a 9 comprimidos al d\u00eda, repartidos entre el desayuno y la cena.<\/li>\n<li>Se recomienda ingerir junto con alimentos ricos en vitamina C.<\/li>\n<\/ul>\n<\/li>\n<\/ul>\n<p><strong>Contenido por Dosis Diaria:<\/strong><\/p>\n<ul>\n<li><strong>1 stick (5 g):<\/strong>\n<ul>\n<li>Col\u00e1geno hidrolizado: 3.6 g<\/li>\n<li>Magnesio: 173 mg (46% VRN)<\/li>\n<li>Vitamina C: 39 mg (49% VRN)<\/li>\n<\/ul>\n<\/li>\n<li><strong>2 sticks (10 g):<\/strong>\n<ul>\n<li>Col\u00e1geno hidrolizado: 7.2 g<\/li>\n<li>Magnesio: 346 mg (92% VRN)<\/li>\n<li>Vitamina C: 78 mg (98% VRN)<\/li>\n<\/ul>\n<\/li>\n<li><strong>6 comprimidos (4.3 g):<\/strong>\n<ul>\n<li>Col\u00e1geno hidrolizado: 3.6 g<\/li>\n<li>Magnesio: 169 mg (45% VRN)<\/li>\n<\/ul>\n<\/li>\n<li><strong>9 comprimidos (6.5 g):<\/strong>\n<ul>\n<li>Col\u00e1geno hidrolizado: 5.4 g<\/li>\n<li>Magnesio: 254 mg (68% VRN)<\/li>\n<\/ul>\n<\/li>\n<\/ul>\n<p><strong>Ingredients:<\/strong><\/p>\n<ul>\n<li>Col\u00e1geno hidrolizado<\/li>\n<li>Carbonato de magnesio<\/li>\n<li>Aroma natural de fresa<\/li>\n<li>Acidulantes (\u00e1cido c\u00edtrico, \u00e1cido tart\u00e1rico [L(+)-])<\/li>\n<li>\u00c1cido L-asc\u00f3rbico (vitamina C)<\/li>\n<li>Edulcorante (gluc\u00f3sidos de esteviol)<\/li>\n<\/ul>\n<hr \/>\n<p><strong>Beneficios:<\/strong><\/p>\n<ul>\n<li><strong>Regeneraci\u00f3n del Tejido Conectivo:<\/strong> Aporta col\u00e1geno necesario para la regeneraci\u00f3n y mantenimiento de cart\u00edlagos, tendones, huesos, piel, cabello y u\u00f1as.<\/li>\n<li><strong>Funci\u00f3n Muscular:<\/strong> El magnesio contribuye al funcionamiento normal de los m\u00fasculos.<\/li>\n<li><strong>Prevenci\u00f3n de Arrugas:<\/strong> Mantiene la piel saludable y retrasa la aparici\u00f3n de arrugas.<\/li>\n<li><strong>Fortaleza de Cabello y U\u00f1as:<\/strong> Ayuda a mantener el cabello y las u\u00f1as fuertes y sanas.<\/li>\n<li><strong>Rendimiento Deportivo:<\/strong> Potencia la s\u00edntesis de prote\u00ednas y la formaci\u00f3n de nuevo col\u00e1geno, ideal para deportistas.<\/li>\n<\/ul>\n<hr \/>\n<h3>Advertencias:<\/h3>\n<ul>\n<li><strong>No usar como sustituto de una dieta variada y equilibrada.<\/strong><\/li>\n<li><strong>Mantener un estilo de vida saludable.<\/strong><\/li>\n<li><strong>No superar la dosis diaria recomendada.<\/strong><\/li>\n<li><strong>Conservar en lugar seco, fresco y protegido de la luz solar.<\/strong><\/li>\n<li><strong>Mantener fuera del alcance de los ni\u00f1os.<\/strong><\/li>\n<li><strong>Consultar al m\u00e9dico en caso de embarazo o lactancia.<\/strong><\/li>\n<\/ul>\n<hr \/>\n<p><strong>Fabricante y Distribuci\u00f3n:<\/strong><\/p>\n<ul>\n<li><strong>Distribuido por:<\/strong> Nature Essential y AMLSPORT.<\/li>\n<li><strong>Fabricado en:<\/strong> Conforme a las normas de calidad y seguridad alimentaria de la UE.<\/li>\n<\/ul>","protected":false},"excerpt":{"rendered":"<p>El col\u00e1geno es la prote\u00edna m\u00e1s abundante en el cuerpo humano, interviene en la regeneraci\u00f3n del tejido osteomuscular. Junto al magnesio, contribuye a la salud del tejido conectivo como la piel, cabello y u\u00f1as, disminuye el cansancio y la fatiga.<\/p>","protected":false},"featured_media":4209,"comment_status":"open","ping_status":"closed","template":"","meta":{"_acf_changed":false,"inline_featured_image":false},"product_cat":[105],"product_tag":[830,831,832,833,834,835,836,837,504,133,838,839,840,841,762,842,843,844,845,846,825,847,637,848,730,849,850,851,852,414,734,853,223,854,855,856,828,857,858,859,860,861,862,863,564,864,865,866,755,199,216,737,739,756,867,642,868,869,870,777,358],"genre":[],"class_list":{"0":"post-5474","1":"product","2":"type-product","3":"status-publish","4":"has-post-thumbnail","6":"product_cat-salud","7":"product_tag-830","8":"product_tag-ac","9":"product_tag-acido","10":"product_tag-alm","11":"product_tag-aml","12":"product_tag-amlsport","13":"product_tag-ana","14":"product_tag-articulaciones","15":"product_tag-b","16":"product_tag-bio","17":"product_tag-boswellia","18":"product_tag-c","19":"product_tag-cacito","20":"product_tag-cartilagos","21":"product_tag-chocolate","22":"product_tag-colageno","23":"product_tag-comprimidos","24":"product_tag-condroitina","25":"product_tag-confortflex","26":"product_tag-curcuma","27":"product_tag-d","28":"product_tag-d3","29":"product_tag-deporte","30":"product_tag-deportistas","31":"product_tag-dis","32":"product_tag-disolucion","33":"product_tag-disolver","34":"product_tag-disuelve","35":"product_tag-epaplus","36":"product_tag-esencial","37":"product_tag-essential","38":"product_tag-fosforo","39":"product_tag-fresa","40":"product_tag-glucosamina","41":"product_tag-hialuronico","42":"product_tag-hidrolizado","43":"product_tag-huesos","44":"product_tag-ialuronico","45":"product_tag-instantaneo","46":"product_tag-intensive","47":"product_tag-justicia","48":"product_tag-k","49":"product_tag-k2","50":"product_tag-lajusticia","51":"product_tag-limon","52":"product_tag-magnesio","53":"product_tag-mantenimiento","54":"product_tag-maria","55":"product_tag-musculos","56":"product_tag-naranja","57":"product_tag-natural","58":"product_tag-nature","59":"product_tag-obire","60":"product_tag-polvo","61":"product_tag-silicio","62":"product_tag-sport","63":"product_tag-sticks","64":"product_tag-tipo","65":"product_tag-vainilla","66":"product_tag-vegetal","67":"product_tag-vitaminas","69":"first","70":"instock","71":"taxable","72":"shipping-taxable","73":"purchasable","74":"product-type-variable","75":"add-to-wishlist-after_add_to_cart"},"acf":[],"_links":{"self":[{"href":"https:\/\/compraencieza.es\/en\/wp-json\/wp\/v2\/product\/5474","targetHints":{"allow":["GET"]}}],"collection":[{"href":"https:\/\/compraencieza.es\/en\/wp-json\/wp\/v2\/product"}],"about":[{"href":"https:\/\/compraencieza.es\/en\/wp-json\/wp\/v2\/types\/product"}],"replies":[{"embeddable":true,"href":"https:\/\/compraencieza.es\/en\/wp-json\/wp\/v2\/comments?post=5474"}],"wp:featuredmedia":[{"embeddable":true,"href":"https:\/\/compraencieza.es\/en\/wp-json\/wp\/v2\/media\/4209"}],"wp:attachment":[{"href":"https:\/\/compraencieza.es\/en\/wp-json\/wp\/v2\/media?parent=5474"}],"wp:term":[{"taxonomy":"product_cat","embeddable":true,"href":"https:\/\/compraencieza.es\/en\/wp-json\/wp\/v2\/product_cat?post=5474"},{"taxonomy":"product_tag","embeddable":true,"href":"https:\/\/compraencieza.es\/en\/wp-json\/wp\/v2\/product_tag?post=5474"},{"taxonomy":"product_brand","embeddable":true,"href":"https:\/\/compraencieza.es\/en\/wp-json\/wp\/v2\/genre?post=5474"}],"curies":[{"name":"wp","href":"https:\/\/api.w.org\/{rel}","templated":true}]}}