{"id":5497,"date":"2025-01-09T17:09:09","date_gmt":"2025-01-09T16:09:09","guid":{"rendered":"https:\/\/compraencieza.es\/?post_type=product&#038;p=5497"},"modified":"2025-01-09T17:26:04","modified_gmt":"2025-01-09T16:26:04","slug":"digest-gases-60-comprimidos","status":"publish","type":"product","link":"https:\/\/compraencieza.es\/en\/product\/digest-gases-60-comprimidos\/","title":{"rendered":"Digest Gases 60 tablets"},"content":{"rendered":"<h3>Modo de Empleo<\/h3>\n<ul>\n<li><strong>Recommended Dosage:<\/strong> Tomar 6 comprimidos al d\u00eda.<\/li>\n<li><strong>Forma de Consumo:<\/strong> Dejar disolver 2 comprimidos en un vaso de agua fr\u00eda o caliente despu\u00e9s de cada comida principal.<\/li>\n<\/ul>\n<h3>Ingredients<\/h3>\n<ul>\n<li><strong>Extracto de Alcaravea:<\/strong> 100 mg (por 2 comprimidos)<\/li>\n<li><strong>Extracto de Hinojo:<\/strong> 100 mg (por 2 comprimidos)<\/li>\n<li><strong>Extracto de Coriandro:<\/strong> 100 mg (por 2 comprimidos)<\/li>\n<li><strong>Extracto de An\u00eds Verde:<\/strong> 100 mg (por 2 comprimidos)<\/li>\n<\/ul>\n<h3>Warnings<\/h3>\n<ul>\n<li><strong>Uso como Complemento:<\/strong> Los complementos alimenticios no deben utilizarse como sustituto de una dieta variada y equilibrada ni de un estilo de vida saludable.<\/li>\n<li><strong>Dosis M\u00e1xima:<\/strong> No superar la cantidad diaria expresamente recomendada.<\/li>\n<li><strong>Seguridad:<\/strong> Keep out of reach of small children.<\/li>\n<li><strong>Conservaci\u00f3n:<\/strong> Conservar en un lugar fresco y seco.<\/li>\n<\/ul>\n<h3>Consejos para el Uso<\/h3>\n<ul>\n<li><strong>Preferir Cocciones Suaves:<\/strong> Cocinar alimentos al vapor, en horno, papillote o a la plancha. Evitar grasas, salsas y picantes para facilitar la digesti\u00f3n.<\/li>\n<li><strong>Realizar Comidas Peque\u00f1as y Frecuentes:<\/strong> Optar por comidas peque\u00f1as y regulares para evitar comidas copiosas despu\u00e9s de largos per\u00edodos de ayuno.<\/li>\n<li><strong>Evitar Excesos:<\/strong> Reducir el consumo de dulces, az\u00facares, alimentos grasos e irritantes. Tambi\u00e9n, moderar el consumo de tabaco y alcohol.<\/li>\n<\/ul>","protected":false},"excerpt":{"rendered":"<p>Digest Gases te ayudar\u00e1 a eliminar los s\u00edntomas de los gases intestinales. Es un complemento alimenticio a base de coriandro, an\u00eds verde, hinojo y alcaravea, que ayuda a combatir las \ufb02atulencias.<\/p>\n<p>A \u00e9sta f\u00f3rmula se le han aplicado las nuevas t\u00e9cnicas gal\u00e9nicas para conseguir unos comprimidos que, en contacto con el agua, explotan dando lugar a una agradable bebida.<\/p>","protected":false},"featured_media":4263,"comment_status":"open","ping_status":"closed","template":"","meta":{"_acf_changed":false,"inline_featured_image":false},"product_cat":[105],"product_tag":[878,879,880,881,882,883,668,884,710,887,888,890,891,843,892,893,894,895,712,896,897,898,344,557,763,901,852,904,905,906,907,908,909,910,783,911,912,913,566,476,216,916,917,918,544,877,658,926,777,208,927],"genre":[],"class_list":{"0":"post-5497","1":"product","2":"type-product","3":"status-publish","4":"has-post-thumbnail","6":"product_cat-salud","7":"product_tag-acidez","8":"product_tag-activo","9":"product_tag-aire","10":"product_tag-alcaravea","11":"product_tag-anis","12":"product_tag-anis-coriadro","13":"product_tag-aparato","14":"product_tag-ardor","15":"product_tag-bienestar","16":"product_tag-capsulas","17":"product_tag-carbon","18":"product_tag-care","19":"product_tag-complemento","20":"product_tag-comprimidos","21":"product_tag-coriandro","22":"product_tag-digest","23":"product_tag-digestcare","24":"product_tag-digestivo","25":"product_tag-dolor","26":"product_tag-dolores","27":"product_tag-dolorosa","28":"product_tag-doloroso","29":"product_tag-eladiet","30":"product_tag-elimina","31":"product_tag-eliminacion","32":"product_tag-enzima","33":"product_tag-epaplus","34":"product_tag-estomacal","35":"product_tag-estomago","36":"product_tag-flatulencia","37":"product_tag-flatulencias","38":"product_tag-gas","39":"product_tag-gases","40":"product_tag-hinogo","41":"product_tag-hinojo","42":"product_tag-inojo","43":"product_tag-intestinal","44":"product_tag-intestino","45":"product_tag-manzanilla","46":"product_tag-menta","47":"product_tag-natural","48":"product_tag-naturalmente","49":"product_tag-pedo","50":"product_tag-peo","51":"product_tag-presion","52":"product_tag-suplemento","53":"product_tag-tension","54":"product_tag-tracto","55":"product_tag-vegetal","56":"product_tag-verde","57":"product_tag-vivir","59":"first","60":"instock","61":"taxable","62":"shipping-taxable","63":"purchasable","64":"product-type-simple","65":"add-to-wishlist-after_add_to_cart"},"acf":[],"_links":{"self":[{"href":"https:\/\/compraencieza.es\/en\/wp-json\/wp\/v2\/product\/5497","targetHints":{"allow":["GET"]}}],"collection":[{"href":"https:\/\/compraencieza.es\/en\/wp-json\/wp\/v2\/product"}],"about":[{"href":"https:\/\/compraencieza.es\/en\/wp-json\/wp\/v2\/types\/product"}],"replies":[{"embeddable":true,"href":"https:\/\/compraencieza.es\/en\/wp-json\/wp\/v2\/comments?post=5497"}],"wp:featuredmedia":[{"embeddable":true,"href":"https:\/\/compraencieza.es\/en\/wp-json\/wp\/v2\/media\/4263"}],"wp:attachment":[{"href":"https:\/\/compraencieza.es\/en\/wp-json\/wp\/v2\/media?parent=5497"}],"wp:term":[{"taxonomy":"product_cat","embeddable":true,"href":"https:\/\/compraencieza.es\/en\/wp-json\/wp\/v2\/product_cat?post=5497"},{"taxonomy":"product_tag","embeddable":true,"href":"https:\/\/compraencieza.es\/en\/wp-json\/wp\/v2\/product_tag?post=5497"},{"taxonomy":"product_brand","embeddable":true,"href":"https:\/\/compraencieza.es\/en\/wp-json\/wp\/v2\/genre?post=5497"}],"curies":[{"name":"wp","href":"https:\/\/api.w.org\/{rel}","templated":true}]}}