{"id":5512,"date":"2025-01-09T17:09:13","date_gmt":"2025-01-09T16:09:13","guid":{"rendered":"https:\/\/compraencieza.es\/?post_type=product&#038;p=5512"},"modified":"2025-01-09T17:25:26","modified_gmt":"2025-01-09T16:25:26","slug":"epaplus-mentalcare-ansilium-30-capsulas","status":"publish","type":"product","link":"https:\/\/compraencieza.es\/en\/product\/epaplus-mentalcare-ansilium-30-capsulas\/","title":{"rendered":"Epaplus mentalcare Ansilium 30 capsulas"},"content":{"rendered":"<h3>Epaplus Mentalcare Ansilium &#8211; Complemento Alimenticio para Periodos de Estr\u00e9s y Nervios<\/h3>\n<p>Epaplus Mentalcare Ansilium es un complemento alimenticio dise\u00f1ado espec\u00edficamente para ayudar durante periodos de estr\u00e9s y nervios. Contiene ingredientes clave conocidos por sus propiedades relajantes y beneficios para el equilibrio emocional.<\/p>\n<h4>Ingredientes Clave:<\/h4>\n<ul>\n<li><strong>Lactium\u00ae:<\/strong> Decap\u00e9ptido hidrolizado extra\u00eddo de la leche, reconocido por sus propiedades relajantes que ayudan a reducir el estr\u00e9s y la ansiedad.<\/li>\n<li><strong>Ashwagandha (Withania somnifera):<\/strong> Extracto de ra\u00edz de ashwagandha, una planta adapt\u00f3gena utilizada tradicionalmente en la medicina ayurv\u00e9dica. Contribuye a mantener el balance emocional, reduce los efectos del estr\u00e9s y puede facilitar la conciliaci\u00f3n del sue\u00f1o.<\/li>\n<li><strong>Biotina (D-biotina):<\/strong> Importante vitamina del complejo B que, aunque principalmente conocida por su papel en la salud de la piel, cabello y u\u00f1as, tambi\u00e9n puede influir positivamente en el estado de \u00e1nimo y en el manejo del estr\u00e9s.<\/li>\n<\/ul>\n<h4>Presentaci\u00f3n y Dosificaci\u00f3n:<\/h4>\n<ul>\n<li><strong>Presentaci\u00f3n:<\/strong> 30 c\u00e1psulas.<\/li>\n<li><strong>Dosis Diaria Recomendada:<\/strong> Tomar 1 c\u00e1psula al d\u00eda, preferentemente por la ma\u00f1ana con agua u otro l\u00edquido. Se puede aumentar la dosis hasta 4 c\u00e1psulas al d\u00eda seg\u00fan necesidad, aunque se recomienda consultar con un profesional de la salud antes de aumentar la dosis.<\/li>\n<\/ul>\n<h4>Caracter\u00edsticas Adicionales:<\/h4>\n<ul>\n<li><strong>Uso:<\/strong> Ideal para per\u00edodos de estr\u00e9s, nerviosismo o ansiedad.<\/li>\n<li><strong>Instructions for Use:<\/strong> La c\u00e1psula debe tomarse con l\u00edquido, y es preferible hacerlo por la ma\u00f1ana para aprovechar sus beneficios durante el d\u00eda.<\/li>\n<li><strong>Calidad:<\/strong> Aunque pueden existir variaciones de color y aspecto del producto, estas no afectan a su calidad.<\/li>\n<\/ul>\n<p>Epaplus Mentalcare Ansilium combina los beneficios de Lactium\u00ae, ashwagandha y biotina en un formato pr\u00e1ctico de c\u00e1psulas, proporcionando apoyo natural para gestionar el estr\u00e9s y mejorar el bienestar emocional.<\/p>","protected":false},"excerpt":{"rendered":"<p>Es un complemento ideal para ayudarnos a sobrellevar con calma los periodos de mayor estr\u00e9s y\/o ansiedad como pueden ser tambi\u00e9n estudios prolongados y trabajo mental constante.<\/p>","protected":false},"featured_media":4283,"comment_status":"open","ping_status":"closed","template":"","meta":{"_acf_changed":false,"inline_featured_image":false},"product_cat":[105],"product_tag":[1076,1077,1078,1079,1080,1081,1082,1083,1084,1085,886,1086,1087,1088,852,1089,1090,1091,1092,1093,1094,1095,1096,1097,1098,1099,127,1100,1101,1102,1103,256,592],"genre":[],"class_list":{"0":"post-5512","1":"product","2":"type-product","3":"status-publish","4":"has-post-thumbnail","6":"product_cat-salud","7":"product_tag-animico","8":"product_tag-ansilium","9":"product_tag-ansiliun","10":"product_tag-asaguanda","11":"product_tag-asauanda","12":"product_tag-ashwagandha","13":"product_tag-aswaganda","14":"product_tag-ayaguasca","15":"product_tag-ayahuasca","16":"product_tag-biotech","17":"product_tag-biotina","18":"product_tag-cuidado","19":"product_tag-emocion","20":"product_tag-emocional","21":"product_tag-epaplus","22":"product_tag-estado","23":"product_tag-estres","24":"product_tag-insomnio","25":"product_tag-lactium","26":"product_tag-mental","27":"product_tag-mentalcare","28":"product_tag-mente","29":"product_tag-nervios","30":"product_tag-organismo","31":"product_tag-peptide","32":"product_tag-peptido","33":"product_tag-relajacion","34":"product_tag-relajantes","35":"product_tag-relajarse","36":"product_tag-stres","37":"product_tag-stress","38":"product_tag-sueno","39":"product_tag-tratamiento","41":"first","42":"instock","43":"taxable","44":"shipping-taxable","45":"purchasable","46":"product-type-simple","47":"add-to-wishlist-after_add_to_cart"},"acf":[],"_links":{"self":[{"href":"https:\/\/compraencieza.es\/en\/wp-json\/wp\/v2\/product\/5512","targetHints":{"allow":["GET"]}}],"collection":[{"href":"https:\/\/compraencieza.es\/en\/wp-json\/wp\/v2\/product"}],"about":[{"href":"https:\/\/compraencieza.es\/en\/wp-json\/wp\/v2\/types\/product"}],"replies":[{"embeddable":true,"href":"https:\/\/compraencieza.es\/en\/wp-json\/wp\/v2\/comments?post=5512"}],"wp:featuredmedia":[{"embeddable":true,"href":"https:\/\/compraencieza.es\/en\/wp-json\/wp\/v2\/media\/4283"}],"wp:attachment":[{"href":"https:\/\/compraencieza.es\/en\/wp-json\/wp\/v2\/media?parent=5512"}],"wp:term":[{"taxonomy":"product_cat","embeddable":true,"href":"https:\/\/compraencieza.es\/en\/wp-json\/wp\/v2\/product_cat?post=5512"},{"taxonomy":"product_tag","embeddable":true,"href":"https:\/\/compraencieza.es\/en\/wp-json\/wp\/v2\/product_tag?post=5512"},{"taxonomy":"product_brand","embeddable":true,"href":"https:\/\/compraencieza.es\/en\/wp-json\/wp\/v2\/genre?post=5512"}],"curies":[{"name":"wp","href":"https:\/\/api.w.org\/{rel}","templated":true}]}}