{"id":5514,"date":"2025-01-09T17:09:13","date_gmt":"2025-01-09T16:09:13","guid":{"rendered":"https:\/\/compraencieza.es\/?post_type=product&#038;p=5514"},"modified":"2025-01-09T17:25:27","modified_gmt":"2025-01-09T16:25:27","slug":"fibration-60-capsulas","status":"publish","type":"product","link":"https:\/\/compraencieza.es\/en\/product\/fibration-60-capsulas\/","title":{"rendered":"Fibration 60 capsules"},"content":{"rendered":"<h3>Fibration: Bienestar del Sistema Fibroso<\/h3>\n<p><strong>Descripci\u00f3n y Uso:<\/strong><\/p>\n<p>Fibration es un suplemento dise\u00f1ado para mejorar el bienestar del sistema fibroso, utilizando una combinaci\u00f3n de ingredientes seleccionados por sus propiedades beneficiosas para esta funci\u00f3n espec\u00edfica.<\/p>\n<h4>Composici\u00f3n por Perla:<\/h4>\n<ul>\n<li><strong>Fosfato C\u00e1lcico:<\/strong> 81,3 mg<\/li>\n<li><strong>Tript\u00f3fano:<\/strong> 80 mg<\/li>\n<li><strong>Carbonato de Magnesio:<\/strong> 73,2 mg<\/li>\n<li><strong>Cloruro Pot\u00e1sico:<\/strong> 65 mg<\/li>\n<li><strong>Noni (Morinda officinalis) Extracto Seco:<\/strong> 60 mg<\/li>\n<li><strong>Sauce (Salix alba) Extracto Seco:<\/strong> 50 mg<\/li>\n<li><strong>Citrato S\u00f3dico:<\/strong> 32,5 mg<\/li>\n<li><strong>Cloruro S\u00f3dico:<\/strong> 24,4 mg<\/li>\n<li><strong>Coenzima Q10:<\/strong> 15 mg<\/li>\n<li><strong>Vitamina B6 (Clorhidrato de Piridoxina):<\/strong> 0,33 mg<\/li>\n<li><strong>Aditivos, c.s.p.<\/strong><\/li>\n<\/ul>\n<h4>Ingredientes Destacados:<\/h4>\n<ul>\n<li><strong>Tript\u00f3fano:<\/strong> Amino\u00e1cido esencial precursor de la serotonina, que puede ayudar a regular el estado de \u00e1nimo y el bienestar general.<\/li>\n<li><strong>Noni (Morinda officinalis):<\/strong> Planta conocida por sus propiedades antioxidantes y potenciales beneficios para la salud del sistema fibroso.<\/li>\n<li><strong>Sauce (Salix alba):<\/strong> Contiene salicina, un compuesto con propiedades antiinflamatorias y que puede contribuir al alivio de molestias relacionadas con el sistema fibroso.<\/li>\n<li><strong>Coenzima Q10:<\/strong> Antioxidante que puede ayudar a proteger las c\u00e9lulas y apoyar la funci\u00f3n metab\u00f3lica.<\/li>\n<\/ul>\n<h4>Instructions for Use:<\/h4>\n<ul>\n<li>Tomar de tres a seis c\u00e1psulas al d\u00eda, seg\u00fan las indicaciones de uso.<\/li>\n<\/ul>\n<h4>Presentaci\u00f3n:<\/h4>\n<ul>\n<li>Envase con 60 c\u00e1psulas.<\/li>\n<\/ul>\n<p>Fibration est\u00e1 formulado para proporcionar soporte al sistema fibroso mediante una combinaci\u00f3n equilibrada de nutrientes y extractos naturales. Es importante seguir las recomendaciones de dosificaci\u00f3n para obtener los m\u00e1ximos beneficios.<\/p>","protected":false},"excerpt":{"rendered":"<p>Combate afecciones del tejido fibroso como la fibromialgia.<\/p>","protected":false},"featured_media":4285,"comment_status":"open","ping_status":"closed","template":"","meta":{"_acf_changed":false,"inline_featured_image":false},"product_cat":[105],"product_tag":[1140,634,1053,1054,131,1010,1141,1142,1035,1143,1055,1144,710,1145,154,1056,1057,1058,1059,1060,1061,1062,889,933,1063,1146,1147,1148,1149,1150,1151,711,139,1064,712,1065,155,899,901,414,1018,1066,1019,1067,180,1152,1153,1154,1155,1156,224,1068,942,1069,1070,1071,864,1072,476,1157,1073,1158,1074,1159,1160,1161,1162,719,696,1163,876,1164,951,1075,1165,1166,422,358],"genre":[],"class_list":{"0":"post-5514","1":"product","2":"type-product","3":"status-publish","4":"has-post-thumbnail","6":"product_cat-salud","7":"product_tag-1140","8":"product_tag-absorbe","9":"product_tag-absorbente","10":"product_tag-absorcion","11":"product_tag-aceite","12":"product_tag-aceites","13":"product_tag-aditivos","14":"product_tag-algia","15":"product_tag-alivio","16":"product_tag-alteraciones","17":"product_tag-arnica","18":"product_tag-b6","19":"product_tag-bienestar","20":"product_tag-calcico","21":"product_tag-calor","22":"product_tag-canabidiol","23":"product_tag-canabidol","24":"product_tag-canabis","25":"product_tag-canamo","26":"product_tag-canela","27":"product_tag-cannabidol","28":"product_tag-cannabis","29":"product_tag-carbonato","30":"product_tag-castano","31":"product_tag-cbd","32":"product_tag-citrato","33":"product_tag-cloruro","34":"product_tag-co","35":"product_tag-co-enzima","36":"product_tag-coencima","37":"product_tag-coenzima","38":"product_tag-confort","39":"product_tag-crema","40":"product_tag-cuello-cabello","41":"product_tag-dolor","42":"product_tag-duradero","43":"product_tag-efecto","44":"product_tag-encima","45":"product_tag-enzima","46":"product_tag-esencial","47":"product_tag-esenciales","48":"product_tag-espalda","49":"product_tag-eucalipto","50":"product_tag-extremidades","51":"product_tag-fibra","52":"product_tag-fibration","53":"product_tag-fibro","54":"product_tag-fibromialgia","55":"product_tag-fibroso","56":"product_tag-fosfato","57":"product_tag-gel","58":"product_tag-gengibre","59":"product_tag-indias","60":"product_tag-ingredientes","61":"product_tag-inmediato","62":"product_tag-jengibre","63":"product_tag-magnesio","64":"product_tag-masaje","65":"product_tag-menta","66":"product_tag-mialgia","67":"product_tag-naturales","68":"product_tag-noni","69":"product_tag-pain","70":"product_tag-potasico","71":"product_tag-potasio","72":"product_tag-q","73":"product_tag-q10","74":"product_tag-rapida","75":"product_tag-rapido","76":"product_tag-sauce","77":"product_tag-sistema","78":"product_tag-sodico","79":"product_tag-tegor","80":"product_tag-thc","81":"product_tag-tion","82":"product_tag-triptofano","83":"product_tag-vitamina","84":"product_tag-vitaminas","86":"first","87":"instock","88":"taxable","89":"shipping-taxable","90":"purchasable","91":"product-type-simple","92":"add-to-wishlist-after_add_to_cart"},"acf":[],"_links":{"self":[{"href":"https:\/\/compraencieza.es\/en\/wp-json\/wp\/v2\/product\/5514","targetHints":{"allow":["GET"]}}],"collection":[{"href":"https:\/\/compraencieza.es\/en\/wp-json\/wp\/v2\/product"}],"about":[{"href":"https:\/\/compraencieza.es\/en\/wp-json\/wp\/v2\/types\/product"}],"replies":[{"embeddable":true,"href":"https:\/\/compraencieza.es\/en\/wp-json\/wp\/v2\/comments?post=5514"}],"wp:featuredmedia":[{"embeddable":true,"href":"https:\/\/compraencieza.es\/en\/wp-json\/wp\/v2\/media\/4285"}],"wp:attachment":[{"href":"https:\/\/compraencieza.es\/en\/wp-json\/wp\/v2\/media?parent=5514"}],"wp:term":[{"taxonomy":"product_cat","embeddable":true,"href":"https:\/\/compraencieza.es\/en\/wp-json\/wp\/v2\/product_cat?post=5514"},{"taxonomy":"product_tag","embeddable":true,"href":"https:\/\/compraencieza.es\/en\/wp-json\/wp\/v2\/product_tag?post=5514"},{"taxonomy":"product_brand","embeddable":true,"href":"https:\/\/compraencieza.es\/en\/wp-json\/wp\/v2\/genre?post=5514"}],"curies":[{"name":"wp","href":"https:\/\/api.w.org\/{rel}","templated":true}]}}