{"id":5515,"date":"2025-01-09T17:09:13","date_gmt":"2025-01-09T16:09:13","guid":{"rendered":"https:\/\/compraencieza.es\/?post_type=product&#038;p=5515"},"modified":"2025-01-09T17:25:26","modified_gmt":"2025-01-09T16:25:26","slug":"ginkgo-biloba-450-mg-ext-seco-100-comprimidos","status":"publish","type":"product","link":"https:\/\/compraencieza.es\/en\/product\/ginkgo-biloba-450-mg-ext-seco-100-comprimidos\/","title":{"rendered":"Ginkgo biloba 450 mg. (ext. seco) 100 comprimidos"},"content":{"rendered":"<h3>Comparaci\u00f3n de Productos: Ginkgo Biloba de Obire<\/h3>\n<h2>Descripci\u00f3n<\/h2>\n<p><strong>Active nutrients:<\/strong>\u00a0Ginkgo Biloba extracto seco de hojas (<em>Ginkgo biloba<\/em>).\u00a0<strong>(Ver ficha t\u00e9cnica)<\/strong><\/p>\n<table border=\"1\" cellspacing=\"0\">\n<tbody>\n<tr>\n<td><strong>NUTRIENTS<\/strong><\/td>\n<td><strong>AMOUNT<\/strong><\/td>\n<td><strong>WEALTH<\/strong><\/td>\n<td><strong>CONTRIBUTE<\/strong><\/td>\n<\/tr>\n<tr>\n<td>Ginkgo Biloba 50:1 Extracto Seco (<em>Ginkgo biloba<\/em>)<\/td>\n<td>50 mg<\/td>\n<td>24% \/ 6%<\/td>\n<td>12 mg Flavoglic\u00f3sidos \/ 3 mg Lactonas<\/td>\n<\/tr>\n<\/tbody>\n<\/table>\n<p>&nbsp;<\/p>\n<p><strong>Instructions for Use:<\/strong>\u00a0Como complemento en la dieta tomar tres (3) comprimidos al d\u00eda, un (1) comprimido antes de cada comida. En periodos prolongados de tratamiento se recomienda hacer descansos de consumo, para garantizar el efecto deseado.<\/p>\n<p>Caracter\u00edsticas principales de Ginkgo Biloba 450 mg comprimidos:<\/p>\n<p>&nbsp;<\/p>\n<div class=\"et-custom-list etlist-check\">\n<ul>\n<li>Allergen-free product in accordance with Regulation (EU) No. 1169\/2011.<\/li>\n<li>No contiene gluten ni lactosa.<\/li>\n<li>Extracto seco valorado en principios activos.<\/li>\n<li>Complemento alimenticio a base planta.<\/li>\n<li>Envase para 33 d\u00edas de uso.<\/li>\n<\/ul>\n<\/div>\n<p>&nbsp;<\/p>\n<p>Advertencias:\u00a0Los complementos alimenticios no deben utilizarse como sustitutos de una dieta variada y equilibrada. Se recomienda un\u00a0estilo de vida saludable. No sobrepasar la cantidad diaria recomendada. Conservar en lugar seco, fresco y protegido de la luz\u00a0solar. Mantener fuera del alcance de los ni\u00f1os m\u00e1s peque\u00f1os. Consultar a su m\u00e9dico en caso de embarazo o lactancia. Se recomienda consultar al m\u00e9dico antes de su uso si se est\u00e1 tomando medicamentos anticoagulantes o antiagregantes plaquetarios.<\/p>","protected":false},"excerpt":{"rendered":"<p>Ginkgo Biloba es una planta medicinal ejemplar para el tratamiento y prevenci\u00f3n de distintas patolog\u00edas degenerativas a nivel neurol\u00f3gico, como el alzheimer y la demencia senil.<br \/>\nEs ideal para reactivar las funciones cerebrales, como la memoria y la concentraci\u00f3n. Entre las principales funciones y beneficios de este producto, se puede encontrar que logra ayudar a combatir los distintos trastornos circulatorios asociados con el envejecimiento, promoviendo el adecuado flujo sangu\u00edneo, sobre todo en el \u00e1rea cerebral, manteniendo el cerebro oxigenado y contribuyendo en su mejora intelectual.<\/p>","protected":false},"featured_media":4286,"comment_status":"open","ping_status":"closed","template":"","meta":{"_acf_changed":false,"inline_featured_image":false},"product_cat":[105],"product_tag":[1167,1168,1169,504,1170,1171,1172,1173,1174,1175,993,1106,1176,1177,1178,1179,1180,1181,1182,1183,1184,1185,1186,1187,1188,1189,1190,346,1191,1192,538,1193,1194,1093,1095,351,1195,739,1196,1197,1198,1199,1200,352,1201,822,1202,405,1203,876,422,358,1204,1009],"genre":[],"class_list":{"0":"post-5515","1":"product","2":"type-product","3":"status-publish","4":"has-post-thumbnail","6":"product_cat-salud","7":"product_tag-activa","8":"product_tag-activar","9":"product_tag-alergenos","10":"product_tag-b","11":"product_tag-b12","12":"product_tag-b5","13":"product_tag-bacopa","14":"product_tag-bibola","15":"product_tag-biloba","16":"product_tag-cerebro","17":"product_tag-cinc","18":"product_tag-cobre","19":"product_tag-cognitivo","20":"product_tag-concentracion","21":"product_tag-concentrarse","22":"product_tag-contribuye","23":"product_tag-estudiar","24":"product_tag-estudio","25":"product_tag-examen","26":"product_tag-examenes","27":"product_tag-extracto","28":"product_tag-fisico","29":"product_tag-flavoglicosidos","30":"product_tag-fosfatidilserina","31":"product_tag-funcion","32":"product_tag-gingko","33":"product_tag-ginkgo","34":"product_tag-gluten","35":"product_tag-huperzia","36":"product_tag-lactonas","37":"product_tag-lactosa","38":"product_tag-libre","39":"product_tag-memoria","40":"product_tag-mental","41":"product_tag-mente","42":"product_tag-minerales","43":"product_tag-nervioso","44":"product_tag-obire","45":"product_tag-oposicion","46":"product_tag-oposiciones","47":"product_tag-pensamiento","48":"product_tag-pensar","49":"product_tag-planta","50":"product_tag-plantas","51":"product_tag-psicologica","52":"product_tag-rendimiento","53":"product_tag-retencion","54":"product_tag-seco","55":"product_tag-sicologica","56":"product_tag-sistema","57":"product_tag-vitamina","58":"product_tag-vitaminas","59":"product_tag-yodo","60":"product_tag-zinc","62":"first","63":"instock","64":"taxable","65":"shipping-taxable","66":"purchasable","67":"product-type-simple","68":"add-to-wishlist-after_add_to_cart"},"acf":[],"_links":{"self":[{"href":"https:\/\/compraencieza.es\/en\/wp-json\/wp\/v2\/product\/5515","targetHints":{"allow":["GET"]}}],"collection":[{"href":"https:\/\/compraencieza.es\/en\/wp-json\/wp\/v2\/product"}],"about":[{"href":"https:\/\/compraencieza.es\/en\/wp-json\/wp\/v2\/types\/product"}],"replies":[{"embeddable":true,"href":"https:\/\/compraencieza.es\/en\/wp-json\/wp\/v2\/comments?post=5515"}],"wp:featuredmedia":[{"embeddable":true,"href":"https:\/\/compraencieza.es\/en\/wp-json\/wp\/v2\/media\/4286"}],"wp:attachment":[{"href":"https:\/\/compraencieza.es\/en\/wp-json\/wp\/v2\/media?parent=5515"}],"wp:term":[{"taxonomy":"product_cat","embeddable":true,"href":"https:\/\/compraencieza.es\/en\/wp-json\/wp\/v2\/product_cat?post=5515"},{"taxonomy":"product_tag","embeddable":true,"href":"https:\/\/compraencieza.es\/en\/wp-json\/wp\/v2\/product_tag?post=5515"},{"taxonomy":"product_brand","embeddable":true,"href":"https:\/\/compraencieza.es\/en\/wp-json\/wp\/v2\/genre?post=5515"}],"curies":[{"name":"wp","href":"https:\/\/api.w.org\/{rel}","templated":true}]}}