{"id":5528,"date":"2025-01-09T17:09:14","date_gmt":"2025-01-09T16:09:14","guid":{"rendered":"https:\/\/compraencieza.es\/?post_type=product&#038;p=5528"},"modified":"2025-01-09T17:25:28","modified_gmt":"2025-01-09T16:25:28","slug":"agua-de-colonia-para-perros-125ml","status":"publish","type":"product","link":"https:\/\/compraencieza.es\/en\/product\/agua-de-colonia-para-perros-125ml\/","title":{"rendered":"Cologne for dogs 125ml"},"content":{"rendered":"<p>Las aguas de colonia para perros con fragancias de manzana y fresa ofrecen una manera agradable y efectiva de mantener fresco y desodorizado el pelaje de tu mascota despu\u00e9s del ba\u00f1o. Aqu\u00ed tienes un resumen detallado de cada una:<\/p>\n<h3>Agua de Colonia para Perros Fragancia Manzana:<\/h3>\n<p><strong>Characteristics:<\/strong><\/p>\n<ul>\n<li>Fragancia: Manzana.<\/li>\n<li>Formulaci\u00f3n: No contiene alcohol y tiene pH neutro para evitar irritaciones y estornudos en los perros.<\/li>\n<li>Registro: Producto registrado en Portugal bajo el n\u00famero de registro 121\/00\/11PUVPT.<\/li>\n<\/ul>\n<p><strong>Ventajas:<\/strong><\/p>\n<ul>\n<li>No irrita la piel ni altera las propiedades olfativas del animal.<\/li>\n<li>Proporciona un olor fresco y agradable.<\/li>\n<li>Ofrece una acci\u00f3n desodorante prolongada.<\/li>\n<\/ul>\n<p><strong>Instructions for Use:<\/strong><\/p>\n<ul>\n<li>Aplicar pulverizando sobre las manos y masajear sobre el pelaje.<\/li>\n<li>Tambi\u00e9n se puede aplicar directamente sobre el cepillo y distribuirlo uniformemente por todo el cuerpo del animal.<\/li>\n<li>Alternativamente, se puede pulverizar a contrapelo a una distancia de aproximadamente 15 cm del animal.<\/li>\n<\/ul>\n<h3>Agua de Colonia para Perros Fragancia Fresa:<\/h3>\n<p><strong>Characteristics:<\/strong><\/p>\n<ul>\n<li>Fragancia: Fresa.<\/li>\n<li>Formulaci\u00f3n: Igualmente libre de alcohol y con pH neutro para evitar irritaciones y molestias al perro.<\/li>\n<li>Registro: Producto registrado en Portugal bajo el n\u00famero de registro 122\/00\/11PUVPT.<\/li>\n<\/ul>\n<p><strong>Ventajas:<\/strong><\/p>\n<ul>\n<li>No irrita la piel ni afecta las propiedades olfativas del perro.<\/li>\n<li>Proporciona un aroma dulce y agradable.<\/li>\n<li>Tiene una acci\u00f3n desodorante prolongada.<\/li>\n<\/ul>\n<p><strong>Instructions for Use:<\/strong><\/p>\n<ul>\n<li>Se aplica de la misma manera que la colonia de manzana: pulverizando sobre las manos y masajeando sobre el pelaje, o aplic\u00e1ndola al cepillo y distribuy\u00e9ndola uniformemente sobre todo el cuerpo del perro.<\/li>\n<li>Tambi\u00e9n se puede pulverizar a contrapelo manteniendo una distancia de unos 15 cm del animal.<\/li>\n<\/ul>\n<p>Ambas colonias est\u00e1n dise\u00f1adas para ofrecer un cuidado suave pero efectivo, manteniendo a tu mascota con un olor fresco y agradable mientras respetan su piel y sensibilidad olfativa. Es importante seguir las instrucciones de aplicaci\u00f3n para obtener los mejores resultados y evitar irritaciones.<\/p>","protected":false},"excerpt":{"rendered":"<p>Descubre la frescura irresistible del agua de colonias para perros con aroma a manzana o fresa. Ideal para mimar a tu mascota despu\u00e9s del ba\u00f1o con un aroma que perdura y no perjudica.<\/p>","protected":false},"featured_media":4330,"comment_status":"open","ping_status":"closed","template":"","meta":{"_acf_changed":false,"inline_featured_image":false},"product_cat":[106],"product_tag":[1295,1209,502,1296,1297,1298,218,1299,1300,1301,1302,460,1118,223,345,1303,1304,227,1305,1306,1307,1308,1309,1135,1310,604,1311],"genre":[],"class_list":{"0":"post-5528","1":"product","2":"type-product","3":"status-publish","4":"has-post-thumbnail","6":"product_cat-belleza","7":"product_tag-agradable","8":"product_tag-agua","9":"product_tag-alcohol","10":"product_tag-alcol","11":"product_tag-alcool","12":"product_tag-animal","13":"product_tag-aroma","14":"product_tag-colonia","15":"product_tag-eau","16":"product_tag-estornude","17":"product_tag-estornudo","18":"product_tag-evita","19":"product_tag-fragancia","20":"product_tag-fresa","21":"product_tag-fresca","22":"product_tag-frescura","23":"product_tag-irrita","24":"product_tag-manzana","25":"product_tag-mascota","26":"product_tag-mascotas","27":"product_tag-olfativas","28":"product_tag-olfato","29":"product_tag-perdura","30":"product_tag-perfume","31":"product_tag-perros","32":"product_tag-piel","33":"product_tag-respeta","35":"first","36":"instock","37":"taxable","38":"shipping-taxable","39":"purchasable","40":"product-type-variable","41":"add-to-wishlist-after_add_to_cart"},"acf":[],"_links":{"self":[{"href":"https:\/\/compraencieza.es\/en\/wp-json\/wp\/v2\/product\/5528","targetHints":{"allow":["GET"]}}],"collection":[{"href":"https:\/\/compraencieza.es\/en\/wp-json\/wp\/v2\/product"}],"about":[{"href":"https:\/\/compraencieza.es\/en\/wp-json\/wp\/v2\/types\/product"}],"replies":[{"embeddable":true,"href":"https:\/\/compraencieza.es\/en\/wp-json\/wp\/v2\/comments?post=5528"}],"wp:featuredmedia":[{"embeddable":true,"href":"https:\/\/compraencieza.es\/en\/wp-json\/wp\/v2\/media\/4330"}],"wp:attachment":[{"href":"https:\/\/compraencieza.es\/en\/wp-json\/wp\/v2\/media?parent=5528"}],"wp:term":[{"taxonomy":"product_cat","embeddable":true,"href":"https:\/\/compraencieza.es\/en\/wp-json\/wp\/v2\/product_cat?post=5528"},{"taxonomy":"product_tag","embeddable":true,"href":"https:\/\/compraencieza.es\/en\/wp-json\/wp\/v2\/product_tag?post=5528"},{"taxonomy":"product_brand","embeddable":true,"href":"https:\/\/compraencieza.es\/en\/wp-json\/wp\/v2\/genre?post=5528"}],"curies":[{"name":"wp","href":"https:\/\/api.w.org\/{rel}","templated":true}]}}