{"id":5531,"date":"2025-01-09T17:09:14","date_gmt":"2025-01-09T16:09:14","guid":{"rendered":"https:\/\/compraencieza.es\/?post_type=product&#038;p=5531"},"modified":"2025-01-09T17:25:25","modified_gmt":"2025-01-09T16:25:25","slug":"anis-estrellado-50g","status":"publish","type":"product","link":"https:\/\/compraencieza.es\/en\/product\/anis-estrellado-50g\/","title":{"rendered":"An\u00eds estrellado 50g"},"content":{"rendered":"<p>El an\u00eds estrellado, tambi\u00e9n conocido como badiana, es valorado por sus propiedades medicinales y se utiliza en forma de infusi\u00f3n para diversos fines terap\u00e9uticos. Aqu\u00ed tienes m\u00e1s detalles sobre su uso, modo de empleo, advertencias y almacenamiento:<\/p>\n<h3>Modo de Empleo<\/h3>\n<ol>\n<li><strong>Preparaci\u00f3n de la infusi\u00f3n:<\/strong>\n<ul>\n<li>A\u00f1ade una estrella de an\u00eds estrellado (aproximadamente 1 g) a una taza de agua hirviendo (200 ml).<\/li>\n<li>Retira del fuego, tapa y deja reposar durante 5 minutos.<\/li>\n<li>Luego, filtra la infusi\u00f3n para eliminar los restos de la planta.<\/li>\n<\/ul>\n<\/li>\n<li><strong>Dosificaci\u00f3n:<\/strong>\n<ul>\n<li><strong>Adultos:<\/strong> 1 taza de infusi\u00f3n despu\u00e9s de las principales comidas.<\/li>\n<li><strong>Ni\u00f1os de 6 a 12 a\u00f1os:<\/strong> 1\/2 taza de infusi\u00f3n.<\/li>\n<li><strong>Ni\u00f1os de 2 a 6 a\u00f1os:<\/strong> 4 cucharadas soperas de infusi\u00f3n, bien directamente o disueltas en un poco de agua.<\/li>\n<li><strong>Lactantes y ni\u00f1os menores de 2 a\u00f1os:<\/strong> 1 cucharada sopera de infusi\u00f3n, directamente o disuelta en agua, en un vaso o biber\u00f3n.<\/li>\n<\/ul>\n<\/li>\n<\/ol>\n<p>Es importante seguir estas indicaciones para asegurar una dosificaci\u00f3n adecuada seg\u00fan la edad del consumidor.<\/p>\n<h3>Warnings<\/h3>\n<ul>\n<li>La infusi\u00f3n debe consumirse inmediatamente despu\u00e9s de preparada. No es recomendable guardar la cantidad sobrante para un consumo posterior, ya que puede perder sus propiedades y deteriorarse.<\/li>\n<li>Mant\u00e9n el producto almacenado a temperatura ambiente, en un lugar fresco y seco, protegido de la luz directa.<\/li>\n<\/ul>\n<h3>Ingredients<\/h3>\n<ul>\n<li>Frutos de an\u00eds estrellado procedentes de agricultura ecol\u00f3gica.<\/li>\n<\/ul>\n<p>El an\u00eds estrellado es conocido por su sabor dulce y aroma caracter\u00edstico, y se utiliza tradicionalmente para aliviar problemas digestivos, mejorar la salud respiratoria y como calmante natural. Al seguir correctamente las recomendaciones de preparaci\u00f3n y dosificaci\u00f3n, puedes aprovechar sus beneficios de manera segura y efectiva.<\/p>","protected":false},"excerpt":{"rendered":"<p>Ayuda a aliviar problemas estomacales como la indigesti\u00f3n, los gases y los c\u00f3licos. Tambi\u00e9n se utiliza para tratar los trastornos respiratorios, ya que posee propiedades expectorantes y antitusivas. Adem\u00e1s, el an\u00eds estrellado tiene propiedades antioxidantes y antiinflamatorias, por lo que puede ser beneficioso para fortalecer el sistema inmunol\u00f3gico y combatir la inflamaci\u00f3n en el cuerpo.<\/p>","protected":false},"featured_media":4333,"comment_status":"open","ping_status":"closed","template":"","meta":{"_acf_changed":false,"inline_featured_image":false},"product_cat":[105],"product_tag":[882,132,1312,1313,1314,1315,1316,1317,1318,1319,1320,732,1321,1322,1020,287,908,909,1323,1324,1122,1325,585,1240,874,767,1326,1327,1328,1329,1330,1331,1200,1332,1333,1334,1335,1202,876,1336,236,357],"genre":[],"class_list":{"0":"post-5531","1":"product","2":"type-product","3":"status-publish","4":"has-post-thumbnail","6":"product_cat-salud","7":"product_tag-anis","8":"product_tag-anti","9":"product_tag-antiinflamatorias","10":"product_tag-antioxidantes","11":"product_tag-antitusivo","12":"product_tag-badiana","13":"product_tag-beneficio","14":"product_tag-beneficioso","15":"product_tag-colicos","16":"product_tag-cuerpo","17":"product_tag-digestion","18":"product_tag-drenante","19":"product_tag-estomacales","20":"product_tag-estrellado","21":"product_tag-expectorante","22":"product_tag-filtro","23":"product_tag-gas","24":"product_tag-gases","25":"product_tag-indigestion","26":"product_tag-inflama","27":"product_tag-inflamacion","28":"product_tag-inflamatorias","29":"product_tag-inflamatorio","30":"product_tag-infusion","31":"product_tag-inmunologico","32":"product_tag-liquidos","33":"product_tag-medicinal","34":"product_tag-medicinales","35":"product_tag-mug","36":"product_tag-naturcid","37":"product_tag-oxidante","38":"product_tag-oxidantes","39":"product_tag-planta","40":"product_tag-problemas","41":"product_tag-propiedades","42":"product_tag-respiracion","43":"product_tag-respiratorios","44":"product_tag-retencion","45":"product_tag-sistema","46":"product_tag-taza","47":"product_tag-te","48":"product_tag-tos","50":"first","51":"instock","52":"taxable","53":"shipping-taxable","54":"purchasable","55":"product-type-simple","56":"add-to-wishlist-after_add_to_cart"},"acf":[],"_links":{"self":[{"href":"https:\/\/compraencieza.es\/en\/wp-json\/wp\/v2\/product\/5531","targetHints":{"allow":["GET"]}}],"collection":[{"href":"https:\/\/compraencieza.es\/en\/wp-json\/wp\/v2\/product"}],"about":[{"href":"https:\/\/compraencieza.es\/en\/wp-json\/wp\/v2\/types\/product"}],"replies":[{"embeddable":true,"href":"https:\/\/compraencieza.es\/en\/wp-json\/wp\/v2\/comments?post=5531"}],"wp:featuredmedia":[{"embeddable":true,"href":"https:\/\/compraencieza.es\/en\/wp-json\/wp\/v2\/media\/4333"}],"wp:attachment":[{"href":"https:\/\/compraencieza.es\/en\/wp-json\/wp\/v2\/media?parent=5531"}],"wp:term":[{"taxonomy":"product_cat","embeddable":true,"href":"https:\/\/compraencieza.es\/en\/wp-json\/wp\/v2\/product_cat?post=5531"},{"taxonomy":"product_tag","embeddable":true,"href":"https:\/\/compraencieza.es\/en\/wp-json\/wp\/v2\/product_tag?post=5531"},{"taxonomy":"product_brand","embeddable":true,"href":"https:\/\/compraencieza.es\/en\/wp-json\/wp\/v2\/genre?post=5531"}],"curies":[{"name":"wp","href":"https:\/\/api.w.org\/{rel}","templated":true}]}}