{"id":5557,"date":"2025-01-09T17:09:19","date_gmt":"2025-01-09T16:09:19","guid":{"rendered":"https:\/\/compraencieza.es\/?post_type=product&#038;p=5557"},"modified":"2025-01-09T17:25:27","modified_gmt":"2025-01-09T16:25:27","slug":"iap-perfume-mujer-150ml","status":"publish","type":"product","link":"https:\/\/compraencieza.es\/en\/product\/iap-perfume-mujer-150ml\/","title":{"rendered":"IAP Perfume Mujer 150ml"},"content":{"rendered":"<h3><strong>Fragancia n\u00ba1:<\/strong><\/h3>\n<p><strong>Tipo:<\/strong> Oriental<br \/>\n<strong>Descripci\u00f3n:<\/strong><br \/>\nUn coqueto floriental afrutado, una agradable mezcla de frutas c\u00edtricas\/dulces y muguet con un toque chispeante que le da equilibrio. Estela y fijaci\u00f3n excepcional, longevidad digna de apreciaci\u00f3n.<\/p>\n<h3><strong>Fragancia n\u00ba2:<\/strong><\/h3>\n<p><strong>Tipo:<\/strong> Fresca<br \/>\n<strong>Descripci\u00f3n:<\/strong><br \/>\nFragancia fresca, con personalidad duradera y \u00fanica. Su salida c\u00edtrica es suavizada por las notas medias florales. Su fondo aporta una frescura duradera. Hay una armon\u00eda y equilibrio en su pir\u00e1mide olfativa, que junto a la larga duraci\u00f3n hacen que esta fragancia sea id\u00f3nea para cuidar tu imagen d\u00eda a d\u00eda.<\/p>\n<h3><strong>Fragancia n\u00ba4:<\/strong><\/h3>\n<p><strong>Tipo:<\/strong> Floral<br \/>\n<strong>Descripci\u00f3n:<\/strong><br \/>\nPerfume suave floral que te transporta a un entorno plenamente natural. La salida afrutada de mandarina da paso a un coraz\u00f3n de flor de naranjo, terminando en un fondo suave que se intensifica con la madera de cedro. Una maravillosa fragancia suave, floral y dulce.<\/p>\n<h3><strong>Fragancia n\u00ba8:<\/strong><\/h3>\n<p><strong>Tipo:<\/strong> Fresca<br \/>\n<strong>Descripci\u00f3n:<\/strong><br \/>\nFresca, con personalidad duradera y \u00fanica. Su salida c\u00edtrica es suavizada por las notas medias florales. Su fondo aporta una frescura duradera. Una equilibrada f\u00f3rmula de aromas frescos que evocan a la naturaleza m\u00e1s id\u00edlica.<\/p>\n<h3><strong>Fragancia n\u00ba9:<\/strong><\/h3>\n<p><strong>Tipo:<\/strong> Frutal<br \/>\n<strong>Descripci\u00f3n:<\/strong><br \/>\nUna fragancia florida y frutal con salida de notas frescas y refinadas. El coraz\u00f3n, muy femenino, y el fondo amaderado y suave. Un aroma discreto, fresco, et\u00e9reo y estimulante.<\/p>\n<h3><strong>Fragancia n\u00ba10:<\/strong><\/h3>\n<p><strong>Tipo:<\/strong> Frutal<br \/>\n<strong>Descripci\u00f3n:<\/strong><br \/>\nUn perfume altamente floral y maduro. Una explosi\u00f3n floral, frutal, intensa y a su vez delicada, una combinaci\u00f3n armoniosa. Logra envolverte en un ambiente elegante y dulce, con el que conseguir\u00e1s destacar de forma delicada tu lado m\u00e1s sofisticado.<\/p>\n<h3><strong>Fragancia n\u00ba15:<\/strong><\/h3>\n<p><strong>Tipo:<\/strong> Oriental<br \/>\n<strong>Descripci\u00f3n:<\/strong><br \/>\nEl aroma de salida es dulce y seductor debido a la mandarina, que toma fuerza en las notas medias gracias al jazm\u00edn. El \u00e1mbar de base y la vainilla se perciben en las notas finales, dando lugar a un fondo cremoso. La diosa de los perfumes.<\/p>\n<h3><strong>Fragancia n\u00ba16:<\/strong><\/h3>\n<p><strong>Tipo:<\/strong> Frutal<br \/>\n<strong>Descripci\u00f3n:<\/strong><br \/>\nPerfume que despierta tus sentidos gracias a las notas orientales. La principal caracter\u00edstica reside en la nota de fondo, c\u00e1lida, en\u00e9rgica y rica. Las notas florales pesadas y sensuales tambi\u00e9n juegan un papel importante. El equilibrio de aromas y su larga duraci\u00f3n, hacen que esta fragancia sea id\u00f3nea para cuidar tu imagen d\u00eda a d\u00eda.<\/p>\n<h3><strong>Fragancia n\u00ba17:<\/strong><\/h3>\n<p><strong>Tipo:<\/strong> Floral<br \/>\n<strong>Descripci\u00f3n:<\/strong><br \/>\nUna fragancia muy fresca y juvenil, ideal para cualquier momento del d\u00eda. La bergamota y la naranja sacan la vitalidad y el s\u00e1ndalo hace que perdure el olor floral. Un perfume con personalidad cl\u00e1sica, rom\u00e1ntica y discreta.<\/p>\n<h3><strong>Fragancia n\u00ba19:<\/strong><\/h3>\n<p><strong>Tipo:<\/strong> Floral<br \/>\n<strong>Descripci\u00f3n:<\/strong><br \/>\nEsta fragancia atalcada comienza con un aroma que en el coraz\u00f3n se transforma en intensa magnolia, dejando de fondo un tono agradable y duradero. Hay una armon\u00eda y equilibrio en su pir\u00e1mide olfativa, que junto a la larga duraci\u00f3n hacen que esta fragancia sea id\u00f3nea para cuidar tu imagen d\u00eda a d\u00eda.<\/p>\n<h3><strong>Fragancia n\u00ba21:<\/strong><\/h3>\n<p><strong>Tipo:<\/strong> Fresca<br \/>\n<strong>Descripci\u00f3n:<\/strong><br \/>\nUna fragancia muy frutal. Comienza con un aroma c\u00edtrico intenso, que se torna floral y endulza de forma suave y refrescante. Te transportar\u00e1 a para\u00edsos naturales. Logra envolverte en un ambiente elegante y fresco, con el que conseguir\u00e1s destacar de forma delicada tu lado m\u00e1s sofisticado.<\/p>\n<h3><strong>Fragancia n\u00ba23:<\/strong><\/h3>\n<p><strong>Tipo:<\/strong> Fresca<br \/>\n<strong>Descripci\u00f3n:<\/strong><br \/>\nUna fragancia fresca, delicada, con una gran personalidad y mucha clase. Su combinaci\u00f3n de aromas florales y toques frutales, te transportar\u00e1 a prados primaverales. Logra envolverte en un ambiente elegante y dulce.<\/p>\n<h3><strong>Fragancia n\u00ba27:<\/strong><\/h3>\n<p><strong>Tipo:<\/strong> Floral<br \/>\n<strong>Descripci\u00f3n:<\/strong><br \/>\nUna fragancia con tonos florales. La dulzura de las grosellas se suaviza dando paso a un coraz\u00f3n de rosas reci\u00e9n cortadas. Un perfume melanc\u00f3lico, fresco y limpio.<\/p>\n<h3><strong>Fragancia n\u00ba29:<\/strong><\/h3>\n<p><strong>Tipo:<\/strong> Floral<br \/>\n<strong>Descripci\u00f3n:<\/strong><br \/>\nSe abre con una nota frutal vivaz, crujiente y algo ex\u00f3tica. Recuerda a una mezcla entre maracuy\u00e1 y c\u00edtrico. El coraz\u00f3n es ligeramente acu\u00e1tico, de madera m\u00e1s bien fresca que yodada. Es una fragancia femenina y alegre, presenta tambi\u00e9n facetas amaderadas y ligeramente azucaradas.<\/p>\n<h3><strong>Fragancia n\u00ba30:<\/strong><\/h3>\n<p><strong>Tipo:<\/strong> Floral<br \/>\n<strong>Descripci\u00f3n:<\/strong><br \/>\nSe inicia con frutas combinadas pasando a un acorde \u00abaldeh\u00eddico lirio\u00bb. Creado en torno al lirio, el coraz\u00f3n desvela tambi\u00e9n efluvios de jazm\u00edn y flor de azahar. El fondo oriental y muy goloso es el resultado de la uni\u00f3n de la vainilla, el haba tonka, el pralin\u00e9 y el patchouli.<\/p>\n<h3><strong>Fragancia n\u00ba31:<\/strong><\/h3>\n<p><strong>Tipo:<\/strong> Frutal<br \/>\n<strong>Descripci\u00f3n:<\/strong><br \/>\nLa fragancia se inicia con notas de grosella negra. En el coraz\u00f3n se combinan freesia, rosa de mayo y pachouli. El fondo, m\u00e1s goloso, est\u00e1 compuesto de vainilla, almizcle y notas amaderadas.<\/p>\n<h3><strong>Fragancia n\u00ba32:<\/strong><\/h3>\n<p><strong>Tipo:<\/strong> Oriental<br \/>\n<strong>Descripci\u00f3n:<\/strong><br \/>\nEl aroma de salida es muy dulce debido a la mandarina, que toma fuerza en las notas medias gracias al jengibre. El \u00e1mbar de base y la vainilla se perciben en las notas finales, dando lugar a un fondo cremoso. Disfruta de las mejores esencias que te hacen sentir especial.<\/p>\n<h3><strong>Fragancia n\u00ba33:<\/strong><\/h3>\n<p><strong>Tipo:<\/strong> Oriental<br \/>\n<strong>Descripci\u00f3n:<\/strong><br \/>\nSe inicia con notas de flor de naranjo que dan paso a notas medias marcadas por una faceta floral de jazm\u00edn. Para conducir, un fondo almizclado hace que el jazm\u00edn se intensifique y se perciba de forma perdurable. El equilibrio de aromas y su larga duraci\u00f3n, hacen que esta fragancia sea id\u00f3nea para cuidar tu imagen d\u00eda a d\u00eda.<\/p>\n<h3><strong>Fragancia n\u00ba34:<\/strong><\/h3>\n<p><strong>Tipo:<\/strong> Floral<br \/>\n<strong>Descripci\u00f3n:<\/strong><br \/>\nInnovadora y adictiva combinaci\u00f3n, se inicia con notas de grosella negra, bergamota y jazm\u00edn. Un bouquet floral en el coraz\u00f3n empieza a tornarse dulce y sexy para finalizar en un fondo c\u00e1lido y avainillado.<\/p>\n<h3><strong>Fragancia n\u00ba38:<\/strong><\/h3>\n<p><strong>Tipo:<\/strong> Floral<br \/>\n<strong>Descripci\u00f3n:<\/strong><br \/>\nEs una fragancia claramente femenina, actual y moderna. Un perfume mucho m\u00e1s ligero y fresco que los tradicionales florales. Con su combinaci\u00f3n de aromas florales y toques frutales, te transportar\u00e1 a prados primaverales.<\/p>\n<h3><strong>Fragancia n\u00ba39:<\/strong><\/h3>\n<p><strong>Tipo:<\/strong> Floral<br \/>\n<strong>Descripci\u00f3n:<\/strong><br \/>\nEs una fragancia cl\u00e1sica y su f\u00f3rmula es simple ya que no se han utilizado notas olfativas demasiado sofisticadas. Se basa en el jazm\u00edn y el nardo, pero su elaboraci\u00f3n es compleja y de much\u00edsima calidad y eso hace que sea una fragancia mucho m\u00e1s ligera y fresca y mucho m\u00e1s f\u00e1cil de llevar que las tradicionales fragancias florales.<\/p>\n<h3><strong>Fragancia n\u00ba40:<\/strong><\/h3>\n<p><strong>Tipo:<\/strong> Oriental<br \/>\n<strong>Descripci\u00f3n:<\/strong><br \/>\nPerfume con mucha personalidad y que sigue con la tendencia dulce gourmand. Es un perfume seductor sensual y adictivo por el tipo de nota apetitoso. A\u00fan siendo un perfume dulce y apetitoso al compararse con las notas amaderadas, le aporta mucha sensualidad y elegancia.<\/p>\n<h3><strong>Fragancia n\u00ba42:<\/strong><\/h3>\n<p><strong>Tipo:<\/strong> Oriental<br \/>\n<strong>Descripci\u00f3n:<\/strong><br \/>\nInspirada en convertir visible lo invisible. Inspirado en la mujer en todo su esplendor. Con notas olfativas de salida de miel y un coraz\u00f3n de jazm\u00edn blanco y patchouli. Una fragancia de las que tienen una larga duraci\u00f3n y con tanta personalidad que har\u00e1 que todo el mundo te recuerde por el olor.<\/p>\n<h3><strong>Fragancia n\u00ba43:<\/strong><\/h3>\n<p><strong>Tipo:<\/strong> Frutal<br \/>\n<strong>Descripci\u00f3n:<\/strong><br \/>\nCon su combinaci\u00f3n de aromas florales y toques frutales, te transportar\u00e1 a prados primaverales. Logra envolverte en un ambiente elegante y dulce, con el que conseguir\u00e1s destacar de forma delicada tu lado m\u00e1s sofisticado.<\/p>\n<h3><strong>Fragancia n\u00ba47:<\/strong><\/h3>\n<p><strong>Tipo:<\/strong> Oriental<br \/>\n<strong>Descripci\u00f3n:<\/strong><br \/>\nFragancia veraniega con notas orientales.<\/p>\n<h3><strong>Fragancia n\u00ba48:<\/strong><\/h3>\n<p><strong>Tipo:<\/strong> Floral<br \/>\n<strong>Descripci\u00f3n:<\/strong><br \/>\nCon su combinaci\u00f3n de aromas florales y toques frutales, te transportar\u00e1 a prados primaverales. Logra envolverte en un ambiente elegante y dulce, con el que conseguir\u00e1s destacar de forma delicada tu lado m\u00e1s sofisticado.<\/p>\n<h3><strong>Fragancia n\u00ba85:<\/strong><\/h3>\n<p><strong>Tipo:<\/strong> Oriental<br \/>\n<strong>Descripci\u00f3n:<\/strong><br \/>\nCon su combinaci\u00f3n de aromas florales, frutales y esencias orientales, te transportar\u00e1 a para\u00edsos naturales. Logra envolverte en un ambiente elegante y dulce, con el que conseguir\u00e1s destacar de forma delicada tu lado m\u00e1s sofistic<\/p>","protected":false},"excerpt":{"rendered":"<p>Una combinaci\u00f3n de perfumes femeninos de marca IAP en las que puedes encontrar variedad de tipo floral, frutal, fresca y oriental.<\/p>\n<p>Disponibles las fragancias n\u00famero: 1, 2, 4, 8, 9, 10,15, 16, 17, 19, 21, 23, 27, 29, 30, 31, 32, 33, 34, 38, 39, 40, 42, 43, 47, 48, 85, 86, 87, 88, 89,<\/p>","protected":false},"featured_media":4389,"comment_status":"open","ping_status":"closed","template":"","meta":{"_acf_changed":false,"inline_featured_image":false},"product_cat":[106],"product_tag":[322,1140,1419,1420,1421,1422,830,1423,1424,1425,1426,1225,1427,1428,1429,1430,1431,1432,1433,1434,1435,1436,1437,1438,1439,1440,1441,1442,1443,1444,1445,1207,1209,502,1299,1409,1410,764,1411,1412,1414,1416,1417,1135,769],"genre":[],"class_list":{"0":"post-5557","1":"product","2":"type-product","3":"status-publish","4":"has-post-thumbnail","6":"product_cat-belleza","7":"product_tag-322","8":"product_tag-1140","9":"product_tag-1419","10":"product_tag-1420","11":"product_tag-1421","12":"product_tag-1422","13":"product_tag-830","14":"product_tag-1423","15":"product_tag-1424","16":"product_tag-1425","17":"product_tag-1426","18":"product_tag-1225","19":"product_tag-1427","20":"product_tag-1428","21":"product_tag-1429","22":"product_tag-1430","23":"product_tag-1431","24":"product_tag-1432","25":"product_tag-1433","26":"product_tag-1434","27":"product_tag-1435","28":"product_tag-1436","29":"product_tag-1437","30":"product_tag-1438","31":"product_tag-1439","32":"product_tag-1440","33":"product_tag-1441","34":"product_tag-1442","35":"product_tag-1443","36":"product_tag-1444","37":"product_tag-1445","38":"product_tag-adulto","39":"product_tag-agua","40":"product_tag-alcohol","41":"product_tag-colonia","42":"product_tag-el","43":"product_tag-ella","44":"product_tag-farma","45":"product_tag-fememino","46":"product_tag-hombre","47":"product_tag-iap","48":"product_tag-masculino","49":"product_tag-mujer","50":"product_tag-perfume","51":"product_tag-pharma","53":"first","54":"instock","55":"taxable","56":"shipping-taxable","57":"purchasable","58":"product-type-variable","59":"add-to-wishlist-after_add_to_cart"},"acf":[],"_links":{"self":[{"href":"https:\/\/compraencieza.es\/en\/wp-json\/wp\/v2\/product\/5557","targetHints":{"allow":["GET"]}}],"collection":[{"href":"https:\/\/compraencieza.es\/en\/wp-json\/wp\/v2\/product"}],"about":[{"href":"https:\/\/compraencieza.es\/en\/wp-json\/wp\/v2\/types\/product"}],"replies":[{"embeddable":true,"href":"https:\/\/compraencieza.es\/en\/wp-json\/wp\/v2\/comments?post=5557"}],"wp:featuredmedia":[{"embeddable":true,"href":"https:\/\/compraencieza.es\/en\/wp-json\/wp\/v2\/media\/4389"}],"wp:attachment":[{"href":"https:\/\/compraencieza.es\/en\/wp-json\/wp\/v2\/media?parent=5557"}],"wp:term":[{"taxonomy":"product_cat","embeddable":true,"href":"https:\/\/compraencieza.es\/en\/wp-json\/wp\/v2\/product_cat?post=5557"},{"taxonomy":"product_tag","embeddable":true,"href":"https:\/\/compraencieza.es\/en\/wp-json\/wp\/v2\/product_tag?post=5557"},{"taxonomy":"product_brand","embeddable":true,"href":"https:\/\/compraencieza.es\/en\/wp-json\/wp\/v2\/genre?post=5557"}],"curies":[{"name":"wp","href":"https:\/\/api.w.org\/{rel}","templated":true}]}}