{"id":5594,"date":"2025-01-09T17:09:22","date_gmt":"2025-01-09T16:09:22","guid":{"rendered":"https:\/\/compraencieza.es\/?post_type=product&#038;p=5594"},"modified":"2025-01-09T17:25:27","modified_gmt":"2025-01-09T16:25:27","slug":"panales-dodot","status":"publish","type":"product","link":"https:\/\/compraencieza.es\/en\/product\/panales-dodot\/","title":{"rendered":"Pa\u00f1ales Dodot"},"content":{"rendered":"<h3><strong>Dodot Beb\u00e9 Seco:<\/strong><\/h3>\n<p><strong>Una noche hasta un 100% libre de fugas<\/strong><\/p>\n<p><strong>Characteristics:<\/strong><\/p>\n<ul>\n<li><strong>Barrera Stop Fugas Traseras:<\/strong> Retiene el pip\u00ed y las caquitas l\u00edquidas en su interior, evitando los molestos escapes traseros.<\/li>\n<li><strong>Barreras de protecci\u00f3n:<\/strong> Ayuda a prevenir las fugas de pip\u00ed en los laterales.<\/li>\n<li><strong>Capa absorbente:<\/strong> Capas absorbentes que bloquean la humedad para mantener la piel seca de tu beb\u00e9 hasta 12 horas, para que duerma sin ser molestado durante toda la noche.<\/li>\n<li><strong>Suave y delicado:<\/strong> Para un contacto con la piel de tu beb\u00e9.<\/li>\n<li><strong>Flexi-Tiras:<\/strong> Para un ajuste c\u00f3modo alrededor de la cintura que ayuda a prevenir las fugas.<\/li>\n<li><strong>Responsabilidad ambiental:<\/strong> Hechos con celulosa procedente de bosques con certificado FSC y otras fuentes gestionadas de forma responsable.<\/li>\n<\/ul>\n<h3><strong>Dodot Pro Sensitive+:<\/strong><\/h3>\n<p><strong>Cuidado y Comodidad m\u00e1xima para la piel del beb\u00e9<\/strong><\/p>\n<p><strong>Cuidado:<\/strong><\/p>\n<ul>\n<li><strong>M\u00e1ximo cuidado de la piel:<\/strong> Con ingredientes que favorecen un mejor cuidado de la piel y ayudan a prevenir irritaciones.<\/li>\n<li><strong>Suave capa absorbente:<\/strong> Ofrece la m\u00e1xima absorci\u00f3n de caquita y pip\u00ed de Dodot a la vez que cuida con total delicadeza de la piel de tu beb\u00e9.<\/li>\n<li><strong>Distribuido en farmacias y parafarmacias.<\/strong><\/li>\n<\/ul>\n<p><strong>Comodidad:<\/strong><\/p>\n<ul>\n<li><strong>Acabado especial alrededor del ombligo:<\/strong> Protege a tu beb\u00e9 con un suave y c\u00f3modo acabado alrededor del corte del cord\u00f3n umbilical.<\/li>\n<li><strong>Indicador de humedad:<\/strong> Var\u00eda su color para que sepas que tu beb\u00e9 se ha hecho pip\u00ed.<\/li>\n<li><strong>Suave como una pluma:<\/strong> Con material de alta calidad para envolver la piel de tu beb\u00e9 en una incre\u00edble sensaci\u00f3n de suavidad.<\/li>\n<\/ul>\n<p><strong>Seguridad:<\/strong><\/p>\n<ul>\n<li><strong>100% seguro:<\/strong> Pa\u00f1ales testados, respetando la piel del beb\u00e9. Cl\u00ednica y dermatol\u00f3gicamente testados, garantizando la seguridad del pa\u00f1al para la piel de los beb\u00e9s. Sin 26 al\u00e9rgenos de la UE.<\/li>\n<\/ul>\n<h3><strong>Dodot Sensitive:<\/strong><\/h3>\n<p><strong>M\u00e1xima protecci\u00f3n y comodidad para la piel del beb\u00e9<\/strong><\/p>\n<p><strong>M\u00e1xima Protecci\u00f3n:<\/strong><\/p>\n<ul>\n<li><strong>Suave capa absorbente:<\/strong> Envuelve la piel de tu beb\u00e9 en una incre\u00edble sensaci\u00f3n de suavidad.<\/li>\n<li><strong>Sistema \u00fanico de absorci\u00f3n:<\/strong> Ofrece la m\u00e1xima absorci\u00f3n de caquitas y pip\u00ed de Dodot.<\/li>\n<li><strong>Tiras suaves y transpirables:<\/strong> Se adaptan delicadamente a la barriguita de tu beb\u00e9 para una protecci\u00f3n a medida.<\/li>\n<\/ul>\n<p><strong>Comodidad:<\/strong><\/p>\n<ul>\n<li><strong>Indicador de humedad:<\/strong> Var\u00eda su color para que sepas que tu beb\u00e9 se ha hecho pip\u00ed.<\/li>\n<li><strong>Acabado especial:<\/strong> Suave y c\u00f3modo acabado especial alrededor del ombligo.<\/li>\n<li><strong>Canales de aire:<\/strong> Proporcionan una piel seca y aireada.<\/li>\n<\/ul>\n<p><strong>Seguridad:<\/strong><\/p>\n<ul>\n<li><strong>100% seguro:<\/strong> Pa\u00f1ales testados, respetando la piel del beb\u00e9. La elecci\u00f3n favorita de los Hospitales P\u00fablicos* (*Seg\u00fan ventas de tama\u00f1o 0 a hospitales p\u00fablicos en 2017).<\/li>\n<li><strong>Colaboraci\u00f3n:<\/strong> Trabajando en colaboraci\u00f3n con pediatras y toxic\u00f3logos.<\/li>\n<\/ul>","protected":false},"excerpt":{"rendered":"<p>Los pa\u00f1ales Dodot proporcionan gran comodidad para tu beb\u00e9, una protecci\u00f3n de m\u00e1xima calidad debido a sus suaves capas que hacen un sistema de absorci\u00f3n \u00fanico y libre de fugas gracias a sus barreras.<\/p>\n<p>Adem\u00e1s son suaves y previenen irritaciones con composici\u00f3n de ingredientes que favorecen un mejor cuidado de la piel. y cuentan con un indicador de humedad para el cambio de pa\u00f1al.<\/p>\n<p>Disponibles formatos bebe seco, pro sensitive + y sensitive.<\/p>","protected":false},"featured_media":4456,"comment_status":"open","ping_status":"closed","template":"","meta":{"_acf_changed":false,"inline_featured_image":false},"product_cat":[49],"product_tag":[1463,1053,1054,1464,1465,885,1466,159,1467,1468,1361,1469,1470,1471,1472,1473,648,1474,1475,1086,1476,1477,1478,1479,1480,1481,1482,1483,1484,616,685,587,1485,1193,1486,1487,1488,1489,1490,1491,604,1492,1493,1494,657,255,234,1495,405,1257,355,1496,337,1497,1498,1499,666,1500,1501],"genre":[],"class_list":{"0":"post-5594","1":"product","2":"type-product","3":"status-publish","4":"has-post-thumbnail","6":"product_cat-accesorios","7":"product_tag-1463","8":"product_tag-absorbente","9":"product_tag-absorcion","10":"product_tag-acabado","11":"product_tag-ambiente","12":"product_tag-barrera","13":"product_tag-barreras","14":"product_tag-bebe","15":"product_tag-beve","16":"product_tag-bosques","17":"product_tag-calidad","18":"product_tag-cambio","19":"product_tag-capa","20":"product_tag-celulosa","21":"product_tag-certificado","22":"product_tag-clinicamente","23":"product_tag-comodidad","24":"product_tag-comodo","25":"product_tag-comodos","26":"product_tag-cuidado","27":"product_tag-delicado","28":"product_tag-doddot","29":"product_tag-dodot","30":"product_tag-especial","31":"product_tag-flexi","32":"product_tag-flexi-tiras","33":"product_tag-fsc","34":"product_tag-fugas","35":"product_tag-hambiente","36":"product_tag-humedad","37":"product_tag-indicador","38":"product_tag-irritacion","39":"product_tag-irritaciones","40":"product_tag-libre","41":"product_tag-maxima","42":"product_tag-maximo","43":"product_tag-medio","44":"product_tag-ombligo","45":"product_tag-panales","46":"product_tag-pico","47":"product_tag-piel","48":"product_tag-pipi","49":"product_tag-pluma","50":"product_tag-prevenir","51":"product_tag-previene","52":"product_tag-pro","53":"product_tag-proteccion","54":"product_tag-responsable","55":"product_tag-seco","56":"product_tag-sensitive","57":"product_tag-sin","58":"product_tag-stop","59":"product_tag-suave","60":"product_tag-suaves","61":"product_tag-testados","62":"product_tag-tiras","63":"product_tag-unica","64":"product_tag-unico","65":"product_tag-veve","67":"first","68":"instock","69":"taxable","70":"shipping-taxable","71":"purchasable","72":"product-type-variable","73":"add-to-wishlist-after_add_to_cart"},"acf":[],"_links":{"self":[{"href":"https:\/\/compraencieza.es\/en\/wp-json\/wp\/v2\/product\/5594","targetHints":{"allow":["GET"]}}],"collection":[{"href":"https:\/\/compraencieza.es\/en\/wp-json\/wp\/v2\/product"}],"about":[{"href":"https:\/\/compraencieza.es\/en\/wp-json\/wp\/v2\/types\/product"}],"replies":[{"embeddable":true,"href":"https:\/\/compraencieza.es\/en\/wp-json\/wp\/v2\/comments?post=5594"}],"wp:featuredmedia":[{"embeddable":true,"href":"https:\/\/compraencieza.es\/en\/wp-json\/wp\/v2\/media\/4456"}],"wp:attachment":[{"href":"https:\/\/compraencieza.es\/en\/wp-json\/wp\/v2\/media?parent=5594"}],"wp:term":[{"taxonomy":"product_cat","embeddable":true,"href":"https:\/\/compraencieza.es\/en\/wp-json\/wp\/v2\/product_cat?post=5594"},{"taxonomy":"product_tag","embeddable":true,"href":"https:\/\/compraencieza.es\/en\/wp-json\/wp\/v2\/product_tag?post=5594"},{"taxonomy":"product_brand","embeddable":true,"href":"https:\/\/compraencieza.es\/en\/wp-json\/wp\/v2\/genre?post=5594"}],"curies":[{"name":"wp","href":"https:\/\/api.w.org\/{rel}","templated":true}]}}