{"id":5602,"date":"2025-01-09T17:09:25","date_gmt":"2025-01-09T16:09:25","guid":{"rendered":"https:\/\/compraencieza.es\/?post_type=product&#038;p=5602"},"modified":"2025-01-09T17:25:22","modified_gmt":"2025-01-09T16:25:22","slug":"biberon-entrena-con-asas-y-boquilla-blandita-150ml-4m-suavinex","status":"publish","type":"product","link":"https:\/\/compraencieza.es\/en\/product\/biberon-entrena-con-asas-y-boquilla-blandita-150ml-4m-suavinex\/","title":{"rendered":"Training bottle with handles and soft nozzle 150ml +4m Suavinex"},"content":{"rendered":"<p><strong>Biber\u00f3n First Suavinex con asas y boquilla de silicona blandita , 150ml.<\/strong>\u00a0 Biber\u00f3n entrena ideal para pasar del biber\u00f3n con tetina a las primeras tazas de entrenamiento de manera c\u00f3moda y sin darse cuenta. <strong>Ideal para beb\u00e9s de +4 meses.<\/strong><\/p>\n<p>La boquilla de silicona y blandita cuenta con sistema antic\u00f3licos. Su rosca con asitas se puede adaptar a cualquier biber\u00f3n Suavinex excepto el biber\u00f3n ZeroZero. Este biber\u00f3n con asas incluye un vaso protector para una mayor higiene.<\/p>\n<h3><\/h3>\n<h2>Characteristics:<\/h2>\n<ul>\n<li>-Vaso protector.<\/li>\n<li>-boquilla de silicona suave y blandita.<\/li>\n<li>-Rosca con asitas adaptable a cualquier biber\u00f3n.<\/li>\n<li>-Botella Ergon\u00f3mica para una c\u00f3moda sujeci\u00f3n.<\/li>\n<\/ul>","protected":false},"excerpt":{"rendered":"<p>Biber\u00f3n First Suavinex con asas y boquilla de silicona blandita , 150ml.\u00a0 Biber\u00f3n entrena ideal para pasar del biber\u00f3n con tetina a las primeras tazas de entrenamiento de manera c\u00f3moda y sin darse cuenta. Ideal para beb\u00e9s de +4 meses. La boquilla de silicona y blandita cuenta con sistema antic\u00f3licos. Su rosca con asitas se [&hellip;]<\/p>","protected":false},"featured_media":4467,"comment_status":"open","ping_status":"closed","template":"","meta":{"_acf_changed":false,"inline_featured_image":false},"product_cat":[106],"product_tag":[1030,1513,132,1514,1515,1516,159,1517,1504,1518,1519,1520,264,1521,1522,1523,1524,1525,1526,1527,171,172,1511,1461,1512],"genre":[],"class_list":{"0":"post-5602","1":"product","2":"type-product","3":"status-publish","4":"has-post-thumbnail","6":"product_cat-belleza","7":"product_tag-1030","8":"product_tag-150ml","9":"product_tag-anti","10":"product_tag-anticolico","11":"product_tag-asas","12":"product_tag-asitas","13":"product_tag-bebe","14":"product_tag-bebes","15":"product_tag-biberon","16":"product_tag-blandita","17":"product_tag-boquilla","18":"product_tag-carino","19":"product_tag-colico","20":"product_tag-entrena","21":"product_tag-entrenamiento","22":"product_tag-first","23":"product_tag-higiente","24":"product_tag-mimo","25":"product_tag-ml","26":"product_tag-primeras","27":"product_tag-silicona","28":"product_tag-suavinex","29":"product_tag-tetina","30":"product_tag-vaso","31":"product_tag-zero","33":"first","34":"instock","35":"taxable","36":"shipping-taxable","37":"purchasable","38":"product-type-simple","39":"add-to-wishlist-after_add_to_cart"},"acf":[],"_links":{"self":[{"href":"https:\/\/compraencieza.es\/en\/wp-json\/wp\/v2\/product\/5602","targetHints":{"allow":["GET"]}}],"collection":[{"href":"https:\/\/compraencieza.es\/en\/wp-json\/wp\/v2\/product"}],"about":[{"href":"https:\/\/compraencieza.es\/en\/wp-json\/wp\/v2\/types\/product"}],"replies":[{"embeddable":true,"href":"https:\/\/compraencieza.es\/en\/wp-json\/wp\/v2\/comments?post=5602"}],"wp:featuredmedia":[{"embeddable":true,"href":"https:\/\/compraencieza.es\/en\/wp-json\/wp\/v2\/media\/4467"}],"wp:attachment":[{"href":"https:\/\/compraencieza.es\/en\/wp-json\/wp\/v2\/media?parent=5602"}],"wp:term":[{"taxonomy":"product_cat","embeddable":true,"href":"https:\/\/compraencieza.es\/en\/wp-json\/wp\/v2\/product_cat?post=5602"},{"taxonomy":"product_tag","embeddable":true,"href":"https:\/\/compraencieza.es\/en\/wp-json\/wp\/v2\/product_tag?post=5602"},{"taxonomy":"product_brand","embeddable":true,"href":"https:\/\/compraencieza.es\/en\/wp-json\/wp\/v2\/genre?post=5602"}],"curies":[{"name":"wp","href":"https:\/\/api.w.org\/{rel}","templated":true}]}}