{"id":5603,"date":"2025-01-09T17:09:25","date_gmt":"2025-01-09T16:09:25","guid":{"rendered":"https:\/\/compraencieza.es\/?post_type=product&#038;p=5603"},"modified":"2025-01-09T17:25:22","modified_gmt":"2025-01-09T16:25:22","slug":"verduritas-con-pollo-y-ternera","status":"publish","type":"product","link":"https:\/\/compraencieza.es\/en\/product\/verduritas-con-pollo-y-ternera\/","title":{"rendered":"Vegetables with chicken and beef"},"content":{"rendered":"<p>Potito elaborado con ingredientes 100% naturales: zanahorias, tomates, patatas, pollo, ternera, arroz, cebolla y aceite de oliva virgen extra.\u00a0 Cumpliendo la normativa de seguridad babyfood para alimentar a tu beb\u00e9 a partir de 6 meses y con la garant\u00eda Nutrib\u00e9n\u00ae.<\/p>\n<h2>\u00bfQu\u00e9 beneficios tiene el Potito verduritas con pollo y ternera sin almidones?<\/h2>\n<p>Nuestros Potitos de verduras con carne sin almidones son la elecci\u00f3n perfecta para la alimentaci\u00f3n de tu beb\u00e9. Con ingredientes de primera calidad, seguimos la dieta mediterr\u00e1nea, incorporando aceite de oliva virgen extra y utilizando 100% ingredientes naturales como zanahorias, tomates, patatas, pollo, ternera, arroz y cebolla.<\/p>\n<p>Los Potitos\u00ae de verduras con carne sin almidones le aportar\u00e1n a tu peque todos los nutrientes necesarios para una comida. Libres de almidones, sal a\u00f1adida, colorantes, conservantes, gluten, huevo, leche, aromas y especias. Potito verduras con pollo y ternera sin almidones ofrece una opci\u00f3n ideal para la alimentaci\u00f3n complementaria con una dieta natural, saludable y equilibrada. Descubre nuestra amplia variedad de productos Nutrib\u00e9n\u00ae, respaldados por rigurosos\u00a0<a href=\"https:\/\/www.aesan.gob.es\/AECOSAN\/web\/seguridad_alimentaria\/subdetalle\/alimentos_lactantes.htm\" target=\"_blank\" rel=\"noopener\">controles de calidad<\/a>\u00a0en cada etapa del proceso de producci\u00f3n. Conf\u00eda en nosotros para proporcionar la mejor calidad y seguridad del mercado para tu peque\u00f1o.<\/p>\n<p>Nutre a tu beb\u00e9 con el sabor de lo natural y lo saludable de nuestro Potito verduritas con pollo y ternera sin almidones.<\/p>\n<p>&nbsp;<\/p>\n<h3><strong>Ingredients:<\/strong><\/h3>\n<ul>\n<li>Agua de cocci\u00f3n<\/li>\n<li>Tomates 20%<\/li>\n<li>Patatas 14%<\/li>\n<li>Zanahorias 8%<\/li>\n<li>Arroz 7%<\/li>\n<li>Pollo 6%<\/li>\n<li>Ternera 2%<\/li>\n<li>Aceite de oliva virgen extra 2 %<\/li>\n<li>Cebolla<\/li>\n<li>Zumo de lim\u00f3n<\/li>\n<\/ul>\n<p>&nbsp;<\/p>\n<h3>M\u00e1s informaci\u00f3n:<\/h3>\n<h2><b>\u00bfConsideras importante la seguridad alimentaria para tu beb\u00e9?<\/b><\/h2>\n<p>Los beb\u00e9s hasta los 3 a\u00f1os son especialmente vulnerables a las bacterias.\u00a0Por eso, cuando el destinatario de la alimentaci\u00f3n es un bebe, la seguridad y calidad de los alimentos es mucho m\u00e1s importante.<\/p>\n<h2><b>\u00bfSabes qu\u00e9 es la normativa\u00a0<\/b><b><i>babyfood<\/i><\/b><b>?<\/b><\/h2>\n<p>Es una normativa que aplica a la fabricaci\u00f3n de los alimentos infantiles (0-3 a\u00f1os)<\/p>\n<ul>\n<li aria-level=\"1\">Regula la presencia de residuos de\u00a0<b>plaguicidas y pesticidas<\/b>.<\/li>\n<li aria-level=\"1\">Proh\u00edbe el uso de determinados plaguicidas\u00a0<b>muy t\u00f3xicos\u00a0<\/b>para los beb\u00e9s.<\/li>\n<li aria-level=\"1\">Exige el cumplimiento de medidas de higiene, uso de aditivos alimentarios, contaminantes y el uso de materiales que vayan a entrar en contacto con los productos<\/li>\n<li aria-level=\"1\">Define un nivel m\u00ednimo y m\u00e1ximo de todos los compuestos (energ\u00eda, prote\u00ednas, carbohidratos, grasas, minerales, vitaminas y otros ingredientes), adaptados a las necesidades del beb\u00e9.<\/li>\n<\/ul>\n<h2><b>Principales diferencias entre la seguridad alimentaria para beb\u00e9s y en alimentaci\u00f3n general:<\/b><\/h2>\n<p>Los alimentos espec\u00edficos para beb\u00e9s cumplen con:<\/p>\n<ul>\n<li aria-level=\"1\">Requisitos mayores de calidad y seguridad.<\/li>\n<li aria-level=\"1\">L\u00edmites m\u00e1s estrictos de metales pesados, micotoxinas, contaminantes qu\u00edmicos, residuos de plaguicidas&#8230;<\/li>\n<li aria-level=\"1\">Sin aditivos colorantes y sin edulcorantes permitidos.<\/li>\n<li aria-level=\"1\">Gran cantidad de nutrientes en peque\u00f1as porciones de comida.<\/li>\n<\/ul>\n<p>Los alimentos generales, no tienen tantas limitaciones, dado que el organismo adulto est\u00e1 m\u00e1s desarrollado y no se ve afectado de la misma manera.\u00a0<b>En Nutrib\u00e9n\u00ae innovamos continuamente para ofrecer a tu beb\u00e9 productos de la m\u00e1xima calidad, superando m\u00e1s de 1.600 controles y m\u00e1xima seguridad desarrollados por un laboratorio farmac\u00e9utico y con la garant\u00eda de seguridad baby food.<\/b>\u00a0<b>Todos los productos Nutrib\u00e9n<sup>\u00ae<\/sup>\u00a0est\u00e1n elaborados por un laboratorio farmac\u00e9utico.<\/b><\/p>","protected":false},"excerpt":{"rendered":"<p>Potito elaborado con ingredientes 100% naturales: zanahorias, tomates, patatas, pollo, ternera, arroz, cebolla y aceite de oliva virgen extra.\u00a0 Cumpliendo la normativa de seguridad babyfood para alimentar a tu beb\u00e9 a partir de 6 meses y con la garant\u00eda Nutrib\u00e9n\u00ae.<\/p>","protected":false},"featured_media":4469,"comment_status":"open","ping_status":"closed","template":"","meta":{"_acf_changed":false,"inline_featured_image":false},"product_cat":[95],"product_tag":[131,1528,1529,1530,953,1531,159,1361,1532,1533,871,1534,1535,250,216,1073,1536,1537,1538,1539,1540,186,306,355,172,1541,1542,1543,1544,1545,1546,1547],"genre":[],"class_list":{"0":"post-5603","1":"product","2":"type-product","3":"status-publish","4":"has-post-thumbnail","6":"product_cat-alimentacion","7":"product_tag-aceite","8":"product_tag-almidon","9":"product_tag-almidones","10":"product_tag-alter","11":"product_tag-arroz","12":"product_tag-babyfood","13":"product_tag-bebe","14":"product_tag-calidad","15":"product_tag-cebolla","16":"product_tag-comida","17":"product_tag-dieta","18":"product_tag-hero","19":"product_tag-mediterranea","20":"product_tag-nacido","21":"product_tag-natural","22":"product_tag-naturales","23":"product_tag-nutriben","24":"product_tag-patata","25":"product_tag-pollo","26":"product_tag-potito","27":"product_tag-potitos","28":"product_tag-recien","29":"product_tag-seguridad","30":"product_tag-sin","31":"product_tag-suavinex","32":"product_tag-tarritos","33":"product_tag-ternera","34":"product_tag-tomate","35":"product_tag-trutriben","36":"product_tag-verduras","37":"product_tag-verduritas","38":"product_tag-zanahoria","40":"first","41":"instock","42":"taxable","43":"shipping-taxable","44":"purchasable","45":"product-type-simple","46":"add-to-wishlist-after_add_to_cart"},"acf":[],"_links":{"self":[{"href":"https:\/\/compraencieza.es\/en\/wp-json\/wp\/v2\/product\/5603","targetHints":{"allow":["GET"]}}],"collection":[{"href":"https:\/\/compraencieza.es\/en\/wp-json\/wp\/v2\/product"}],"about":[{"href":"https:\/\/compraencieza.es\/en\/wp-json\/wp\/v2\/types\/product"}],"replies":[{"embeddable":true,"href":"https:\/\/compraencieza.es\/en\/wp-json\/wp\/v2\/comments?post=5603"}],"wp:featuredmedia":[{"embeddable":true,"href":"https:\/\/compraencieza.es\/en\/wp-json\/wp\/v2\/media\/4469"}],"wp:attachment":[{"href":"https:\/\/compraencieza.es\/en\/wp-json\/wp\/v2\/media?parent=5603"}],"wp:term":[{"taxonomy":"product_cat","embeddable":true,"href":"https:\/\/compraencieza.es\/en\/wp-json\/wp\/v2\/product_cat?post=5603"},{"taxonomy":"product_tag","embeddable":true,"href":"https:\/\/compraencieza.es\/en\/wp-json\/wp\/v2\/product_tag?post=5603"},{"taxonomy":"product_brand","embeddable":true,"href":"https:\/\/compraencieza.es\/en\/wp-json\/wp\/v2\/genre?post=5603"}],"curies":[{"name":"wp","href":"https:\/\/api.w.org\/{rel}","templated":true}]}}