{"id":5605,"date":"2025-01-09T17:09:25","date_gmt":"2025-01-09T16:09:25","guid":{"rendered":"https:\/\/compraencieza.es\/?post_type=product&#038;p=5605"},"modified":"2025-01-09T17:25:23","modified_gmt":"2025-01-09T16:25:23","slug":"menestra-de-verduras-con-jamon-y-ternera","status":"publish","type":"product","link":"https:\/\/compraencieza.es\/en\/product\/menestra-de-verduras-con-jamon-y-ternera\/","title":{"rendered":"Vegetable stew with ham and beef"},"content":{"rendered":"<h3>Ingredients:<\/h3>\n<ul>\n<li>Agua de cocci\u00f3n<\/li>\n<li>Leche desnatada 21%.<\/li>\n<li>Zanahorias 10%.<\/li>\n<li>Arroz 7%.<\/li>\n<li>Jam\u00f3n 4%<\/li>\n<li>Ternera 4%<\/li>\n<li>Guisantes 3%<\/li>\n<li>Aceite de oliva virgen extra 2%.<\/li>\n<li>Cebolla.<\/li>\n<\/ul>\n<h3>M\u00e1s informaci\u00f3n:<\/h3>\n<h2><b>\u00bfConsideras importante la seguridad alimentaria para tu beb\u00e9?<\/b><\/h2>\n<p>Los beb\u00e9s hasta los 3 a\u00f1os son especialmente vulnerables a las bacterias.\u00a0Por eso, cuando el destinatario de la alimentaci\u00f3n es un bebe, la seguridad y calidad de los alimentos es mucho m\u00e1s importante.<\/p>\n<h2><b>\u00bfSabes qu\u00e9 es la normativa\u00a0<\/b><b><i>babyfood<\/i><\/b><b>?<\/b><\/h2>\n<p>Es una normativa que aplica a la fabricaci\u00f3n de los alimentos infantiles (0-3 a\u00f1os)<\/p>\n<ul>\n<li aria-level=\"1\">Regula la presencia de residuos de\u00a0<b>plaguicidas y pesticidas<\/b>.<\/li>\n<li aria-level=\"1\">Proh\u00edbe el uso de determinados plaguicidas\u00a0<b>muy t\u00f3xicos\u00a0<\/b>para los beb\u00e9s.<\/li>\n<li aria-level=\"1\">Exige el cumplimiento de medidas de higiene, uso de aditivos alimentarios, contaminantes y el uso de materiales que vayan a entrar en contacto con los productos<\/li>\n<li aria-level=\"1\">Define un nivel m\u00ednimo y m\u00e1ximo de todos los compuestos (energ\u00eda, prote\u00ednas, carbohidratos, grasas, minerales, vitaminas y otros ingredientes), adaptados a las necesidades del beb\u00e9.<\/li>\n<\/ul>\n<h2><b>Principales diferencias entre la seguridad alimentaria para beb\u00e9s y en alimentaci\u00f3n general:<\/b><\/h2>\n<p>Los alimentos espec\u00edficos para beb\u00e9s cumplen con:<\/p>\n<ul>\n<li aria-level=\"1\">Requisitos mayores de calidad y seguridad.<\/li>\n<li aria-level=\"1\">L\u00edmites m\u00e1s estrictos de metales pesados, micotoxinas, contaminantes qu\u00edmicos, residuos de plaguicidas&#8230;<\/li>\n<li aria-level=\"1\">Sin aditivos colorantes y sin edulcorantes permitidos.<\/li>\n<li aria-level=\"1\">Gran cantidad de nutrientes en peque\u00f1as porciones de comida.<\/li>\n<\/ul>\n<p>Los alimentos generales, no tienen tantas limitaciones, dado que el organismo adulto est\u00e1 m\u00e1s desarrollado y no se ve afectado de la misma manera.\u00a0<b>En Nutrib\u00e9n\u00ae innovamos continuamente para ofrecer a tu beb\u00e9 productos de la m\u00e1xima calidad, superando m\u00e1s de 1.600 controles y m\u00e1xima seguridad desarrollados por un laboratorio farmac\u00e9utico y con la garant\u00eda de seguridad baby food.<\/b>\u00a0<b>Todos los productos Nutrib\u00e9n<sup>\u00ae<\/sup>\u00a0est\u00e1n elaborados por un laboratorio farmac\u00e9utico.<\/b><\/p>","protected":false},"excerpt":{"rendered":"<p>Este potito de Menestra de verduras con jam\u00f3n y ternera sin almidones con aceite de oliva 100%, se ha elaborado para cumplir con las necesidades nutricionales de tu peque. \u00a1Le encantar\u00e1 y adem\u00e1s, tiene la garant\u00eda babyfood!<\/p>","protected":false},"featured_media":4472,"comment_status":"open","ping_status":"closed","template":"","meta":{"_acf_changed":false,"inline_featured_image":false},"product_cat":[95],"product_tag":[385,131,1338,1550,1529,158,1534,1551,1552,1506,250,1536,738,1548,1539,1540,186,355,1553,1541,1554,1545],"genre":[],"class_list":{"0":"post-5605","1":"product","2":"type-product","3":"status-publish","4":"has-post-thumbnail","6":"product_cat-alimentacion","7":"product_tag-385","8":"product_tag-aceite","9":"product_tag-alimentacion","10":"product_tag-alimento","11":"product_tag-almidones","12":"product_tag-baby","13":"product_tag-hero","14":"product_tag-jamon","15":"product_tag-menestra","16":"product_tag-meses","17":"product_tag-nacido","18":"product_tag-nutriben","19":"product_tag-nutricion","20":"product_tag-oliva","21":"product_tag-potito","22":"product_tag-potitos","23":"product_tag-recien","24":"product_tag-sin","25":"product_tag-tarrito","26":"product_tag-tarritos","27":"product_tag-tenera","28":"product_tag-verduras","30":"first","31":"instock","32":"taxable","33":"shipping-taxable","34":"purchasable","35":"product-type-simple","36":"add-to-wishlist-after_add_to_cart"},"acf":[],"_links":{"self":[{"href":"https:\/\/compraencieza.es\/en\/wp-json\/wp\/v2\/product\/5605","targetHints":{"allow":["GET"]}}],"collection":[{"href":"https:\/\/compraencieza.es\/en\/wp-json\/wp\/v2\/product"}],"about":[{"href":"https:\/\/compraencieza.es\/en\/wp-json\/wp\/v2\/types\/product"}],"replies":[{"embeddable":true,"href":"https:\/\/compraencieza.es\/en\/wp-json\/wp\/v2\/comments?post=5605"}],"wp:featuredmedia":[{"embeddable":true,"href":"https:\/\/compraencieza.es\/en\/wp-json\/wp\/v2\/media\/4472"}],"wp:attachment":[{"href":"https:\/\/compraencieza.es\/en\/wp-json\/wp\/v2\/media?parent=5605"}],"wp:term":[{"taxonomy":"product_cat","embeddable":true,"href":"https:\/\/compraencieza.es\/en\/wp-json\/wp\/v2\/product_cat?post=5605"},{"taxonomy":"product_tag","embeddable":true,"href":"https:\/\/compraencieza.es\/en\/wp-json\/wp\/v2\/product_tag?post=5605"},{"taxonomy":"product_brand","embeddable":true,"href":"https:\/\/compraencieza.es\/en\/wp-json\/wp\/v2\/genre?post=5605"}],"curies":[{"name":"wp","href":"https:\/\/api.w.org\/{rel}","templated":true}]}}