{"id":5619,"date":"2025-01-09T17:09:26","date_gmt":"2025-01-09T16:09:26","guid":{"rendered":"https:\/\/compraencieza.es\/?post_type=product&#038;p=5619"},"modified":"2025-01-09T17:25:27","modified_gmt":"2025-01-09T16:25:27","slug":"zzzquil-natura-frutos-del-bosque","status":"publish","type":"product","link":"https:\/\/compraencieza.es\/en\/product\/zzzquil-natura-frutos-del-bosque\/","title":{"rendered":"ZzzQuil natura frutos del bosque"},"content":{"rendered":"<p>Descubre el complemento alimenticio para dormir de ZzzQuil NATURA, la gummy de melatonina que te ayudar\u00e1 a conciliar el sue\u00f1o r\u00e1pidamente, sin provocar dependencia ni somnolencia a la ma\u00f1ana siguiente. Porque lo natural es dormir bien.<\/p>\n<h3>Propiedades y beneficios<\/h3>\n<div class=\"pl-15 md:pl-30 lg:pl-15 text-12 md:text-18 text-lightergray md:text-articletext font-500 font-Rubik md:leading-29 leading-18 letter-sleepText break-words\">Las gummies para dormir de ZzzQuil NATURA contienen melatonina, una hormona producida de forma natural por nuestro cuerpo, y que ayuda a regular el ciclo del sue\u00f1o, activando el ritmo circadiano. Por este motivo, te ayudar\u00e1n a conciliar el sue\u00f1o de una forma r\u00e1pida. Adem\u00e1s, ZzzQuil NATURA \u00a0por lo que es el aliado perfecto para conciliar el sue\u00f1o de una forma r\u00e1pida y estar listo para enfrentarte a un nuevo d\u00eda.<\/div>\n<div>\n<h3>Te ayuda a dormir bien<\/h3>\n<div class=\"pr-15 md:pr-30 lg:pl-22 text-12 md:text-18 text-lightergray font-500 font-Rubik md:leading-29 leading-18 letter-sleepText\">\n<p>Los expertos de ZzzQuil NATURA, la marca n\u00famero UNO a nivel mundial* de complementos alimenticios para dormir, han elaborado esta f\u00f3rmula que te ayudar\u00e1 a conciliar el sue\u00f1o y olvidarte de todas esas noches contando ovejitas.<\/p>\n<p>Las gummies de ZzzQuil NATURA contienen 1 mg de melatonina, una hormona que reduce el tiempo necesario para conciliar el sue\u00f1o sin provocar somnolencia al d\u00eda siguiente.<\/p>\n<ul>\n<li>Euromonitor International Ltd. Consumer Health 2018 Edition. Basado en el valor comercial de 2017 de los complementos alimenticios para dormir.<\/li>\n<\/ul>\n<h3 class=\"pl-15 md:pl-30 lg:pl-15 text-purplelight font-Rubik text-14 md:text-32 font-medium leading-18 md:leading-42 letter-ltrMobspace my-10\">Agradable, con un sabor irresistible<\/h3>\n<div class=\"pl-15 md:pl-30 lg:pl-15 text-12 md:text-18 text-lightergray md:text-articletext font-500 font-Rubik md:leading-29 leading-18 letter-sleepText break-words\">El complemento alimenticio para dormir de ZzzQuil NATURA se presenta en formato gummy con un aspecto y una textura \u00fanicos. Tomarlos antes de dormir ser\u00e1 tan \u00fatil como agradable; de hecho, cuando se mastican o disuelven en la boca, las gummies de melatonina de ZzzQuil NATURA liberan su aroma natural a bayas.<\/div>\n<\/div>\n<\/div>\n<div>\n<div class=\"w-full border-left container product-section-container\">\n<div class=\"\">\n<div class=\"richtext-container\">\n<h3 id=\"como-tomar-este-complemento-alimenticio\">C\u00f3mo tomar este complemento alimenticio<\/h3>\n<p>ZzzQuil NATURA est\u00e1 disponible en dos pr\u00e1cticos formatos de 30 o 60 gummies. Recomendamos tomar 1 gummy de melatonina al d\u00eda, 30 minutos antes de ir a dormir.<\/p>\n<p>&nbsp;<\/p>\n<\/div>\n<\/div>\n<\/div>\n<div class=\"container tablebanner\">\n<div class=\"row\">\n<div class=\"col-12\">\n<table>\n<thead>\n<tr>\n<th>Informaci\u00f3n nutricional<\/th>\n<th>Per 1 compressa<\/th>\n<th>VNR*<\/th>\n<\/tr>\n<\/thead>\n<tbody>\n<tr>\n<td>MELATONINA<\/td>\n<td>1 mg<\/td>\n<td>&#8211;<\/td>\n<\/tr>\n<tr>\n<td>Extracto de VALERIANA<\/td>\n<td>30 mg<\/td>\n<td>&#8211;<\/td>\n<\/tr>\n<tr>\n<td>Extracto de CAMOMILA<\/td>\n<td>10 mg<\/td>\n<td>&#8211;<\/td>\n<\/tr>\n<tr>\n<td>Extracto de LAVANDA<\/td>\n<td>10 mg<\/td>\n<td>&#8211;<\/td>\n<\/tr>\n<tr>\n<td>Vitamina B6<\/td>\n<td>1,4 mg<\/td>\n<td>100%<\/td>\n<\/tr>\n<\/tbody>\n<\/table>\n<\/div>\n<\/div>\n<\/div>\n<div class=\"w-full border-left container product-section-container\">\n<div class=\"\">\n<div class=\"richtext-container\">\n<p>* VNR Valor de referencia nutricional<\/p>\n<h3>Preguntas frecuentes:<\/h3>\n<div class=\"richtext-container\">\n<h2 id=\"\u00bfque-es-zzzquil-natura-y-para-que-se-usa\">\u00bfQu\u00e9 es ZzzQuil NATURA y para qu\u00e9 se usa?<\/h2>\n<p>Las gummies de melatonina de ZzzQuil NATURA son un complemento alimenticio para dormir. Gracias a la melatonina, te ayudan a conciliar el sue\u00f1o de una forma r\u00e1pida.<\/p>\n<hr \/>\n<p>&nbsp;<\/p>\n<\/div>\n<div class=\"richtext-container\">\n<h2 id=\"\u00bfen-que-se-diferencian-las-gummies-de-zzzquil-natura-de-otros-productos-con-melatonina\">\u00bfEn qu\u00e9 se diferencian las gummies de ZzzQuil NATURA de otros productos con melatonina?<\/h2>\n<p>Adem\u00e1s de 1mg de melatonina, las gummies de ZzzQuil NATURA contienen tambi\u00e9n vitamina B6. Mientras que la melatonina contribuye a reducir el tiempo necesario para conciliar el sue\u00f1o, la vitamina B6 ayuda a disminuir el cansancio y la fatiga, y contribuye al funcionamiento normal del metabolismo energ\u00e9tico. Por si fuera poco, las gummies de melatonina de ZzzQuil NATURA proporcionan una agradable experiencia gracias a su suave textura que se funde en la boca liberando su aroma a frutos del bosque.<\/p>\n<hr \/>\n<p>&nbsp;<\/p>\n<\/div>\n<div class=\"richtext-container\">\n<h2 id=\"\u00bfcuando-debo-tomar-las-gummies-de-melatonina-de-zzzquil-natura\">\u00bfCu\u00e1ndo debo tomar las gummies de melatonina de ZzzQuil NATURA?<\/h2>\n<p>Recomendamos tomar una gummy 30 minutos antes de dormir para ayudar a conciliar el sue\u00f1o.<\/p>\n<hr \/>\n<p>&nbsp;<\/p>\n<\/div>\n<div class=\"richtext-container\">\n<h2 id=\"\u00bfzzzquil-natura-contiene-lactosa-o-gluten\">\u00bfZzzQuil NATURA contiene lactosa o gluten?<\/h2>\n<p>El complemento alimenticio para dormir de ZzzQuil NATURA en gummies es ideal para las personas intolerantes al gluten o a la lactosa. No contiene saborizantes o colorantes artificiales, gluten ni lactosa.<\/p>\n<\/div>\n<\/div>\n<\/div>\n<\/div>\n<\/div>","protected":false},"excerpt":{"rendered":"<div id=\"productName\">\n<p>Prueba las Gummies\u00a0 blanditas de melatonina con camomila, valeriana y lavanda con sabor a frutos del bosque.<\/p>\n<\/div>\n<div class=\"md:text-left text-center flex flex-wrap pb-15 lg:pb-30 text-14 text-Purplemediumdark leading-tight font-Rubik inline-block justify-center md:justify-start product-rating-top\">\n<div class=\"ratingstar_4 w-100 mr-10 h-18\">El complemento alimenticio para ayudar a dormir de ZzzQuil NATURA contiene melatonina, una hormona natural que ayuda a conciliar el sue\u00f1o r\u00e1pidamente. Adem\u00e1s, su f\u00f3rmula exclusiva a base de vitamina B6 y extractos de camomila, lavanda y valeriana, estimula una experiencia natural, para que disfrutes de los beneficios del sue\u00f1o.<\/div>\n<\/div>","protected":false},"featured_media":4521,"comment_status":"open","ping_status":"closed","template":"","meta":{"_acf_changed":false,"inline_featured_image":false},"product_cat":[105],"product_tag":[322,1626,1295,1627,1144,1628,1629,324,824,1630,1631,1632,1633,1634,118,1635,827,766,346,1636,1637,1638,1639,1091,538,1125,122,785,1640,216,737,125,1641,1642,696,1508,127,1101,393,1643,1644,256,1645,130,422,358,1646,1647,1648],"genre":[],"class_list":{"0":"post-5619","1":"product","2":"type-product","3":"status-publish","4":"has-post-thumbnail","6":"product_cat-salud","7":"product_tag-322","8":"product_tag-1mg","9":"product_tag-agradable","10":"product_tag-ayuda","11":"product_tag-b6","12":"product_tag-bien","13":"product_tag-bosque","14":"product_tag-camomila","15":"product_tag-cansancio","16":"product_tag-ciclo","17":"product_tag-circadiano","18":"product_tag-colorante","19":"product_tag-colorantes","20":"product_tag-conciliar","21":"product_tag-dormir","22":"product_tag-energetico","23":"product_tag-fatiga","24":"product_tag-frutos","25":"product_tag-gluten","26":"product_tag-gominola","27":"product_tag-gominolas","28":"product_tag-gumis","29":"product_tag-gummies","30":"product_tag-insomnio","31":"product_tag-lactosa","32":"product_tag-lavanda","33":"product_tag-melatonina","34":"product_tag-metabolismo","35":"product_tag-natura","36":"product_tag-natural","37":"product_tag-nature","38":"product_tag-pasiflora","39":"product_tag-quil","40":"product_tag-rapidamente","41":"product_tag-rapido","42":"product_tag-reducir","43":"product_tag-relajacion","44":"product_tag-relajarse","45":"product_tag-sabor","46":"product_tag-somnolencia","47":"product_tag-sonar","48":"product_tag-sueno","49":"product_tag-textura","50":"product_tag-valeriana","51":"product_tag-vitamina","52":"product_tag-vitaminas","53":"product_tag-zquil","54":"product_tag-zzz","55":"product_tag-zzzquil","57":"first","58":"onbackorder","59":"taxable","60":"shipping-taxable","61":"purchasable","62":"product-type-variable","63":"add-to-wishlist-after_add_to_cart"},"acf":[],"_links":{"self":[{"href":"https:\/\/compraencieza.es\/en\/wp-json\/wp\/v2\/product\/5619","targetHints":{"allow":["GET"]}}],"collection":[{"href":"https:\/\/compraencieza.es\/en\/wp-json\/wp\/v2\/product"}],"about":[{"href":"https:\/\/compraencieza.es\/en\/wp-json\/wp\/v2\/types\/product"}],"replies":[{"embeddable":true,"href":"https:\/\/compraencieza.es\/en\/wp-json\/wp\/v2\/comments?post=5619"}],"wp:featuredmedia":[{"embeddable":true,"href":"https:\/\/compraencieza.es\/en\/wp-json\/wp\/v2\/media\/4521"}],"wp:attachment":[{"href":"https:\/\/compraencieza.es\/en\/wp-json\/wp\/v2\/media?parent=5619"}],"wp:term":[{"taxonomy":"product_cat","embeddable":true,"href":"https:\/\/compraencieza.es\/en\/wp-json\/wp\/v2\/product_cat?post=5619"},{"taxonomy":"product_tag","embeddable":true,"href":"https:\/\/compraencieza.es\/en\/wp-json\/wp\/v2\/product_tag?post=5619"},{"taxonomy":"product_brand","embeddable":true,"href":"https:\/\/compraencieza.es\/en\/wp-json\/wp\/v2\/genre?post=5619"}],"curies":[{"name":"wp","href":"https:\/\/api.w.org\/{rel}","templated":true}]}}