{"id":5625,"date":"2025-01-09T17:09:26","date_gmt":"2025-01-09T16:09:26","guid":{"rendered":"https:\/\/compraencieza.es\/?post_type=product&#038;p=5625"},"modified":"2025-01-09T17:25:22","modified_gmt":"2025-01-09T16:25:22","slug":"cogniben-plus-30-comprimidos","status":"publish","type":"product","link":"https:\/\/compraencieza.es\/en\/product\/cogniben-plus-30-comprimidos\/","title":{"rendered":"Cogniben plus 30 Comprimidos"},"content":{"rendered":"<p>La bacopa ayuda a mantener la memoria con el paso de los a\u00f1os y a mantener la funci\u00f3n cognitiva. La vitamina B5 contribuye al normal rendimiento mental. El zinc y yodo contribuyen a la funci\u00f3n cognitiva. El cobre, yodo y las vitaminas B1, B2, B3, B6, B8, B12 contribuyen al normal funcionamiento del sistema nervioso. Las vitaminas B1, B3, B6, B8, B9, B12 contribuyen a la normal funci\u00f3n psicol\u00f3gica.<\/p>\n<p>No contiene gluten, ni lactosa ni az\u00facares a\u00f1adidos.<\/p>\n<h3>Instructions for use:<\/h3>\n<p>Tomar 1 comprimido al d\u00eda, por la ma\u00f1ana.<\/p>\n<h3>Ingredients:<\/h3>\n<p>Por 1 comprimido: Fosfatidilserina (100 mg); Extracto seco de hojas de bacopa (240 mg); Extracto seco de hojas de Ginkgo Biloba (50 mg); Extracto seco de partes a\u00e9reas de Huperzia (6 mg); Zinc (10 mg, 100% VRN*); Cobre (1 mg, 100% VRN*); Vitamina B3 (16 mg, 100% VRN*); Vitamina B5 (6 mg, 100% VRN*); Vitamina B12 (2,5 \u00b5g, 100% VRN*); Vitamina B6 (1,4 mg, 100% VRN*); Vitamina B2 (1,4 mg, 100% VRN*), Vitamina B1 (1,1 mg, 100% VRN*); Yodo (150 \u00b5g, 100% VRN*); Vitamina B8 (50 \u00b5g, 100% VRN*); Vitamina B9 (0,2 mg; 100% VRN*).<br \/>\n*VRN: Valor de referencia nutricional.<\/p>\n<h3>Advertencia:<\/h3>\n<p>No superar la dosis diaria recomendada. Los complementos alimenticios no deben utilizarse como sustituto de una dieta equilibrada. Conservar en un lugar seco y fresco. Mantener fuera del alcance de los ni\u00f1os m\u00e1s peque\u00f1os. Eladiet recomienda seguir una dieta variada y equilibrada y un estilo de vida saludable. Consultar con su m\u00e9dico en caso de tomar anticoagulantes. No utilizar durante el embarazo o lactancia.<\/p>","protected":false},"excerpt":{"rendered":"<h4><span style=\"color: #000000;\">Mejora la memoria y la concentraci\u00f3n, mantiene la funci\u00f3n cognitiva y el rendimiento mental. <strong>Ideal para ex\u00e1menes y oposiciones.<\/strong><\/span><\/h4>\n<h4><span style=\"color: #000000;\">Complemento alimenticio a base de fosfatidilserina, bacopa, ginkgo, huperzia, vitaminas y minerales que contribuye al equilibrio mental,\u00a0<\/span><\/h4>\n<h4><strong><span style=\"color: #000000;\">Sin az\u00facares a\u00f1adidos<\/span><\/strong><\/h4>\n<h4><strong><span style=\"color: #000000;\">Sin gluten<\/span><\/strong><\/h4>\n<h4><strong><span style=\"color: #000000;\">Sin lactosa<\/span><\/strong><\/h4>","protected":false},"featured_media":4537,"comment_status":"open","ping_status":"closed","template":"","meta":{"_acf_changed":false,"inline_featured_image":false},"product_cat":[105],"product_tag":[1011,504,1171,1172,1651,891,1177,903,1180,1652,1182,1183,1187,1190,1191,1194,1093,1095,351,1201,1283,822,1653,422,358,1204,1009,1654],"genre":[],"class_list":{"0":"post-5625","1":"product","2":"type-product","3":"status-publish","4":"has-post-thumbnail","6":"product_cat-salud","7":"product_tag-alimenticio","8":"product_tag-b","9":"product_tag-b5","10":"product_tag-bacopa","11":"product_tag-coginitiva","12":"product_tag-complemento","13":"product_tag-concentracion","14":"product_tag-equilibrio","15":"product_tag-estudiar","16":"product_tag-estudios","17":"product_tag-examen","18":"product_tag-examenes","19":"product_tag-fosfatidilserina","20":"product_tag-ginkgo","21":"product_tag-huperzia","22":"product_tag-memoria","23":"product_tag-mental","24":"product_tag-mente","25":"product_tag-minerales","26":"product_tag-psicologica","27":"product_tag-psicologico","28":"product_tag-rendimiento","29":"product_tag-reto","30":"product_tag-vitamina","31":"product_tag-vitaminas","32":"product_tag-yodo","33":"product_tag-zinc","34":"product_tag-zink","36":"first","37":"instock","38":"taxable","39":"shipping-taxable","40":"purchasable","41":"product-type-simple","42":"add-to-wishlist-after_add_to_cart"},"acf":[],"_links":{"self":[{"href":"https:\/\/compraencieza.es\/en\/wp-json\/wp\/v2\/product\/5625","targetHints":{"allow":["GET"]}}],"collection":[{"href":"https:\/\/compraencieza.es\/en\/wp-json\/wp\/v2\/product"}],"about":[{"href":"https:\/\/compraencieza.es\/en\/wp-json\/wp\/v2\/types\/product"}],"replies":[{"embeddable":true,"href":"https:\/\/compraencieza.es\/en\/wp-json\/wp\/v2\/comments?post=5625"}],"wp:featuredmedia":[{"embeddable":true,"href":"https:\/\/compraencieza.es\/en\/wp-json\/wp\/v2\/media\/4537"}],"wp:attachment":[{"href":"https:\/\/compraencieza.es\/en\/wp-json\/wp\/v2\/media?parent=5625"}],"wp:term":[{"taxonomy":"product_cat","embeddable":true,"href":"https:\/\/compraencieza.es\/en\/wp-json\/wp\/v2\/product_cat?post=5625"},{"taxonomy":"product_tag","embeddable":true,"href":"https:\/\/compraencieza.es\/en\/wp-json\/wp\/v2\/product_tag?post=5625"},{"taxonomy":"product_brand","embeddable":true,"href":"https:\/\/compraencieza.es\/en\/wp-json\/wp\/v2\/genre?post=5625"}],"curies":[{"name":"wp","href":"https:\/\/api.w.org\/{rel}","templated":true}]}}