{"id":5627,"date":"2025-01-09T17:09:29","date_gmt":"2025-01-09T16:09:29","guid":{"rendered":"https:\/\/compraencieza.es\/?post_type=product&#038;p=5627"},"modified":"2025-01-09T17:25:21","modified_gmt":"2025-01-09T16:25:21","slug":"locion-piel-atopica-750ml-ph-5-5","status":"publish","type":"product","link":"https:\/\/compraencieza.es\/en\/product\/locion-piel-atopica-750ml-ph-5-5\/","title":{"rendered":"Loci\u00f3n Piel At\u00f3pica 750ml PH 5.5"},"content":{"rendered":"<p>The\u00a0<strong>Loci\u00f3n para piel at\u00f3pica* Mussvital Botanics<\/strong>\u00a0ha sido especialmente formulada para pieles a tendencia at\u00f3pica de ni\u00f1os y adultos. Hidrata y relipidiza la piel de toda la familia durante 48H. Su f\u00f3rmula altamente natural, 91%, a base de extractos de phragmites ayuda a calmar y aliviar la piel manteni\u00e9ndola protegida y equilibrada.\u00a0<strong>Hipoalerg\u00e9nico<\/strong>\u00a0\/ Apto para ni\u00f1os a partir de 3 a\u00f1os<\/p>\n<p><strong>Ingredients:<\/strong><\/p>\n<p>Aqua, Glycerin, Cetearyl alcohol, Paraffinum liquidum, Stearic acid, Cetyl alcohol, Caprylic\/Capric triglyceride, Cyclopentasiloxane, Decyl oleate, Propylene glicol, Phenoxyethanol, Ceteareth-33, Isostearyl isostearate, Potassium cetyl phosphate, Butyrospermum Parkii butter, Cetyl stearate, Lactitol, Xylitol, Disodium EDTA, Ethylhexylglycerin, Parfum, BHT, Triethanolamine, Phragmites Kharka extract, Poria cocos extract.<\/p>\n<p><strong>Instructions for use:\u00a0<\/strong><\/p>\n<p>Aplicar el producto sobre la piel limpia y seca con un suave masaje hasta su total absorci\u00f3n.<\/p>","protected":false},"excerpt":{"rendered":"<ul>\n<li>Especialmente formulado para pieles at\u00f3picas<\/li>\n<li><strong>Hidrata y relipidiza la piel.<\/strong><\/li>\n<li>pH 5,5 fisiologico<\/li>\n<li>91% de ingredientes de origen natural<\/li>\n<li>Hipoalerg\u00e9nico<\/li>\n<li><strong>Apto para adultos y ni\u00f1os<\/strong><\/li>\n<\/ul>","protected":false},"featured_media":4542,"comment_status":"open","ping_status":"closed","template":"","meta":{"_acf_changed":false,"inline_featured_image":false},"product_cat":[106],"product_tag":[423,1207,1208,1660,1627,1661,365,220,1662,1110,1663,1664,245,224,144,146,1665,943,1244,417,1001,419,1666,603,216,303,543,919,589,604,657,1667,1332,1668,383],"genre":[],"class_list":{"0":"post-5627","1":"product","2":"type-product","3":"status-publish","4":"has-post-thumbnail","6":"product_cat-belleza","7":"product_tag-423","8":"product_tag-adulto","9":"product_tag-adultos","10":"product_tag-atopica","11":"product_tag-ayuda","12":"product_tag-botanics","13":"product_tag-calma","14":"product_tag-champu","15":"product_tag-corporal","16":"product_tag-emoliente","17":"product_tag-escama","18":"product_tag-escamada","19":"product_tag-fisiologico","20":"product_tag-gel","21":"product_tag-hidrata","22":"product_tag-hidratante","23":"product_tag-hipoalergenico","24":"product_tag-jabon","25":"product_tag-locion","26":"product_tag-masvital","27":"product_tag-mejora","28":"product_tag-mussvital","29":"product_tag-mussvitall","30":"product_tag-musvital","31":"product_tag-natural","32":"product_tag-nino","33":"product_tag-ninos","34":"product_tag-ph","35":"product_tag-picor","36":"product_tag-piel","37":"product_tag-previene","38":"product_tag-problema","39":"product_tag-problemas","40":"product_tag-prurito","41":"product_tag-seca","43":"first","44":"instock","45":"taxable","46":"shipping-taxable","47":"purchasable","48":"product-type-simple","49":"add-to-wishlist-after_add_to_cart"},"acf":[],"_links":{"self":[{"href":"https:\/\/compraencieza.es\/en\/wp-json\/wp\/v2\/product\/5627","targetHints":{"allow":["GET"]}}],"collection":[{"href":"https:\/\/compraencieza.es\/en\/wp-json\/wp\/v2\/product"}],"about":[{"href":"https:\/\/compraencieza.es\/en\/wp-json\/wp\/v2\/types\/product"}],"replies":[{"embeddable":true,"href":"https:\/\/compraencieza.es\/en\/wp-json\/wp\/v2\/comments?post=5627"}],"wp:featuredmedia":[{"embeddable":true,"href":"https:\/\/compraencieza.es\/en\/wp-json\/wp\/v2\/media\/4542"}],"wp:attachment":[{"href":"https:\/\/compraencieza.es\/en\/wp-json\/wp\/v2\/media?parent=5627"}],"wp:term":[{"taxonomy":"product_cat","embeddable":true,"href":"https:\/\/compraencieza.es\/en\/wp-json\/wp\/v2\/product_cat?post=5627"},{"taxonomy":"product_tag","embeddable":true,"href":"https:\/\/compraencieza.es\/en\/wp-json\/wp\/v2\/product_tag?post=5627"},{"taxonomy":"product_brand","embeddable":true,"href":"https:\/\/compraencieza.es\/en\/wp-json\/wp\/v2\/genre?post=5627"}],"curies":[{"name":"wp","href":"https:\/\/api.w.org\/{rel}","templated":true}]}}