{"id":5628,"date":"2025-01-09T17:09:29","date_gmt":"2025-01-09T16:09:29","guid":{"rendered":"https:\/\/compraencieza.es\/?post_type=product&#038;p=5628"},"modified":"2025-01-09T17:25:21","modified_gmt":"2025-01-09T16:25:21","slug":"locion-hidratante-piel-sensible-750ml-ph-5-5","status":"publish","type":"product","link":"https:\/\/compraencieza.es\/en\/product\/locion-hidratante-piel-sensible-750ml-ph-5-5\/","title":{"rendered":"Moisturizing Lotion Sensitive Skin 750ml PH 5.5"},"content":{"rendered":"<p>Nuevo formato.<\/p>\n<p>The\u00a0<strong>loci\u00f3n para piel sensible Mussvital Botanics<\/strong>\u00a0ha sido especialmente formulada para pieles sensibles de ni\u00f1os y adultos. Hidrata la piel de toda la familia durante 24h. Su f\u00f3rmula altamente natural, 91% contiene manteca de karit\u00e9 proporciona una hidrataci\u00f3n profunda y sostenida de la piel.\u00a0<strong>Hipoalerg\u00e9nico<\/strong>\u00a0\/Apto para ni\u00f1os a partir de 3 a\u00f1os.<\/p>\n<p><strong>Ingredients:<\/strong><\/p>\n<p>Aqua, Glycerin, Cetearyl alcohol, Paraffinum liquidum, Stearic acid, Cetyl alcohol, Isostearyl isostearate, Caprylic\/Capric triglyceride, Cyclopentasiloxane, Decyl oleate, Propylene glicol, Phenoxyethanol, Ceteareth-33, Butyrospermum parkii butter, Allantoin, Disodium EDTA, Ethylhexyl glycerin, BHT, Triethanolamine, Eugenol, D-limonene, Linalool.<\/p>\n<p><strong>Instructions for use:<\/strong><\/p>\n<p>Aplicar el producto sobre la piel limpia y seca con un suave masaje hasta su total absorci\u00f3n.<\/p>","protected":false},"excerpt":{"rendered":"<ul>\n<li>Especialmente formulado para <strong>pieles sensibles<\/strong><\/li>\n<li>Hidrata suavemente<\/li>\n<li>pH 5,5 fisiologico<\/li>\n<li>91% de ingredientes de origen natural<\/li>\n<li>Hipoalerg\u00e9nico<\/li>\n<li><strong>Apto para adultos y ni\u00f1os<\/strong><\/li>\n<\/ul>","protected":false},"featured_media":4543,"comment_status":"open","ping_status":"closed","template":"","meta":{"_acf_changed":false,"inline_featured_image":false},"product_cat":[106],"product_tag":[423,1208,1660,1627,1661,365,220,1662,1110,1663,1664,245,224,144,146,1665,943,373,1244,377,417,1001,419,1666,603,216,303,543,919,589,604,657,1667,1332,1668,383],"genre":[],"class_list":{"0":"post-5628","1":"product","2":"type-product","3":"status-publish","4":"has-post-thumbnail","6":"product_cat-belleza","7":"product_tag-423","8":"product_tag-adultos","9":"product_tag-atopica","10":"product_tag-ayuda","11":"product_tag-botanics","12":"product_tag-calma","13":"product_tag-champu","14":"product_tag-corporal","15":"product_tag-emoliente","16":"product_tag-escama","17":"product_tag-escamada","18":"product_tag-fisiologico","19":"product_tag-gel","20":"product_tag-hidrata","21":"product_tag-hidratante","22":"product_tag-hipoalergenico","23":"product_tag-jabon","24":"product_tag-karite","25":"product_tag-locion","26":"product_tag-manteca","27":"product_tag-masvital","28":"product_tag-mejora","29":"product_tag-mussvital","30":"product_tag-mussvitall","31":"product_tag-musvital","32":"product_tag-natural","33":"product_tag-nino","34":"product_tag-ninos","35":"product_tag-ph","36":"product_tag-picor","37":"product_tag-piel","38":"product_tag-previene","39":"product_tag-problema","40":"product_tag-problemas","41":"product_tag-prurito","42":"product_tag-seca","44":"first","45":"instock","46":"taxable","47":"shipping-taxable","48":"purchasable","49":"product-type-simple","50":"add-to-wishlist-after_add_to_cart"},"acf":[],"_links":{"self":[{"href":"https:\/\/compraencieza.es\/en\/wp-json\/wp\/v2\/product\/5628","targetHints":{"allow":["GET"]}}],"collection":[{"href":"https:\/\/compraencieza.es\/en\/wp-json\/wp\/v2\/product"}],"about":[{"href":"https:\/\/compraencieza.es\/en\/wp-json\/wp\/v2\/types\/product"}],"replies":[{"embeddable":true,"href":"https:\/\/compraencieza.es\/en\/wp-json\/wp\/v2\/comments?post=5628"}],"wp:featuredmedia":[{"embeddable":true,"href":"https:\/\/compraencieza.es\/en\/wp-json\/wp\/v2\/media\/4543"}],"wp:attachment":[{"href":"https:\/\/compraencieza.es\/en\/wp-json\/wp\/v2\/media?parent=5628"}],"wp:term":[{"taxonomy":"product_cat","embeddable":true,"href":"https:\/\/compraencieza.es\/en\/wp-json\/wp\/v2\/product_cat?post=5628"},{"taxonomy":"product_tag","embeddable":true,"href":"https:\/\/compraencieza.es\/en\/wp-json\/wp\/v2\/product_tag?post=5628"},{"taxonomy":"product_brand","embeddable":true,"href":"https:\/\/compraencieza.es\/en\/wp-json\/wp\/v2\/genre?post=5628"}],"curies":[{"name":"wp","href":"https:\/\/api.w.org\/{rel}","templated":true}]}}