{"id":5629,"date":"2025-01-09T17:09:29","date_gmt":"2025-01-09T16:09:29","guid":{"rendered":"https:\/\/compraencieza.es\/?post_type=product&#038;p=5629"},"modified":"2025-01-09T17:25:21","modified_gmt":"2025-01-09T16:25:21","slug":"gel-de-bano-piel-atopica-750ml-ph5-5","status":"publish","type":"product","link":"https:\/\/compraencieza.es\/en\/product\/gel-de-bano-piel-atopica-750ml-ph5-5\/","title":{"rendered":"Atopic Skin Bath Gel 750ml PH5.5"},"content":{"rendered":"<p>El\u00a0<b>gel de ba\u00f1o para pieles con tendencia at\u00f3pica de Mussvital Dermactive\u00a0<\/b>contiene una f\u00f3rmula sin jab\u00f3n y con pH 5.5. Ha sido desarrollado para el cuidado y protecci\u00f3n de las pieles m\u00e1s delicadas: limpia suavemente sin irritar la piel y respeta la barrera hidrolip\u00eddica.<\/p>\n<p><strong>Ingredients:<\/strong><\/p>\n<p>Aqua, Disodium Laureth Sulfosuccinate, Cocamidopropyl Betaine, Sodium Laureth Sulfate, Glycereth-2 Cocoate, PEG-7 Glyceryl Cocoate, Cocamide DEA, Phenoxyethanol, Parfum, Sodium Chloride, Ethylhexylglycerin, Lactic Acid, Phragmites Kharka Extract, Poria Cocos Extract.<\/p>","protected":false},"excerpt":{"rendered":"<ul>\n<li>Especialmente formulado para <strong>pieles at\u00f3picas<\/strong><\/li>\n<li>F\u00f3rmula Surgras sin jab\u00f3n<\/li>\n<li>Higiene suave y delicada<\/li>\n<li>pH 5.5: Respeta la barrera lip\u00eddica de la piel<\/li>\n<li>Hipoalerg\u00e9nico<\/li>\n<li><strong>Apto para adultos y ni\u00f1os<\/strong><\/li>\n<\/ul>","protected":false},"featured_media":4545,"comment_status":"open","ping_status":"closed","template":"","meta":{"_acf_changed":false,"inline_featured_image":false},"product_cat":[106],"product_tag":[423,1208,1660,1627,1661,365,220,1662,1669,1670,1110,1663,1664,245,224,144,146,1665,943,1244,417,1001,419,1666,603,216,303,543,919,589,604,657,1667,1332,1668,383,355,1671],"genre":[],"class_list":{"0":"post-5629","1":"product","2":"type-product","3":"status-publish","4":"has-post-thumbnail","6":"product_cat-belleza","7":"product_tag-423","8":"product_tag-adultos","9":"product_tag-atopica","10":"product_tag-ayuda","11":"product_tag-botanics","12":"product_tag-calma","13":"product_tag-champu","14":"product_tag-corporal","15":"product_tag-delicada","16":"product_tag-delicadas","17":"product_tag-emoliente","18":"product_tag-escama","19":"product_tag-escamada","20":"product_tag-fisiologico","21":"product_tag-gel","22":"product_tag-hidrata","23":"product_tag-hidratante","24":"product_tag-hipoalergenico","25":"product_tag-jabon","26":"product_tag-locion","27":"product_tag-masvital","28":"product_tag-mejora","29":"product_tag-mussvital","30":"product_tag-mussvitall","31":"product_tag-musvital","32":"product_tag-natural","33":"product_tag-nino","34":"product_tag-ninos","35":"product_tag-ph","36":"product_tag-picor","37":"product_tag-piel","38":"product_tag-previene","39":"product_tag-problema","40":"product_tag-problemas","41":"product_tag-prurito","42":"product_tag-seca","43":"product_tag-sin","44":"product_tag-tendencia","46":"first","47":"onbackorder","48":"taxable","49":"shipping-taxable","50":"purchasable","51":"product-type-simple","52":"add-to-wishlist-after_add_to_cart"},"acf":[],"_links":{"self":[{"href":"https:\/\/compraencieza.es\/en\/wp-json\/wp\/v2\/product\/5629","targetHints":{"allow":["GET"]}}],"collection":[{"href":"https:\/\/compraencieza.es\/en\/wp-json\/wp\/v2\/product"}],"about":[{"href":"https:\/\/compraencieza.es\/en\/wp-json\/wp\/v2\/types\/product"}],"replies":[{"embeddable":true,"href":"https:\/\/compraencieza.es\/en\/wp-json\/wp\/v2\/comments?post=5629"}],"wp:featuredmedia":[{"embeddable":true,"href":"https:\/\/compraencieza.es\/en\/wp-json\/wp\/v2\/media\/4545"}],"wp:attachment":[{"href":"https:\/\/compraencieza.es\/en\/wp-json\/wp\/v2\/media?parent=5629"}],"wp:term":[{"taxonomy":"product_cat","embeddable":true,"href":"https:\/\/compraencieza.es\/en\/wp-json\/wp\/v2\/product_cat?post=5629"},{"taxonomy":"product_tag","embeddable":true,"href":"https:\/\/compraencieza.es\/en\/wp-json\/wp\/v2\/product_tag?post=5629"},{"taxonomy":"product_brand","embeddable":true,"href":"https:\/\/compraencieza.es\/en\/wp-json\/wp\/v2\/genre?post=5629"}],"curies":[{"name":"wp","href":"https:\/\/api.w.org\/{rel}","templated":true}]}}