{"id":5631,"date":"2025-01-09T17:09:29","date_gmt":"2025-01-09T16:09:29","guid":{"rendered":"https:\/\/compraencieza.es\/?post_type=product&#038;p=5631"},"modified":"2025-01-09T17:25:21","modified_gmt":"2025-01-09T16:25:21","slug":"suero-fisiologico-30unds-x5ml","status":"publish","type":"product","link":"https:\/\/compraencieza.es\/en\/product\/suero-fisiologico-30unds-x5ml\/","title":{"rendered":"Suero fisiol\u00f3gico 30unds x5ml"},"content":{"rendered":"<p><strong>Acci\u00f3n y Descripci\u00f3n<\/strong><\/p>\n<p>Soluci\u00f3n tamp\u00f3n, est\u00e9ril y sin conservantes para el lavado nasal y ocular.<\/p>\n<p>Indicado para en caso de obstrucci\u00f3n por mucosidad durante el resfriado. Para humidificar las fosas nasales ante el resecamiento por determinados ambientes: calefacci\u00f3n, humos&#8230;<\/p>\n<p>Higiene ocular: Lavado del p\u00e1rpado. Lavado interior de los ojos.\u00a0 Alivio de sensaciones de irritaci\u00f3n, de cansancio o sequedad ocular provocadas por el humo, la poluci\u00f3n, el aire acondicionado o el trabajo prolongado sobre pantalla. indicado tambi\u00e9n para el\u00a0 aclarado de lentes de contacto.<\/p>\n<p>Para adultos, ni\u00f1os y lactantes.<\/p>\n<p>&nbsp;<\/p>\n<p><strong>Modo de empleo<\/strong><\/p>\n<p>Abrir la monodosis y aplicar sobre la zona que se desea limpiar varias veces al d\u00eda seg\u00fan necesidades.<\/p>\n<p>&nbsp;<\/p>\n<p><strong>Precauciones y Advertencias<\/strong><\/p>\n<p>Uso \u00fanico e individual.\u00a0 Desechar el envase despu\u00e9s de su uso.<\/p>\n<p>Tras apertura: utilizar inmediatamente y desechar el recipiente monodosis tras su uso, al no contener conservantes, la reutilizaci\u00f3n de este dispositivo m\u00e9dico podr\u00eda provocar riesgos por administraci\u00f3n de una soluci\u00f3n contaminada.<\/p>\n<p>No utilizar la misma monodosis para usos diferentes. No inyectar.<\/p>","protected":false},"excerpt":{"rendered":"<p>Soluci\u00f3n fisiol\u00f3gica para la higiene <strong>nasal y ocular.<\/strong><\/p>\n<p>Soluci\u00f3n fisiol\u00f3gica para <strong>lavado de heridas<\/strong><\/p>\n<p>Contiene 30 monodosis de 5ml.<\/p>\n<p><strong>APTO PARA LACTANTES, NI\u00d1OS Y ADULTOS.<\/strong><\/p>","protected":false},"featured_media":4547,"comment_status":"open","ping_status":"closed","template":"","meta":{"_acf_changed":false,"inline_featured_image":false},"product_cat":[105],"product_tag":[131,1209,1035,1672,159,794,1673,1674,1675,1676,558,1677,414,1678,1679,1691,1680,1692,1070,1681,1682,587,1693,1694,1695,1696,1683,476,351,1684,1025,1697,1685,1686,216,543,1698,1699,331,1132,1700,1701,1702,1687,1688,1703,1689,1704,1690],"genre":[],"class_list":{"0":"post-5631","1":"product","2":"type-product","3":"status-publish","4":"has-post-thumbnail","6":"product_cat-salud","7":"product_tag-aceite","8":"product_tag-agua","9":"product_tag-alivio","10":"product_tag-bacterias","11":"product_tag-bebe","12":"product_tag-contacto","13":"product_tag-descongestion","14":"product_tag-descongestiona","15":"product_tag-disminuir","16":"product_tag-disminuye","17":"product_tag-eliminar","18":"product_tag-elmina","19":"product_tag-esencial","20":"product_tag-eucalyptus","21":"product_tag-fosas","22":"product_tag-heridas","23":"product_tag-hinchazon","24":"product_tag-humo","25":"product_tag-inmediato","26":"product_tag-intensivo","27":"product_tag-intenso","28":"product_tag-irritacion","29":"product_tag-lactantes","30":"product_tag-lavado","31":"product_tag-lentes","32":"product_tag-lentillas","33":"product_tag-mar","34":"product_tag-menta","35":"product_tag-minerales","36":"product_tag-moco","37":"product_tag-mocos","38":"product_tag-monodosis","39":"product_tag-nasal","40":"product_tag-nasales","41":"product_tag-natural","42":"product_tag-ninos","43":"product_tag-ocular","44":"product_tag-ojo","45":"product_tag-ojos","46":"product_tag-oligoelementos","47":"product_tag-pantalla","48":"product_tag-pantallas","49":"product_tag-parpado","50":"product_tag-rhinomer","51":"product_tag-rinomer","52":"product_tag-sequedad","53":"product_tag-sinusitis","54":"product_tag-unidosis","55":"product_tag-virus","57":"first","58":"instock","59":"taxable","60":"shipping-taxable","61":"purchasable","62":"product-type-simple","63":"add-to-wishlist-after_add_to_cart"},"acf":[],"_links":{"self":[{"href":"https:\/\/compraencieza.es\/en\/wp-json\/wp\/v2\/product\/5631","targetHints":{"allow":["GET"]}}],"collection":[{"href":"https:\/\/compraencieza.es\/en\/wp-json\/wp\/v2\/product"}],"about":[{"href":"https:\/\/compraencieza.es\/en\/wp-json\/wp\/v2\/types\/product"}],"replies":[{"embeddable":true,"href":"https:\/\/compraencieza.es\/en\/wp-json\/wp\/v2\/comments?post=5631"}],"wp:featuredmedia":[{"embeddable":true,"href":"https:\/\/compraencieza.es\/en\/wp-json\/wp\/v2\/media\/4547"}],"wp:attachment":[{"href":"https:\/\/compraencieza.es\/en\/wp-json\/wp\/v2\/media?parent=5631"}],"wp:term":[{"taxonomy":"product_cat","embeddable":true,"href":"https:\/\/compraencieza.es\/en\/wp-json\/wp\/v2\/product_cat?post=5631"},{"taxonomy":"product_tag","embeddable":true,"href":"https:\/\/compraencieza.es\/en\/wp-json\/wp\/v2\/product_tag?post=5631"},{"taxonomy":"product_brand","embeddable":true,"href":"https:\/\/compraencieza.es\/en\/wp-json\/wp\/v2\/genre?post=5631"}],"curies":[{"name":"wp","href":"https:\/\/api.w.org\/{rel}","templated":true}]}}