{"id":5636,"date":"2025-01-09T17:09:30","date_gmt":"2025-01-09T16:09:30","guid":{"rendered":"https:\/\/compraencieza.es\/?post_type=product&#038;p=5636"},"modified":"2025-01-09T17:25:20","modified_gmt":"2025-01-09T16:25:20","slug":"andro-xl","status":"publish","type":"product","link":"https:\/\/compraencieza.es\/en\/product\/andro-xl\/","title":{"rendered":"Andro XL"},"content":{"rendered":"<div class=\"fusion-text fusion-text-1\">\n<p><strong>\u00a1Estar\u00e1s a la altura!<\/strong><\/p>\n<\/div>\n<div class=\"fusion-text fusion-text-2\">\n<p>Preparado a base de ingredientes naturales a los que se reconoce una acci\u00f3n vigorizante sobre la sexualidad masculina.<\/p>\n<\/div>\n<div class=\"fusion-text fusion-text-3\">\n<p><strong>Composici\u00f3n<\/strong><\/p>\n<\/div>\n<div class=\"fusion-text fusion-text-4\">\n<ul>\n<li>XL 3 (arginina alfa cetoglutarato, citrulina<em>, Epimedium<\/em>\u00a0exto. seco), 354 mg.<\/li>\n<li>Ornitina alfa cetoglutarato, 50 mg.<\/li>\n<li>Aditivos, c.s.p.<\/li>\n<\/ul>\n<\/div>\n<div class=\"fusion-text fusion-text-5\">\n<p><strong>Modo de empleo<\/strong><\/p>\n<\/div>\n<div class=\"fusion-text fusion-text-6\">\n<p>Tomar tres c\u00e1psulas una vez al d\u00eda, de dos a tres horas antes de la relaci\u00f3n sexual.<\/p>\n<\/div>\n<div class=\"fusion-text fusion-text-7\">\n<p><strong>Presentaci\u00f3n<\/strong><\/p>\n<p>14 C\u00e1psulas.<\/p>\n<\/div>","protected":false},"excerpt":{"rendered":"<p>Suplemento con ingredientes naturales para una acci\u00f3n vasodilatadora, que ayuda a mejorar la potencia sexual masculina.<\/p>","protected":false},"featured_media":4553,"comment_status":"open","ping_status":"closed","template":"","meta":{"_acf_changed":false,"inline_featured_image":false},"product_cat":[105],"product_tag":[1141,1713,1714,1715,1716,1717,1718,1412,1069,1416,216,1719,1720,1721,590,810,1722,1723,1724,1725,358,1726],"genre":[],"class_list":{"0":"post-5636","1":"product","2":"type-product","3":"status-publish","4":"has-post-thumbnail","6":"product_cat-salud","7":"product_tag-aditivos","8":"product_tag-alfa","9":"product_tag-andro","10":"product_tag-arginina","11":"product_tag-cetoglutarato","12":"product_tag-citrulina","13":"product_tag-ereccion","14":"product_tag-hombre","15":"product_tag-ingredientes","16":"product_tag-masculino","17":"product_tag-natural","18":"product_tag-ornitiana","19":"product_tag-relacion","20":"product_tag-relaciones","21":"product_tag-salud","22":"product_tag-sexo","23":"product_tag-sexual","24":"product_tag-viagra","25":"product_tag-vigor","26":"product_tag-vigorizante","27":"product_tag-vitaminas","28":"product_tag-xl","30":"first","31":"instock","32":"taxable","33":"shipping-taxable","34":"purchasable","35":"product-type-simple","36":"add-to-wishlist-after_add_to_cart"},"acf":[],"_links":{"self":[{"href":"https:\/\/compraencieza.es\/en\/wp-json\/wp\/v2\/product\/5636","targetHints":{"allow":["GET"]}}],"collection":[{"href":"https:\/\/compraencieza.es\/en\/wp-json\/wp\/v2\/product"}],"about":[{"href":"https:\/\/compraencieza.es\/en\/wp-json\/wp\/v2\/types\/product"}],"replies":[{"embeddable":true,"href":"https:\/\/compraencieza.es\/en\/wp-json\/wp\/v2\/comments?post=5636"}],"wp:featuredmedia":[{"embeddable":true,"href":"https:\/\/compraencieza.es\/en\/wp-json\/wp\/v2\/media\/4553"}],"wp:attachment":[{"href":"https:\/\/compraencieza.es\/en\/wp-json\/wp\/v2\/media?parent=5636"}],"wp:term":[{"taxonomy":"product_cat","embeddable":true,"href":"https:\/\/compraencieza.es\/en\/wp-json\/wp\/v2\/product_cat?post=5636"},{"taxonomy":"product_tag","embeddable":true,"href":"https:\/\/compraencieza.es\/en\/wp-json\/wp\/v2\/product_tag?post=5636"},{"taxonomy":"product_brand","embeddable":true,"href":"https:\/\/compraencieza.es\/en\/wp-json\/wp\/v2\/genre?post=5636"}],"curies":[{"name":"wp","href":"https:\/\/api.w.org\/{rel}","templated":true}]}}