{"id":5637,"date":"2025-01-09T17:09:30","date_gmt":"2025-01-09T16:09:30","guid":{"rendered":"https:\/\/compraencieza.es\/?post_type=product&#038;p=5637"},"modified":"2025-01-09T17:25:19","modified_gmt":"2025-01-09T16:25:19","slug":"roll-on-para-picaduras-20ml","status":"publish","type":"product","link":"https:\/\/compraencieza.es\/en\/product\/roll-on-para-picaduras-20ml\/","title":{"rendered":"Roll-on Para Picaduras 20ml"},"content":{"rendered":"<p><strong>After Picada Roll-On CER\u00b48 20ml<\/strong>.\u00a0 para despu\u00e9s de la picadura de mosquito, Con aloe vera, cal\u00e9ndula y quercia. El Roll On after picada es de <strong>acci\u00f3n calmante y refresca la piel<\/strong>\u00a0despu\u00e9s de la picadura de un insecto o del contacto con alguna planta. No contiene amoniaco, es\u00a0<strong>100% natural<\/strong><\/p>","protected":false},"excerpt":{"rendered":"<p>Acci\u00f3n calmante y refrescante <strong>SIN AMON\u00cdACO.<\/strong><\/p>\n<p>Indicado en todo tipo de insectos y plantas.<\/p>\n<p><b>APTO PARA TODA LA FAMILIA<\/b><\/p>","protected":false},"featured_media":4555,"comment_status":"open","ping_status":"closed","template":"","meta":{"_acf_changed":false,"inline_featured_image":false},"product_cat":[105],"product_tag":[1439,1581,1727,159,1728,365,1729,1730,1731,1732,1270,1124,1733,1276,1216,216,737,303,620,1136,604,1200,352,721,1222,1734,624,625,1735,723],"genre":[],"class_list":{"0":"post-5637","1":"product","2":"type-product","3":"status-publish","4":"has-post-thumbnail","6":"product_cat-salud","7":"product_tag-1439","8":"product_tag-after","9":"product_tag-amoniaco","10":"product_tag-bebe","11":"product_tag-bite","12":"product_tag-calma","13":"product_tag-calmante","14":"product_tag-cer","15":"product_tag-cer-8","16":"product_tag-cerocho","17":"product_tag-familia","18":"product_tag-insectos","19":"product_tag-mordisco","20":"product_tag-mosquito","21":"product_tag-mosquitos","22":"product_tag-natural","23":"product_tag-nature","24":"product_tag-nino","25":"product_tag-on","26":"product_tag-picadura","27":"product_tag-piel","28":"product_tag-planta","29":"product_tag-plantas","30":"product_tag-refresca","31":"product_tag-repelente","32":"product_tag-rol-on","33":"product_tag-roll","34":"product_tag-roll-on","35":"product_tag-rolon","36":"product_tag-stick","38":"first","39":"instock","40":"taxable","41":"shipping-taxable","42":"purchasable","43":"product-type-simple","44":"add-to-wishlist-after_add_to_cart"},"acf":[],"_links":{"self":[{"href":"https:\/\/compraencieza.es\/en\/wp-json\/wp\/v2\/product\/5637","targetHints":{"allow":["GET"]}}],"collection":[{"href":"https:\/\/compraencieza.es\/en\/wp-json\/wp\/v2\/product"}],"about":[{"href":"https:\/\/compraencieza.es\/en\/wp-json\/wp\/v2\/types\/product"}],"replies":[{"embeddable":true,"href":"https:\/\/compraencieza.es\/en\/wp-json\/wp\/v2\/comments?post=5637"}],"wp:featuredmedia":[{"embeddable":true,"href":"https:\/\/compraencieza.es\/en\/wp-json\/wp\/v2\/media\/4555"}],"wp:attachment":[{"href":"https:\/\/compraencieza.es\/en\/wp-json\/wp\/v2\/media?parent=5637"}],"wp:term":[{"taxonomy":"product_cat","embeddable":true,"href":"https:\/\/compraencieza.es\/en\/wp-json\/wp\/v2\/product_cat?post=5637"},{"taxonomy":"product_tag","embeddable":true,"href":"https:\/\/compraencieza.es\/en\/wp-json\/wp\/v2\/product_tag?post=5637"},{"taxonomy":"product_brand","embeddable":true,"href":"https:\/\/compraencieza.es\/en\/wp-json\/wp\/v2\/genre?post=5637"}],"curies":[{"name":"wp","href":"https:\/\/api.w.org\/{rel}","templated":true}]}}