{"id":5638,"date":"2025-01-09T17:09:30","date_gmt":"2025-01-09T16:09:30","guid":{"rendered":"https:\/\/compraencieza.es\/?post_type=product&#038;p=5638"},"modified":"2025-01-09T17:25:20","modified_gmt":"2025-01-09T16:25:20","slug":"repelente-de-insectos-para-perros-250ml","status":"publish","type":"product","link":"https:\/\/compraencieza.es\/en\/product\/repelente-de-insectos-para-perros-250ml\/","title":{"rendered":"Insect Repellent for Dogs 250ml"},"content":{"rendered":"<p>Spray repelente de insectos para perros con CITRONELA, repelente natural muy efectivo contra todo tipo de insectos voladores (moscas, mosquitos, avispas). Adem\u00e1s protege de pulgas, garrapatas, chinches y \u00e1caros. Por su composici\u00f3n natural no tiene efectos secundarios ni contraindicaciones y es muy seguro de utilizar en hembras gestantes y cachorros.<\/p>\n<h4>VENTAJAS<\/h4>\n<ul>\n<li>Composici\u00f3n natural<\/li>\n<li>Efectivo para prevenir ataques de garrapatas, pulgas y todo tipo de insectos<\/li>\n<li>No tiene efectos secundarios ni contraindicaciones<\/li>\n<\/ul>\n<h4>MODO DE EMPLEO<\/h4>\n<p>Pulverizar a contrapelo en las patas, lomo y vientre a una distancia aproximada de 20 cent\u00edmetros evitando los ojos y las mucosas. Aplicar 1 vez al d\u00eda en perros urbanos (antes del paseo principal) y 2 veces al d\u00eda (ma\u00f1ana y tarde) en perros que transitan o habitan en zonas de riesgo (chalets, zonas rurales, etc.).<\/p>","protected":false},"excerpt":{"rendered":"<p>Repelente natural con citronela.<\/p>\n<p>Previene a tu mascota canina de todo tipo de insectos par\u00e1sitos.<\/p>\n<p>&nbsp;<\/p>","protected":false},"featured_media":4556,"comment_status":"open","ping_status":"closed","template":"","meta":{"_acf_changed":false,"inline_featured_image":false},"product_cat":[105],"product_tag":[1736,1737,1555,1738,1739,1212,1740,1271,1741,1742,1124,1306,1743,1216,216,1744,1310,1137,1745,1222,1746],"genre":[],"class_list":{"0":"post-5638","1":"product","2":"type-product","3":"status-publish","4":"has-post-thumbnail","6":"product_cat-salud","7":"product_tag-acaros","8":"product_tag-avispas","9":"product_tag-bano","10":"product_tag-cachorros","11":"product_tag-chinches","12":"product_tag-citronela","13":"product_tag-citronella","14":"product_tag-garrapatas","15":"product_tag-gato","16":"product_tag-gatos","17":"product_tag-insectos","18":"product_tag-mascotas","19":"product_tag-moscas","20":"product_tag-mosquitos","21":"product_tag-natural","22":"product_tag-perro","23":"product_tag-perros","24":"product_tag-picaduras","25":"product_tag-pulgas","26":"product_tag-repelente","27":"product_tag-voladores","29":"first","30":"onbackorder","31":"taxable","32":"shipping-taxable","33":"purchasable","34":"product-type-simple","35":"add-to-wishlist-after_add_to_cart"},"acf":[],"_links":{"self":[{"href":"https:\/\/compraencieza.es\/en\/wp-json\/wp\/v2\/product\/5638","targetHints":{"allow":["GET"]}}],"collection":[{"href":"https:\/\/compraencieza.es\/en\/wp-json\/wp\/v2\/product"}],"about":[{"href":"https:\/\/compraencieza.es\/en\/wp-json\/wp\/v2\/types\/product"}],"replies":[{"embeddable":true,"href":"https:\/\/compraencieza.es\/en\/wp-json\/wp\/v2\/comments?post=5638"}],"wp:featuredmedia":[{"embeddable":true,"href":"https:\/\/compraencieza.es\/en\/wp-json\/wp\/v2\/media\/4556"}],"wp:attachment":[{"href":"https:\/\/compraencieza.es\/en\/wp-json\/wp\/v2\/media?parent=5638"}],"wp:term":[{"taxonomy":"product_cat","embeddable":true,"href":"https:\/\/compraencieza.es\/en\/wp-json\/wp\/v2\/product_cat?post=5638"},{"taxonomy":"product_tag","embeddable":true,"href":"https:\/\/compraencieza.es\/en\/wp-json\/wp\/v2\/product_tag?post=5638"},{"taxonomy":"product_brand","embeddable":true,"href":"https:\/\/compraencieza.es\/en\/wp-json\/wp\/v2\/genre?post=5638"}],"curies":[{"name":"wp","href":"https:\/\/api.w.org\/{rel}","templated":true}]}}