{"id":5652,"date":"2025-01-09T17:09:30","date_gmt":"2025-01-09T16:09:30","guid":{"rendered":"https:\/\/compraencieza.es\/?post_type=product&#038;p=5652"},"modified":"2025-01-09T17:25:21","modified_gmt":"2025-01-09T16:25:21","slug":"espelta-amaranto-avellana-eco-325g","status":"publish","type":"product","link":"https:\/\/compraencieza.es\/en\/product\/espelta-amaranto-avellana-eco-325g\/","title":{"rendered":"Spelt Amaranth Hazelnut ECO 325g"},"content":{"rendered":"<p>Espelta y amaranto inflados cubiertos con crema de avellana.<br \/>\nFuente de fibra.<\/p>\n<p>INGREDIENTS:<br \/>\nEspelta inflada*, az\u00facar de ca\u00f1a*, pasta de avellana*, leche entera en polvo*, jarabe de ma\u00edz*, amaranto inflado*, chocolate con leche* (az\u00facar de ca\u00f1a *, leche en polvo*, manteca de cacao*, emulsionante: soja lecitina*, extracto de vainilla*), cacao en polvo desnatado*, aceite de girasol alto oleico*.<br \/>\n*Procedente de agricultura ecol\u00f3gica.<\/p>\n<p>INFORMACION NUTRICIONALl por 100 gr&#8230;&#8230;&#8230;&#8230;&#8230;&#8230;&#8230;&#8230;..RACION RECOMENDADA DIARIA (30 GR)<br \/>\nEnerg\u00eda &#8230;&#8230;&#8230;&#8230;&#8230;&#8230;&#8230;&#8230;&#8230;&#8230;&#8230;&#8230;.1758 kJ \/ 417 kcal &#8230;&#8230;&#8230;&#8230;&#8230;&#8230;&#8230;.527 kj \/ 125 Kcal<br \/>\nGrasas &#8230;&#8230;&#8230;&#8230;&#8230;&#8230;&#8230;&#8230;&#8230;&#8230;&#8230;.8,6 g &#8230;&#8230;&#8230;&#8230;&#8230;&#8230;&#8230;&#8230;&#8230;&#8230;&#8230;&#8230;&#8230;&#8230;..2,6 g<br \/>\nDe las cuales saturadas &#8230;.2.3 g&#8230;&#8230;&#8230;&#8230;&#8230;&#8230;&#8230;&#8230;&#8230;&#8230;&#8230;&#8230;&#8230;&#8230;&#8230;0,7 g<br \/>\nCarbohidratos &#8230;&#8230;&#8230;&#8230;&#8230;&#8230;&#8230;&#8230;&#8230;73 g &#8230;&#8230;&#8230;&#8230;&#8230;&#8230;&#8230;&#8230;&#8230;&#8230;&#8230;&#8230;&#8230;&#8230;&#8230;.22 g<br \/>\nDe los cuales az\u00facares&#8230;&#8230;36 g&#8230;&#8230;&#8230;&#8230;&#8230;&#8230;&#8230;&#8230;&#8230;&#8230;&#8230;&#8230;&#8230;&#8230;&#8230;.11 g<br \/>\nFibra&#8230;&#8230;&#8230;&#8230;&#8230;&#8230;&#8230;&#8230;&#8230;&#8230;&#8230;&#8230;&#8230;&#8230;.4,7 g&#8230;&#8230;&#8230;&#8230;&#8230;&#8230;&#8230;&#8230;&#8230;&#8230;&#8230;&#8230;&#8230;&#8230;&#8230;1,4 g<br \/>\nProte\u00ednas&#8230;&#8230;&#8230;&#8230;&#8230;&#8230;&#8230;&#8230;&#8230;&#8230;&#8230;. 9,5 g&#8230;&#8230;&#8230;&#8230;&#8230;&#8230;&#8230;&#8230;&#8230;&#8230;&#8230;&#8230;&#8230;&#8230;&#8230;.2,9 g<br \/>\nSal &#8230;&#8230;&#8230;&#8230;&#8230;&#8230;&#8230;&#8230;&#8230;&#8230;&#8230;&#8230;&#8230;&#8230;&#8230;0,13 g &#8230;&#8230;&#8230;&#8230;&#8230;&#8230;&#8230;&#8230;&#8230;&#8230;&#8230;&#8230;&#8230;&#8230;0,04 g<\/p>\n<p>DIRECTIONS FOR USE:<br \/>\nVierta en un bol la cantidad de cereales deseada, puede acompa\u00f1arlos con leche, yogur, fruta troceada, batidos, etc.<br \/>\nUna vez abierto, para su mejor conservaci\u00f3n cierre herm\u00e9ticamente.<\/p>\n<p>CONSERVATION:<br \/>\nStore at room temperature, in a cool, dry place protected from light.<\/p>\n<p>PRESENTATION:<br \/>\n325 GR.<\/p>\n<p>ADDITIONAL INFORMATION:<br \/>\nContiene leche y trazas de gluten, soja, y frutos secos<br \/>\nNo contiene organismos modificados gen\u00e9ticamente (No GMO) ni irradiados.<br \/>\nBPA free packaging.<br \/>\nStore at room temperature, in a cool, dry place protected from light.<\/p>\n<p>&nbsp;<\/p>\n<table class=\"table-data-sheet\" style=\"height: 251px;\" width=\"607\">\n<tbody>\n<tr class=\"odd\">\n<td>Gluten<\/td>\n<td>&#8212;<\/td>\n<\/tr>\n<tr class=\"even\">\n<td>Lactosa<\/td>\n<td>No<\/td>\n<\/tr>\n<tr class=\"odd\">\n<td>Apto veganos<\/td>\n<td>No<\/td>\n<\/tr>\n<tr class=\"even\">\n<td>Frio<\/td>\n<td>No<\/td>\n<\/tr>\n<tr class=\"odd\">\n<td>Cantidad medida<\/td>\n<td>0,325<\/td>\n<\/tr>\n<tr class=\"even\">\n<td>Bio<\/td>\n<td>Si<\/td>\n<\/tr>\n<tr class=\"odd\">\n<td>Huevo<\/td>\n<td>No<\/td>\n<\/tr>\n<tr class=\"even\">\n<td>Apto diabeticos<\/td>\n<td>&#8212;<\/td>\n<\/tr>\n<\/tbody>\n<\/table>","protected":false},"excerpt":{"rendered":"<h5>Riqu\u00edsimos cereales de espelta amaranto inflados con crema de avellana, para que disfrutes de tus desayunos y meriendas.<\/h5>","protected":false},"featured_media":4601,"comment_status":"open","ping_status":"closed","template":"","meta":{"_acf_changed":false,"inline_featured_image":false},"product_cat":[95],"product_tag":[1338,1801,1802,1339,1795,364,1803,1796,1797,1804,762,1633,1798,139,1805,556,1806,1807,180,1808,766,1809,346,1810,1811,347,161,1812,1813,384,355,1814],"genre":[],"class_list":{"0":"post-5652","1":"product","2":"type-product","3":"status-publish","4":"has-post-thumbnail","6":"product_cat-alimentacion","7":"product_tag-alimentacion","8":"product_tag-amaranto","9":"product_tag-avellana","10":"product_tag-azucar","11":"product_tag-bpa","12":"product_tag-cacao","13":"product_tag-cana","14":"product_tag-celiaco","15":"product_tag-celiacos","16":"product_tag-cereales","17":"product_tag-chocolate","18":"product_tag-colorantes","19":"product_tag-conservantes","20":"product_tag-crema","21":"product_tag-eco","22":"product_tag-ecologico","23":"product_tag-edulcorantes","24":"product_tag-espelta","25":"product_tag-fibra","26":"product_tag-fruta","27":"product_tag-frutos","28":"product_tag-girasol","29":"product_tag-gluten","30":"product_tag-inflada","31":"product_tag-inflado","32":"product_tag-jarabe","33":"product_tag-leche","34":"product_tag-maiz","35":"product_tag-natrual","36":"product_tag-secos","37":"product_tag-sin","38":"product_tag-zucar","40":"first","41":"instock","42":"taxable","43":"shipping-taxable","44":"purchasable","45":"product-type-simple","46":"add-to-wishlist-after_add_to_cart"},"acf":[],"_links":{"self":[{"href":"https:\/\/compraencieza.es\/en\/wp-json\/wp\/v2\/product\/5652","targetHints":{"allow":["GET"]}}],"collection":[{"href":"https:\/\/compraencieza.es\/en\/wp-json\/wp\/v2\/product"}],"about":[{"href":"https:\/\/compraencieza.es\/en\/wp-json\/wp\/v2\/types\/product"}],"replies":[{"embeddable":true,"href":"https:\/\/compraencieza.es\/en\/wp-json\/wp\/v2\/comments?post=5652"}],"wp:featuredmedia":[{"embeddable":true,"href":"https:\/\/compraencieza.es\/en\/wp-json\/wp\/v2\/media\/4601"}],"wp:attachment":[{"href":"https:\/\/compraencieza.es\/en\/wp-json\/wp\/v2\/media?parent=5652"}],"wp:term":[{"taxonomy":"product_cat","embeddable":true,"href":"https:\/\/compraencieza.es\/en\/wp-json\/wp\/v2\/product_cat?post=5652"},{"taxonomy":"product_tag","embeddable":true,"href":"https:\/\/compraencieza.es\/en\/wp-json\/wp\/v2\/product_tag?post=5652"},{"taxonomy":"product_brand","embeddable":true,"href":"https:\/\/compraencieza.es\/en\/wp-json\/wp\/v2\/genre?post=5652"}],"curies":[{"name":"wp","href":"https:\/\/api.w.org\/{rel}","templated":true}]}}