{"id":5654,"date":"2025-01-09T17:09:31","date_gmt":"2025-01-09T16:09:31","guid":{"rendered":"https:\/\/compraencieza.es\/?post_type=product&#038;p=5654"},"modified":"2025-01-09T17:25:19","modified_gmt":"2025-01-09T16:25:19","slug":"bebida-de-avena-sin-gluten-1l","status":"publish","type":"product","link":"https:\/\/compraencieza.es\/en\/product\/bebida-de-avena-sin-gluten-1l\/","title":{"rendered":"Gluten Free Oat Drink 1L"},"content":{"rendered":"<p>INGREDIENTS:<br \/>\nAgua, AVENA* (14%), sal. SIN GLUTEN<br \/>\n*Procedentes de la agricultura ecol\u00f3gica.<\/p>\n<p>VALOR NUTRICIONAL POR 100 g<br \/>\nValor energetico&#8230;&#8230;&#8230; 208 KJ \/ 49 Kcal<br \/>\nGrasas&#8230;&#8230;&#8230;&#8230;&#8230;&#8230;&#8230;. 0,6 g de las cuales saturadas 0,1 g<br \/>\nHidratos de carbono&#8230; 9,8 g de los cuales azucares 4,4 g<br \/>\nProteinas &#8230;&#8230;&#8230;&#8230;&#8230;&#8230; 1 g<br \/>\nSal &#8230;&#8230;&#8230;&#8230;&#8230;&#8230;&#8230;&#8230;.. 0,3 g<\/p>\n<p>INDICATIONS:<br \/>\nBebida de Avena 100% vegetal, ligera y nutritiva, excelente para aquellas personas que deseen cuidarse e ir bajando de peso. Tomarla por las ma\u00f1anas es ideal para obtener una buena raci\u00f3n de energ\u00eda sin nada de grasas.<\/p>\n<p><strong>ALERGENOS:<\/strong><br \/>\n<strong>SIN GLUTEN<\/strong><\/p>\n<p>DIRECTIONS FOR USE:<br \/>\nAg\u00edtese antes de usar.<br \/>\nIdeal tanto para tomar como bebida en forma liquida, mezclada con muesli, s\u00ed como para cocinar y preparar deliciosos postres.<\/p>\n<p>PRESENTATION:<br \/>\nEnvase de 1 L<\/p>\n<p>ADVERTENCIAS:<br \/>\nConservar en lugar fresco y seco, una vez abierto conservar en frigor\u00edfico y consumir en 4 dias.<\/p>","protected":false},"excerpt":{"rendered":"<h5>Deliciosa bebida de avena sin gluten de Riso Scotti. Ideal para desayunos, cocinar y para dietas pensadas en la p\u00e9rdida de peso.<\/h5>","protected":false},"featured_media":4603,"comment_status":"open","ping_status":"closed","template":"","meta":{"_acf_changed":false,"inline_featured_image":false},"product_cat":[95],"product_tag":[1819,1338,1820,1339,1821,133,1822,1795,1796,1797,762,1633,1798,1805,556,1806,180,1808,766,346,161,1813,1823,1824,384,355,1825,777],"genre":[],"class_list":{"0":"post-5654","1":"product","2":"type-product","3":"status-publish","4":"has-post-thumbnail","6":"product_cat-alimentacion","7":"product_tag-abena","8":"product_tag-alimentacion","9":"product_tag-avena","10":"product_tag-azucar","11":"product_tag-bebida","12":"product_tag-bio","13":"product_tag-biologico","14":"product_tag-bpa","15":"product_tag-celiaco","16":"product_tag-celiacos","17":"product_tag-chocolate","18":"product_tag-colorantes","19":"product_tag-conservantes","20":"product_tag-eco","21":"product_tag-ecologico","22":"product_tag-edulcorantes","23":"product_tag-fibra","24":"product_tag-fruta","25":"product_tag-frutos","26":"product_tag-gluten","27":"product_tag-leche","28":"product_tag-natrual","29":"product_tag-riso","30":"product_tag-scotti","31":"product_tag-secos","32":"product_tag-sin","33":"product_tag-vegano","34":"product_tag-vegetal","36":"first","37":"instock","38":"taxable","39":"shipping-taxable","40":"purchasable","41":"product-type-simple","42":"add-to-wishlist-after_add_to_cart"},"acf":[],"_links":{"self":[{"href":"https:\/\/compraencieza.es\/en\/wp-json\/wp\/v2\/product\/5654","targetHints":{"allow":["GET"]}}],"collection":[{"href":"https:\/\/compraencieza.es\/en\/wp-json\/wp\/v2\/product"}],"about":[{"href":"https:\/\/compraencieza.es\/en\/wp-json\/wp\/v2\/types\/product"}],"replies":[{"embeddable":true,"href":"https:\/\/compraencieza.es\/en\/wp-json\/wp\/v2\/comments?post=5654"}],"wp:featuredmedia":[{"embeddable":true,"href":"https:\/\/compraencieza.es\/en\/wp-json\/wp\/v2\/media\/4603"}],"wp:attachment":[{"href":"https:\/\/compraencieza.es\/en\/wp-json\/wp\/v2\/media?parent=5654"}],"wp:term":[{"taxonomy":"product_cat","embeddable":true,"href":"https:\/\/compraencieza.es\/en\/wp-json\/wp\/v2\/product_cat?post=5654"},{"taxonomy":"product_tag","embeddable":true,"href":"https:\/\/compraencieza.es\/en\/wp-json\/wp\/v2\/product_tag?post=5654"},{"taxonomy":"product_brand","embeddable":true,"href":"https:\/\/compraencieza.es\/en\/wp-json\/wp\/v2\/genre?post=5654"}],"curies":[{"name":"wp","href":"https:\/\/api.w.org\/{rel}","templated":true}]}}