{"id":5657,"date":"2025-01-09T17:09:35","date_gmt":"2025-01-09T16:09:35","guid":{"rendered":"https:\/\/compraencieza.es\/?post_type=product&#038;p=5657"},"modified":"2025-01-09T17:25:18","modified_gmt":"2025-01-09T16:25:18","slug":"pediasure-drink-chocolate-4x200ml","status":"publish","type":"product","link":"https:\/\/compraencieza.es\/en\/product\/pediasure-drink-chocolate-4x200ml\/","title":{"rendered":"Pediasure Drink Chocolate 4x200ml"},"content":{"rendered":"<p>Un complemento alimenticio para ni\u00f1os a partir de 1 a\u00f1o con prote\u00ednas, 27 vitaminas y minerales, para ayudarles a crecer fuertes y sanos . PediaSure<sup><small>\u00ae<\/small><\/sup> ayuda a sus defensas gracias a su contenido en Vitamina D, que contribuye al buen funcionamiento del sistema inmunitario de los ni\u00f1os. Adem\u00e1s, el hierro ayuda a su desarrollo cognitivo.<\/p>\n<p>Los \u00e1cidos grasos esenciales son necesarios para el crecimiento y el desarrollo normales de los ni\u00f1os. Este efecto beneficioso se obtiene con una ingesta diaria de 2 g de \u00e1cido a-linol\u00e9nico (ALA) y 10 g de \u00e1cido linoleico (LA).<\/p>\n<p>El hierro contribuye al desarrollo cognitivo normal de los ni\u00f1os.<\/p>\n<p>Es muy importante mantener una dieta variada y equilibrada acompa\u00f1ada de un estilo de vida saludable.<\/p>\n<p>&nbsp;<\/p>\n<p>BENEFICIOS:<\/p>\n<p>-Ayuda al crecimiento.<\/p>\n<p>-Ayuda a las defensas.<\/p>\n<p>-Aliado nutricional para que lo combines con distintas comidas y aprenda a comer variado.<\/p>\n<p>-Apoya su atenci\u00f3n y memoria.<\/p>\n<p>&nbsp;<\/p>\n<p>INGREDIENTS:<\/p>\n<p>NO CONTIENE GLUTEN.<\/p>\n<p>Agua, maltodextrina, sacarosa, aceites vegetales (canola, ma\u00edz, MCT de aceite de palmiste), concentrado de prote\u00ednas de la\u00a0<em><strong>leche,<\/strong><\/em>\u00a0FOS<sup>1<\/sup>, cacao en polvo, aislado de prote\u00edna de\u00a0<em><strong>soja<\/strong><\/em>, minerales (cloruro pot\u00e1sico, fosfato dib\u00e1sico de potasio, fosfato de calcio trib\u00e1sico, citrato s\u00f3dico, fosfato dib\u00e1sico de magnesio, sulfato ferroso, sulfato de zinc, citrato pot\u00e1sico, sulfato de manganeso, sulfato c\u00faprico, yoduro pot\u00e1sico, molibdato s\u00f3dico, cloruro de cromo, selenato s\u00f3dico), aroma (prote\u00edna de\u00a0<em><strong>leche<\/strong><\/em>), emulgentes (E471, lecitina de\u00a0<em><strong>soja<\/strong><\/em>), bitartrato de colina, estabilizante (E415), vitaminas (C, niacinamida, E, pantotenato c\u00e1lcico, B1, B2, B6, palmitato de vitamina A, acido f\u00f3lico, biotina, K1, D3, B12), DHA<sup>2<\/sup>\u00a0de aceite de\u00a0<em>C. Cohnii,<\/em>\u00a0mioinositol, taurina.<\/p>\n<p>1 Fructooligosac\u00e1ridos<\/p>\n<p>2 \u00c1cido docosahexanoico<\/p>\n<p>&nbsp;<\/p>\n<p><strong>Advertencia de al\u00e9rgenos:<\/strong><\/p>\n<p>PediaSure contiene soja y prote\u00ednas de leche.<\/p>\n<p>NO APTO PARA NI\u00d1OS CON GALACTOSEMIA.<\/p>","protected":false},"excerpt":{"rendered":"<h5>Pediasure drink es ideal para el desayuno y merienda de tu peque adem\u00e1s ayuda a su crecimiento, defensas, atenci\u00f3n y memoria.<\/h5>\n<h5>Agita bien la botella y \u00a1listo! Se puede tomar fr\u00edo<br \/>\no a temperatura ambiente. SIN GLUTEN.<\/h5>","protected":false},"featured_media":4606,"comment_status":"open","ping_status":"closed","template":"","meta":{"_acf_changed":false,"inline_featured_image":false},"product_cat":[105],"product_tag":[1338,1339,1821,133,1822,1795,1796,1797,762,1633,1798,1829,1805,556,1806,180,1808,766,346,1830,1831,161,1813,1832,384,355,1825,777],"genre":[],"class_list":{"0":"post-5657","1":"product","2":"type-product","3":"status-publish","4":"has-post-thumbnail","6":"product_cat-salud","7":"product_tag-alimentacion","8":"product_tag-azucar","9":"product_tag-bebida","10":"product_tag-bio","11":"product_tag-biologico","12":"product_tag-bpa","13":"product_tag-celiaco","14":"product_tag-celiacos","15":"product_tag-chocolate","16":"product_tag-colorantes","17":"product_tag-conservantes","18":"product_tag-drink","19":"product_tag-eco","20":"product_tag-ecologico","21":"product_tag-edulcorantes","22":"product_tag-fibra","23":"product_tag-fruta","24":"product_tag-frutos","25":"product_tag-gluten","26":"product_tag-inmune","27":"product_tag-inmunitario","28":"product_tag-leche","29":"product_tag-natrual","30":"product_tag-pediasure","31":"product_tag-secos","32":"product_tag-sin","33":"product_tag-vegano","34":"product_tag-vegetal","36":"first","37":"instock","38":"taxable","39":"shipping-taxable","40":"purchasable","41":"product-type-simple","42":"add-to-wishlist-after_add_to_cart"},"acf":[],"_links":{"self":[{"href":"https:\/\/compraencieza.es\/en\/wp-json\/wp\/v2\/product\/5657","targetHints":{"allow":["GET"]}}],"collection":[{"href":"https:\/\/compraencieza.es\/en\/wp-json\/wp\/v2\/product"}],"about":[{"href":"https:\/\/compraencieza.es\/en\/wp-json\/wp\/v2\/types\/product"}],"replies":[{"embeddable":true,"href":"https:\/\/compraencieza.es\/en\/wp-json\/wp\/v2\/comments?post=5657"}],"wp:featuredmedia":[{"embeddable":true,"href":"https:\/\/compraencieza.es\/en\/wp-json\/wp\/v2\/media\/4606"}],"wp:attachment":[{"href":"https:\/\/compraencieza.es\/en\/wp-json\/wp\/v2\/media?parent=5657"}],"wp:term":[{"taxonomy":"product_cat","embeddable":true,"href":"https:\/\/compraencieza.es\/en\/wp-json\/wp\/v2\/product_cat?post=5657"},{"taxonomy":"product_tag","embeddable":true,"href":"https:\/\/compraencieza.es\/en\/wp-json\/wp\/v2\/product_tag?post=5657"},{"taxonomy":"product_brand","embeddable":true,"href":"https:\/\/compraencieza.es\/en\/wp-json\/wp\/v2\/genre?post=5657"}],"curies":[{"name":"wp","href":"https:\/\/api.w.org\/{rel}","templated":true}]}}