{"id":5670,"date":"2025-01-09T17:09:35","date_gmt":"2025-01-09T16:09:35","guid":{"rendered":"https:\/\/compraencieza.es\/?post_type=product&#038;p=5670"},"modified":"2025-01-09T17:25:18","modified_gmt":"2025-01-09T16:25:18","slug":"barquillos-rellenos-de-frambuesa-100g","status":"publish","type":"product","link":"https:\/\/compraencieza.es\/en\/product\/barquillos-rellenos-de-frambuesa-100g\/","title":{"rendered":"Raspberry filled wafers 100g"},"content":{"rendered":"<p>INGREDIENTS:<br \/>\nHarina de trigo, edulcorantes (malltitol y sucralosa), grasa vegetal (palma), frambuesa deshidratada (2%), emulgente (lecitina de soja), gasificantes (bicarbonato s\u00f3dico y carbonato de magnesio) y aroma.<\/p>\n<p>VALOR NUTRICIONAL POR 100 g<br \/>\nValor energetico&#8230;&#8230;&#8230; 1952 kj \/ 469 Kcal<br \/>\nGrasas&#8230;&#8230;&#8230;&#8230;&#8230;&#8230;&#8230;. 28,2 g de las cuales saturadas 13,5g<br \/>\nHidratos de carbono&#8230; 63,4 g de los cuales azucares 1,2g<br \/>\nPolialcoholes&#8230;&#8230;&#8230;&#8230;. 34 g<br \/>\nFibra alimentaria&#8230;&#8230;.. 1,2 g<br \/>\nProteinas &#8230;&#8230;&#8230;&#8230;&#8230;.. 3,5 g<br \/>\nSal &#8230;&#8230;&#8230;&#8230;&#8230;&#8230;&#8230;&#8230;. 0,0 g<\/p>\n<p>INDICATIONS:<br \/>\nDeliciosos y ligeros barquillos rellenos elaborados con delicadas capas de crujiente oblea y suave relleno de crema de frambuesas.<br \/>\n\u2022<strong> No contienen az\u00facares a\u00f1adidos<\/strong><br \/>\n\u2022 Su sabor dulce lo proporcionan los edulcorantes (maltitol y sucralosa)<br \/>\n\u2022 No contiene sal y sus ingredientes son muy bajos en sodio.<br \/>\n\u2022 Son aptos para vegetarianos<\/p>\n<p><strong>ALERGENOS:<\/strong><br \/>\n<strong>Contiene gluten<\/strong><\/p>\n<p>DIRECTIONS FOR USE:<br \/>\nEn desayuno, meriendas, tentenpie, como acompa\u00f1amiento de helados o postres lacteos.<\/p>\n<p>PRESENTATION:<br \/>\nPaquete de 100g<\/p>\n<p>ADVERTENCIAS:<br \/>\nConservar en lugar fresco y seco, cerrando bien el paquete una vez abierto.<\/p>","protected":false},"excerpt":{"rendered":"<h5>Acompa\u00f1a tu desayuno, caf\u00e9 o postre con \u00e9sta deliciosa gallega oblea rellena de crema de frambuesa.<\/h5>\n<h5>Sin az\u00facares a\u00f1adidos.<\/h5>\n<h5>Suitable for vegans.<\/h5>","protected":false},"featured_media":4620,"comment_status":"open","ping_status":"closed","template":"","meta":{"_acf_changed":false,"inline_featured_image":false},"product_cat":[95],"product_tag":[1338,1339,1838,1821,133,1822,1795,1796,1797,762,1633,1798,139,1805,556,1806,180,1839,1840,1808,766,346,143,161,1813,1841,384,355,1825,777],"genre":[],"class_list":{"0":"post-5670","1":"product","2":"type-product","3":"status-publish","4":"has-post-thumbnail","6":"product_cat-alimentacion","7":"product_tag-alimentacion","8":"product_tag-azucar","9":"product_tag-barquillos","10":"product_tag-bebida","11":"product_tag-bio","12":"product_tag-biologico","13":"product_tag-bpa","14":"product_tag-celiaco","15":"product_tag-celiacos","16":"product_tag-chocolate","17":"product_tag-colorantes","18":"product_tag-conservantes","19":"product_tag-crema","20":"product_tag-eco","21":"product_tag-ecologico","22":"product_tag-edulcorantes","23":"product_tag-fibra","24":"product_tag-frambuesa","25":"product_tag-frambuesas","26":"product_tag-fruta","27":"product_tag-frutos","28":"product_tag-gluten","29":"product_tag-grasa","30":"product_tag-leche","31":"product_tag-natrual","32":"product_tag-oblea","33":"product_tag-secos","34":"product_tag-sin","35":"product_tag-vegano","36":"product_tag-vegetal","38":"first","39":"instock","40":"taxable","41":"shipping-taxable","42":"purchasable","43":"product-type-simple","44":"add-to-wishlist-after_add_to_cart"},"acf":[],"_links":{"self":[{"href":"https:\/\/compraencieza.es\/en\/wp-json\/wp\/v2\/product\/5670","targetHints":{"allow":["GET"]}}],"collection":[{"href":"https:\/\/compraencieza.es\/en\/wp-json\/wp\/v2\/product"}],"about":[{"href":"https:\/\/compraencieza.es\/en\/wp-json\/wp\/v2\/types\/product"}],"replies":[{"embeddable":true,"href":"https:\/\/compraencieza.es\/en\/wp-json\/wp\/v2\/comments?post=5670"}],"wp:featuredmedia":[{"embeddable":true,"href":"https:\/\/compraencieza.es\/en\/wp-json\/wp\/v2\/media\/4620"}],"wp:attachment":[{"href":"https:\/\/compraencieza.es\/en\/wp-json\/wp\/v2\/media?parent=5670"}],"wp:term":[{"taxonomy":"product_cat","embeddable":true,"href":"https:\/\/compraencieza.es\/en\/wp-json\/wp\/v2\/product_cat?post=5670"},{"taxonomy":"product_tag","embeddable":true,"href":"https:\/\/compraencieza.es\/en\/wp-json\/wp\/v2\/product_tag?post=5670"},{"taxonomy":"product_brand","embeddable":true,"href":"https:\/\/compraencieza.es\/en\/wp-json\/wp\/v2\/genre?post=5670"}],"curies":[{"name":"wp","href":"https:\/\/api.w.org\/{rel}","templated":true}]}}