{"id":5671,"date":"2025-01-09T17:09:35","date_gmt":"2025-01-09T16:09:35","guid":{"rendered":"https:\/\/compraencieza.es\/?post_type=product&#038;p=5671"},"modified":"2025-01-09T17:25:18","modified_gmt":"2025-01-09T16:25:18","slug":"lima-de-unas-fibra-de-vidrio","status":"publish","type":"product","link":"https:\/\/compraencieza.es\/en\/product\/lima-de-unas-fibra-de-vidrio\/","title":{"rendered":"Nail File \u2013 Fiberglass"},"content":{"rendered":"<p>Indicada para las u\u00f1as de manos y pies, lima por el lado de grano medio (180) y perfila el contorno por el lado de grano fino (220).<\/p>\n<p>Un n\u00famero alto de grit (280-220) significa que est\u00e1 compuesta por muchos granos pero muy peque\u00f1os, por lo que el limado es m\u00e1s suave. Y un n\u00famero bajo de grit (120-180), indica que el grano es m\u00e1s grueso, recomendable para acortar o realizar el limado inicial.<\/p>","protected":false},"excerpt":{"rendered":"<h5>Indicad para acortar, dar forma y pulir las u\u00f1as de mayor dureza.<\/h5>\n<h5>Lima por el lado de grano extra grueso y perfila el contorno por el lado de grano grueso.<\/h5>\n<h5>Lima siguiendo la forma natural de tus u\u00f1as y siempre en la misma direcci\u00f3n.<\/h5>","protected":false},"featured_media":4621,"comment_status":"open","ping_status":"closed","template":"","meta":{"_acf_changed":false,"inline_featured_image":false},"product_cat":[106],"product_tag":[1842,1205,1843,1844,1845,176,1846,1847,1367,1848,1370,1849,180,1850,1851,1852,1853,1854,182,1855,1856,1593,216,1857,623,1858,337,191],"genre":[],"class_list":{"0":"post-5671","1":"product","2":"type-product","3":"status-publish","4":"has-post-thumbnail","6":"product_cat-belleza","7":"product_tag-1842","8":"product_tag-1205","9":"product_tag-acorta","10":"product_tag-acortar","11":"product_tag-amazon","12":"product_tag-beter","13":"product_tag-better","14":"product_tag-contorno","15":"product_tag-dalia","16":"product_tag-dureza","17":"product_tag-eterna","18":"product_tag-extra","19":"product_tag-fibra","20":"product_tag-forma","21":"product_tag-grano","22":"product_tag-granos","23":"product_tag-grueso","24":"product_tag-la","25":"product_tag-lima","26":"product_tag-limado","27":"product_tag-manos","28":"product_tag-mejor","29":"product_tag-natural","30":"product_tag-pequenos","31":"product_tag-pies","32":"product_tag-pulir","33":"product_tag-suave","34":"product_tag-vidrio","36":"first","37":"instock","38":"taxable","39":"shipping-taxable","40":"purchasable","41":"product-type-simple","42":"add-to-wishlist-after_add_to_cart"},"acf":[],"_links":{"self":[{"href":"https:\/\/compraencieza.es\/en\/wp-json\/wp\/v2\/product\/5671","targetHints":{"allow":["GET"]}}],"collection":[{"href":"https:\/\/compraencieza.es\/en\/wp-json\/wp\/v2\/product"}],"about":[{"href":"https:\/\/compraencieza.es\/en\/wp-json\/wp\/v2\/types\/product"}],"replies":[{"embeddable":true,"href":"https:\/\/compraencieza.es\/en\/wp-json\/wp\/v2\/comments?post=5671"}],"wp:featuredmedia":[{"embeddable":true,"href":"https:\/\/compraencieza.es\/en\/wp-json\/wp\/v2\/media\/4621"}],"wp:attachment":[{"href":"https:\/\/compraencieza.es\/en\/wp-json\/wp\/v2\/media?parent=5671"}],"wp:term":[{"taxonomy":"product_cat","embeddable":true,"href":"https:\/\/compraencieza.es\/en\/wp-json\/wp\/v2\/product_cat?post=5671"},{"taxonomy":"product_tag","embeddable":true,"href":"https:\/\/compraencieza.es\/en\/wp-json\/wp\/v2\/product_tag?post=5671"},{"taxonomy":"product_brand","embeddable":true,"href":"https:\/\/compraencieza.es\/en\/wp-json\/wp\/v2\/genre?post=5671"}],"curies":[{"name":"wp","href":"https:\/\/api.w.org\/{rel}","templated":true}]}}