{"id":5672,"date":"2025-01-09T17:09:35","date_gmt":"2025-01-09T16:09:35","guid":{"rendered":"https:\/\/compraencieza.es\/?post_type=product&#038;p=5672"},"modified":"2025-01-09T17:25:18","modified_gmt":"2025-01-09T16:25:18","slug":"te-verde-100g-thea-sinensis","status":"publish","type":"product","link":"https:\/\/compraencieza.es\/en\/product\/te-verde-100g-thea-sinensis\/","title":{"rendered":"T\u00e9 Verde 100g Thea Sinensis"},"content":{"rendered":"<p>Posee un alto contenido en flavonoides, que es un componente antioxidante.<br \/>\nEs estimulante del sistema nervioso por su contenido en te\u00edna. Ayuda a personas con problemas de retenci\u00f3n de l\u00edquidos por su propiedad diur\u00e9tica.<br \/>\nParticipa en dietas de adelgazamiento ayudando a quemar calor\u00edas. Ayuda a reducir los niveles de colesterol y triglic\u00e9ridos. Ayuda a mantener los niveles correctos de az\u00facar en sangre.<\/p>\n<p>Modo de empleo recomendado para infusiones:<\/p>\n<p>Verter el contenido de una cucharada sopera en agua hirviendo y apartar del fuego. Tapar el recipiente y dejar reposar de 8 a 10 minutos. Si son raices, cortezas o semillas, hervir a fuego lento de 2 a 4 minutos. Colar y endulzar al gusto.<\/p>\n<p><strong>Sin gluten, huevo ni lactosa.<\/strong><\/p>\n<p><strong>Apto para Diab\u00e9ticos.<\/strong><\/p>\n<p><strong>Apto para Veganos.<\/strong><\/p>","protected":false},"excerpt":{"rendered":"<p><strong>Especialmente recomendado a personas amantes del t\u00e9 con retenci\u00f3n de l\u00edquidos y dietas adelgazantes.<\/strong><\/p>\n<p><strong>Regula los niveles de colesterol y glucosa en sangre.<\/strong><\/p>","protected":false},"featured_media":4654,"comment_status":"open","ping_status":"closed","template":"","meta":{"_acf_changed":false,"inline_featured_image":false},"product_cat":[105],"product_tag":[725,726,1339,1859,958,1860,1342,1861,287,1349,346,1862,1863,1240,538,767,216,1864,1329,1865,968,740,568,741,1866,1867,1202,1868,1336,236,1869],"genre":[],"class_list":{"0":"post-5672","1":"product","2":"type-product","3":"status-publish","4":"has-post-thumbnail","6":"product_cat-salud","7":"product_tag-adelgazante","8":"product_tag-adelgazar","9":"product_tag-azucar","10":"product_tag-bajar","11":"product_tag-colesterol","12":"product_tag-cortezas","13":"product_tag-diabetico","14":"product_tag-diabeticos","15":"product_tag-filtro","16":"product_tag-glucosa","17":"product_tag-gluten","18":"product_tag-hirviendo","19":"product_tag-huevo","20":"product_tag-infusion","21":"product_tag-lactosa","22":"product_tag-liquidos","23":"product_tag-natural","24":"product_tag-naturatal","25":"product_tag-naturcid","26":"product_tag-nivel","27":"product_tag-niveles","28":"product_tag-perder","29":"product_tag-perdida","30":"product_tag-peso","31":"product_tag-plameca","32":"product_tag-raices","33":"product_tag-retencion","34":"product_tag-semillas","35":"product_tag-taza","36":"product_tag-te","37":"product_tag-teina","39":"first","40":"instock","41":"taxable","42":"shipping-taxable","43":"purchasable","44":"product-type-simple","45":"add-to-wishlist-after_add_to_cart"},"acf":[],"_links":{"self":[{"href":"https:\/\/compraencieza.es\/en\/wp-json\/wp\/v2\/product\/5672","targetHints":{"allow":["GET"]}}],"collection":[{"href":"https:\/\/compraencieza.es\/en\/wp-json\/wp\/v2\/product"}],"about":[{"href":"https:\/\/compraencieza.es\/en\/wp-json\/wp\/v2\/types\/product"}],"replies":[{"embeddable":true,"href":"https:\/\/compraencieza.es\/en\/wp-json\/wp\/v2\/comments?post=5672"}],"wp:featuredmedia":[{"embeddable":true,"href":"https:\/\/compraencieza.es\/en\/wp-json\/wp\/v2\/media\/4654"}],"wp:attachment":[{"href":"https:\/\/compraencieza.es\/en\/wp-json\/wp\/v2\/media?parent=5672"}],"wp:term":[{"taxonomy":"product_cat","embeddable":true,"href":"https:\/\/compraencieza.es\/en\/wp-json\/wp\/v2\/product_cat?post=5672"},{"taxonomy":"product_tag","embeddable":true,"href":"https:\/\/compraencieza.es\/en\/wp-json\/wp\/v2\/product_tag?post=5672"},{"taxonomy":"product_brand","embeddable":true,"href":"https:\/\/compraencieza.es\/en\/wp-json\/wp\/v2\/genre?post=5672"}],"curies":[{"name":"wp","href":"https:\/\/api.w.org\/{rel}","templated":true}]}}