{"id":5675,"date":"2025-01-09T17:09:35","date_gmt":"2025-01-09T16:09:35","guid":{"rendered":"https:\/\/compraencieza.es\/?post_type=product&#038;p=5675"},"modified":"2025-01-09T17:25:19","modified_gmt":"2025-01-09T16:25:19","slug":"infusion-de-frutos-rojos-agua-fria","status":"publish","type":"product","link":"https:\/\/compraencieza.es\/en\/product\/infusion-de-frutos-rojos-agua-fria\/","title":{"rendered":"Infusi\u00f3n de Frutos Rojos &#8211; Agua Fr\u00eda"},"content":{"rendered":"<h3>Dulce y afrutado. \u00a1Refresco natural y dulce sin az\u00facar!<\/h3>\n<p>Prueba la <strong>nueva Infusi\u00f3n de Frutos Rojos<\/strong>\u00a0con un delicioso sabor a piruleta y\u00a0<strong>sin te\u00edna<\/strong>, para toda la familia. Perfecta para disfrutar con hielo, es una opci\u00f3n refrescante y saludable. \u00a1D\u00e9jate sorprender por su sabor!<\/p>\n<p><strong>INGREDIENTES<\/strong><\/p>\n<p>Hibisco (<em>Hibiscus sabdariffa<\/em>\u00a0<em>L.<\/em>, flor), escaramujo (<em>Rosa canina<\/em>\u00a0<em>L.<\/em>, fruto), aromas, rooibos (<em>Aspalatgus linearis<\/em>, hojas), naranja dulce (<em>Citrus sinensis<\/em>, hoja), 5% frutos rojos: frambuesa (<em>Rubus idaeus<\/em>\u00a0<em>L.<\/em>, fruto), fresa (<em>Fragaria vesca L.<\/em>, fruto), cereza (<em>Prunus avium L.<\/em>, fruto). Oirigen Rooibos: Sud\u00e1frica.<\/p>\n<p>Esta infusi\u00f3n no lleva az\u00facar a\u00f1adido; pero tampoco lo requiere por su sabor dulce.<\/p>","protected":false},"excerpt":{"rendered":"<h3>Dulce y afrutado. \u00a1Refresco natural y dulce sin az\u00facar!<\/h3>\n<p>Prueba la <strong>nueva Infusi\u00f3n de Frutos Rojos<\/strong>\u00a0con un delicioso sabor a piruleta y\u00a0<strong>sin te\u00edna<\/strong>, para toda la familia. Perfecta para disfrutar con hielo, es una opci\u00f3n refrescante y saludable. \u00a1D\u00e9jate sorprender por su sabor!<\/p>","protected":false},"featured_media":4657,"comment_status":"open","ping_status":"closed","template":"","meta":{"_acf_changed":false,"inline_featured_image":false},"product_cat":[105],"product_tag":[725,726,1209,1887,1339,1859,133,1797,1860,1861,287,1888,1889,1890,346,1891,1863,1240,538,767,864,216,1864,1329,740,568,741,1866,1892,1867,1202,1868,642,1336,236,1869,1825,1893,1894],"genre":[],"class_list":{"0":"post-5675","1":"product","2":"type-product","3":"status-publish","4":"has-post-thumbnail","6":"product_cat-salud","7":"product_tag-adelgazante","8":"product_tag-adelgazar","9":"product_tag-agua","10":"product_tag-agua-fria","11":"product_tag-azucar","12":"product_tag-bajar","13":"product_tag-bio","14":"product_tag-celiacos","15":"product_tag-cortezas","16":"product_tag-diabeticos","17":"product_tag-filtro","18":"product_tag-fria","19":"product_tag-frutos-rojos","20":"product_tag-fuego","21":"product_tag-gluten","22":"product_tag-hervir","23":"product_tag-huevo","24":"product_tag-infusion","25":"product_tag-lactosa","26":"product_tag-liquidos","27":"product_tag-magnesio","28":"product_tag-natural","29":"product_tag-naturatal","30":"product_tag-naturcid","31":"product_tag-perder","32":"product_tag-perdida","33":"product_tag-peso","34":"product_tag-plameca","35":"product_tag-pompadour","36":"product_tag-raices","37":"product_tag-retencion","38":"product_tag-semillas","39":"product_tag-sport","40":"product_tag-taza","41":"product_tag-te","42":"product_tag-teina","43":"product_tag-vegano","44":"product_tag-veganos","45":"product_tag-vegetariano","47":"first","48":"instock","49":"taxable","50":"shipping-taxable","51":"purchasable","52":"product-type-simple","53":"add-to-wishlist-after_add_to_cart"},"acf":[],"_links":{"self":[{"href":"https:\/\/compraencieza.es\/en\/wp-json\/wp\/v2\/product\/5675","targetHints":{"allow":["GET"]}}],"collection":[{"href":"https:\/\/compraencieza.es\/en\/wp-json\/wp\/v2\/product"}],"about":[{"href":"https:\/\/compraencieza.es\/en\/wp-json\/wp\/v2\/types\/product"}],"replies":[{"embeddable":true,"href":"https:\/\/compraencieza.es\/en\/wp-json\/wp\/v2\/comments?post=5675"}],"wp:featuredmedia":[{"embeddable":true,"href":"https:\/\/compraencieza.es\/en\/wp-json\/wp\/v2\/media\/4657"}],"wp:attachment":[{"href":"https:\/\/compraencieza.es\/en\/wp-json\/wp\/v2\/media?parent=5675"}],"wp:term":[{"taxonomy":"product_cat","embeddable":true,"href":"https:\/\/compraencieza.es\/en\/wp-json\/wp\/v2\/product_cat?post=5675"},{"taxonomy":"product_tag","embeddable":true,"href":"https:\/\/compraencieza.es\/en\/wp-json\/wp\/v2\/product_tag?post=5675"},{"taxonomy":"product_brand","embeddable":true,"href":"https:\/\/compraencieza.es\/en\/wp-json\/wp\/v2\/genre?post=5675"}],"curies":[{"name":"wp","href":"https:\/\/api.w.org\/{rel}","templated":true}]}}